{"id":144,"date":"2015-05-22T20:24:56","date_gmt":"2015-05-23T01:24:56","guid":{"rendered":"http:\/\/estudiosgenealogicos.org\/bilylopez\/?page_id=144"},"modified":"2015-05-22T20:24:56","modified_gmt":"2015-05-23T01:24:56","slug":"lista-de-estudiantes-que-pueden-presentar-trabajo-final-para-filosofia-del-lenguaje","status":"publish","type":"page","link":"https:\/\/estudiosgenealogicos.org\/bilylopez\/lista-de-estudiantes-que-pueden-presentar-trabajo-final-para-filosofia-del-lenguaje\/","title":{"rendered":"Lista de estudiantes (que pueden presentar trabajo final para filosof\u00eda del lenguaje)"},"content":{"rendered":"<table width=\"312\" border=\"1\" cellspacing=\"0\" cellpadding=\"0\">\n<tbody>\n<tr>\n<td valign=\"top\" width=\"212\"><b>Nombre<\/b><\/td>\n<td valign=\"top\" width=\"99\"><b>Estatus<\/b><\/td>\n<\/tr>\n<tr>\n<td valign=\"top\" width=\"212\">Amaya Garc\u00eda Lluvia Marisol<\/td>\n<td valign=\"top\" width=\"99\">Ordinario<\/td>\n<\/tr>\n<tr>\n<td valign=\"top\" width=\"212\">Anguiano P\u00e9rez Jorge<\/td>\n<td valign=\"top\" width=\"99\">Ordinario<\/td>\n<\/tr>\n<tr>\n<td valign=\"top\" width=\"212\">Angulo T\u00e9llez Dulce Mar\u00eda<\/td>\n<td valign=\"top\" width=\"99\">Ordinario<\/td>\n<\/tr>\n<tr>\n<td valign=\"top\" width=\"212\">Arias Valdez Diana Elizabeth<\/td>\n<td valign=\"top\" width=\"99\">Ordinario<\/td>\n<\/tr>\n<tr>\n<td valign=\"top\" width=\"212\">Armend\u00e1riz Buenfil Jos\u00e9 \u00c1ngel<\/td>\n<td valign=\"top\" width=\"99\">Ordinario<\/td>\n<\/tr>\n<tr>\n<td valign=\"top\" width=\"212\">Barcelo Nieves Mar\u00eda Pareni<\/td>\n<td valign=\"top\" width=\"99\">Ordinario<\/td>\n<\/tr>\n<tr>\n<td valign=\"top\" width=\"212\">Becerril Becerril Kenia<\/td>\n<td valign=\"top\" width=\"99\">Ordinario<\/td>\n<\/tr>\n<tr>\n<td valign=\"top\" width=\"212\">Belmont Gonz\u00e1lez Mildred Rosario<\/td>\n<td valign=\"top\" width=\"99\">Ordinario<\/td>\n<\/tr>\n<tr>\n<td valign=\"top\" width=\"212\">Bernal Hern\u00e1ndez Luis Gerardo<\/td>\n<td valign=\"top\" width=\"99\">Ordinario<\/td>\n<\/tr>\n<tr>\n<td valign=\"top\" width=\"212\">Casta\u00f1eda Cano Jessica Citlalli<\/td>\n<td valign=\"top\" width=\"99\">Ordinario<\/td>\n<\/tr>\n<tr>\n<td valign=\"top\" width=\"212\">Coria L\u00f3pez Emiliano<\/td>\n<td valign=\"top\" width=\"99\">Ordinario<\/td>\n<\/tr>\n<tr>\n<td valign=\"top\" width=\"212\">Cruz Maya Alejandro<\/td>\n<td valign=\"top\" width=\"99\">Ordinario<\/td>\n<\/tr>\n<tr>\n<td valign=\"top\" width=\"212\">Dom\u00ednguez Padilla Guadalupe<\/td>\n<td valign=\"top\" width=\"99\">Ordinario<\/td>\n<\/tr>\n<tr>\n<td valign=\"top\" width=\"212\">G\u00f3mez Gordillo Leonel<\/td>\n<td valign=\"top\" width=\"99\">Ordinario<\/td>\n<\/tr>\n<tr>\n<td valign=\"top\" width=\"212\">Guarneros Rojas Ver\u00f3nica Jocelyn<\/td>\n<td valign=\"top\" width=\"99\">Ordinario<\/td>\n<\/tr>\n<tr>\n<td valign=\"top\" width=\"212\">Ju\u00e1rez Avena Luis Enrique<\/td>\n<td valign=\"top\" width=\"99\">Ordinario<\/td>\n<\/tr>\n<tr>\n<td valign=\"top\" width=\"212\">L\u00f3pez Ram\u00edrez Raymundo Ulises<\/td>\n<td valign=\"top\" width=\"99\">Ordinario<\/td>\n<\/tr>\n<tr>\n<td valign=\"top\" width=\"212\">L\u00f3pez Rodr\u00edguez Diana Itzel<\/td>\n<td valign=\"top\" width=\"99\">Ordinario<\/td>\n<\/tr>\n<tr>\n<td valign=\"top\" width=\"212\">Lucero Rodr\u00edguez Alaide<\/td>\n<td valign=\"top\" width=\"99\">Ordinario<\/td>\n<\/tr>\n<tr>\n<td valign=\"top\" width=\"212\">Manzanilla Saavedra Rodrigo<\/td>\n<td valign=\"top\" width=\"99\">Ordinario<\/td>\n<\/tr>\n<tr>\n<td valign=\"top\" width=\"212\">Mart\u00ednez del \u00c1ngel Diana Andrea<\/td>\n<td valign=\"top\" width=\"99\">Ordinario<\/td>\n<\/tr>\n<tr>\n<td valign=\"top\" width=\"212\">Miguel Hern\u00e1ndez Eduardo<\/td>\n<td valign=\"top\" width=\"99\">Ordinario<\/td>\n<\/tr>\n<tr>\n<td valign=\"top\" width=\"212\">Mota Gracia Sof\u00eda<\/td>\n<td valign=\"top\" width=\"99\">Ordinario<\/td>\n<\/tr>\n<tr>\n<td valign=\"top\" width=\"212\">Orozco Salazar Carlos<\/td>\n<td valign=\"top\" width=\"99\">Ordinario<\/td>\n<\/tr>\n<tr>\n<td valign=\"top\" width=\"212\">Pineda Anzurez Juan Manuel<\/td>\n<td valign=\"top\" width=\"99\">Ordinario<\/td>\n<\/tr>\n<tr>\n<td valign=\"top\" width=\"212\">Quintana Villalobos Emiliano<\/td>\n<td valign=\"top\" width=\"99\">Ordinario<\/td>\n<\/tr>\n<tr>\n<td valign=\"top\" width=\"212\">Rocha Mijangos Daniel<\/td>\n<td valign=\"top\" width=\"99\">Ordinario<\/td>\n<\/tr>\n<tr>\n<td valign=\"top\" width=\"212\">Rodr\u00edguez Hern\u00e1ndez Monserrat Milagros<\/td>\n<td valign=\"top\" width=\"99\">Ordinario<\/td>\n<\/tr>\n<tr>\n<td valign=\"top\" width=\"212\">Ru\u00edz B\u00e1rcena C\u00e9sar Rub\u00e9n<\/td>\n<td valign=\"top\" width=\"99\">Ordinario<\/td>\n<\/tr>\n<tr>\n<td valign=\"top\" width=\"212\">S\u00e1nchez Baizabal Emma Gabriela<\/td>\n<td valign=\"top\" width=\"99\">Ordinario<\/td>\n<\/tr>\n<tr>\n<td valign=\"top\" width=\"212\">Valdez Coronel Ra\u00fal<\/td>\n<td valign=\"top\" width=\"99\">Ordinario<\/td>\n<\/tr>\n<tr>\n<td valign=\"top\" width=\"212\">Vargas Villalobos Luis Gerardo<\/td>\n<td valign=\"top\" width=\"99\">Ordinario<\/td>\n<\/tr>\n<\/tbody>\n<\/table>\n<table width=\"312\" border=\"1\" cellspacing=\"0\" cellpadding=\"0\">\n<tbody>\n<tr>\n<td valign=\"top\" width=\"213\"><b>Nombre<\/b><\/td>\n<td valign=\"top\" width=\"99\"><b>Estatus<\/b><\/td>\n<\/tr>\n<tr>\n<td valign=\"top\" width=\"213\">Aguado Garc\u00eda Karina Alejandra<b><\/b><\/td>\n<td valign=\"top\" width=\"99\">Extra<b><\/b><\/td>\n<\/tr>\n<tr>\n<td valign=\"top\" width=\"213\">Arcos Camargo Delfino<\/td>\n<td valign=\"top\" width=\"99\">Extra<\/td>\n<\/tr>\n<tr>\n<td valign=\"top\" width=\"213\">Arroyo P\u00e9rez Lorena<\/td>\n<td valign=\"top\" width=\"99\">Extra<\/td>\n<\/tr>\n<tr>\n<td valign=\"top\" width=\"213\">Ayala Cuevas Kevin Cristian<\/td>\n<td valign=\"top\" width=\"99\">Extra<\/td>\n<\/tr>\n<tr>\n<td valign=\"top\" width=\"213\">Buenrostro Valadez Zaira Rebeca<\/td>\n<td valign=\"top\" width=\"99\">Extra<\/td>\n<\/tr>\n<tr>\n<td valign=\"top\" width=\"213\">Delgado Villareal Karla Ang\u00e9lica<\/td>\n<td valign=\"top\" width=\"99\">Extra<\/td>\n<\/tr>\n<tr>\n<td valign=\"top\" width=\"213\">Desentis Torres Jos\u00e9 Luis<\/td>\n<td valign=\"top\" width=\"99\">Extra<\/td>\n<\/tr>\n<tr>\n<td valign=\"top\" width=\"213\">Fabi\u00e1n Cruz Karen<\/td>\n<td valign=\"top\" width=\"99\">Extra<\/td>\n<\/tr>\n<tr>\n<td valign=\"top\" width=\"213\">G\u00e1lvez Valdez Mayra Karen<\/td>\n<td valign=\"top\" width=\"99\">Extra<\/td>\n<\/tr>\n<tr>\n<td valign=\"top\" width=\"213\">Garc\u00e9s de los Reyes Alan<\/td>\n<td valign=\"top\" width=\"99\">Extra<\/td>\n<\/tr>\n<tr>\n<td valign=\"top\" width=\"213\">Garc\u00eda Jim\u00e9nez Javier<\/td>\n<td valign=\"top\" width=\"99\">Extra<\/td>\n<\/tr>\n<tr>\n<td valign=\"top\" width=\"213\">Garibay Rivera Alheli<\/td>\n<td valign=\"top\" width=\"99\">Extra<\/td>\n<\/tr>\n<tr>\n<td valign=\"top\" width=\"213\">Guerra Higuera Melissa<\/td>\n<td valign=\"top\" width=\"99\">Extra<\/td>\n<\/tr>\n<tr>\n<td valign=\"top\" width=\"213\">Hern\u00e1ndez Olvera Juan Manuel<\/td>\n<td valign=\"top\" width=\"99\">Extra<\/td>\n<\/tr>\n<tr>\n<td valign=\"top\" width=\"213\">Ib\u00e1\u00f1ez Mena Fernando<\/td>\n<td valign=\"top\" width=\"99\">Extra<\/td>\n<\/tr>\n<tr>\n<td valign=\"top\" width=\"213\">J. Salazar Gabriela Abigail<\/td>\n<td valign=\"top\" width=\"99\">Extra<\/td>\n<\/tr>\n<tr>\n<td valign=\"top\" width=\"213\">Jim\u00e9nez Villarruel Jessica Edith<\/td>\n<td valign=\"top\" width=\"99\">Extra<\/td>\n<\/tr>\n<tr>\n<td valign=\"top\" width=\"213\">L\u00f3pez Mendoza Estefan\u00eda<\/td>\n<td valign=\"top\" width=\"99\">Extra<\/td>\n<\/tr>\n<tr>\n<td valign=\"top\" width=\"213\">Mart\u00ednez Rivera Zara E.<\/td>\n<td valign=\"top\" width=\"99\">Extra<\/td>\n<\/tr>\n<tr>\n<td valign=\"top\" width=\"213\">Mondrag\u00f3n Vel\u00e1zquez Luis<\/td>\n<td valign=\"top\" width=\"99\">Extra<\/td>\n<\/tr>\n<tr>\n<td valign=\"top\" width=\"213\">Morales Greenham Ladxidu\u00e1<\/td>\n<td valign=\"top\" width=\"99\">Extra<\/td>\n<\/tr>\n<tr>\n<td valign=\"top\" width=\"213\">Ocampo Alarc\u00f3n Rodrigo<\/td>\n<td valign=\"top\" width=\"99\">Extra<\/td>\n<\/tr>\n<tr>\n<td valign=\"top\" width=\"213\">Ocaranza Mart\u00ednez Dominic<\/td>\n<td valign=\"top\" width=\"99\">Extra<\/td>\n<\/tr>\n<tr>\n<td valign=\"top\" width=\"213\">Prado Ibarra Gabriela<\/td>\n<td valign=\"top\" width=\"99\">Extra<\/td>\n<\/tr>\n<tr>\n<td valign=\"top\" width=\"213\">Reyna Flores Alma Isabel<\/td>\n<td valign=\"top\" width=\"99\">Extra<\/td>\n<\/tr>\n<tr>\n<td valign=\"top\" width=\"213\">Rodr\u00edguez Dom\u00ednguez Cristian Abraham<\/td>\n<td valign=\"top\" width=\"99\">Extra<\/td>\n<\/tr>\n<tr>\n<td valign=\"top\" width=\"213\">S\u00e1nchez Arrozena Antonio de Jes\u00fas<\/td>\n<td valign=\"top\" width=\"99\">Extra<\/td>\n<\/tr>\n<tr>\n<td valign=\"top\" width=\"213\">Serrano Pacheco Ricardo<\/td>\n<td valign=\"top\" width=\"99\">Extra<\/td>\n<\/tr>\n<tr>\n<td valign=\"top\" width=\"213\">Tapia Flores H\u00e9ctor Fernando<\/td>\n<td valign=\"top\" width=\"99\">Extra<\/td>\n<\/tr>\n<tr>\n<td valign=\"top\" width=\"213\">Y\u00e1\u00f1ez Z. Ximena<\/td>\n<td valign=\"top\" width=\"99\">Extra<\/td>\n<\/tr>\n<\/tbody>\n<\/table>\n<p>&nbsp;<\/p>\n<p>&nbsp;<\/p>\n<p>&nbsp;<\/p>\n","protected":false},"excerpt":{"rendered":"<p>Nombre Estatus Amaya Garc\u00eda Lluvia Marisol Ordinario Anguiano P\u00e9rez Jorge Ordinario Angulo T\u00e9llez Dulce Mar\u00eda Ordinario Arias Valdez Diana Elizabeth Ordinario Armend\u00e1riz Buenfil Jos\u00e9 \u00c1ngel Ordinario Barcelo Nieves Mar\u00eda Pareni Ordinario Becerril Becerril Kenia Ordinario Belmont Gonz\u00e1lez Mildred Rosario Ordinario &hellip; <a href=\"https:\/\/estudiosgenealogicos.org\/bilylopez\/lista-de-estudiantes-que-pueden-presentar-trabajo-final-para-filosofia-del-lenguaje\/\">Sigue leyendo <span class=\"meta-nav\">&rarr;<\/span><\/a><\/p>\n","protected":false},"author":3,"featured_media":0,"parent":0,"menu_order":0,"comment_status":"open","ping_status":"open","template":"","meta":{"_bbp_topic_count":0,"_bbp_reply_count":0,"_bbp_total_topic_count":0,"_bbp_total_reply_count":0,"_bbp_voice_count":0,"_bbp_anonymous_reply_count":0,"_bbp_topic_count_hidden":0,"_bbp_reply_count_hidden":0,"_bbp_forum_subforum_count":0,"footnotes":""},"class_list":["post-144","page","type-page","status-publish","hentry"],"_links":{"self":[{"href":"https:\/\/estudiosgenealogicos.org\/bilylopez\/wp-json\/wp\/v2\/pages\/144","targetHints":{"allow":["GET"]}}],"collection":[{"href":"https:\/\/estudiosgenealogicos.org\/bilylopez\/wp-json\/wp\/v2\/pages"}],"about":[{"href":"https:\/\/estudiosgenealogicos.org\/bilylopez\/wp-json\/wp\/v2\/types\/page"}],"author":[{"embeddable":true,"href":"https:\/\/estudiosgenealogicos.org\/bilylopez\/wp-json\/wp\/v2\/users\/3"}],"replies":[{"embeddable":true,"href":"https:\/\/estudiosgenealogicos.org\/bilylopez\/wp-json\/wp\/v2\/comments?post=144"}],"version-history":[{"count":1,"href":"https:\/\/estudiosgenealogicos.org\/bilylopez\/wp-json\/wp\/v2\/pages\/144\/revisions"}],"predecessor-version":[{"id":146,"href":"https:\/\/estudiosgenealogicos.org\/bilylopez\/wp-json\/wp\/v2\/pages\/144\/revisions\/146"}],"wp:attachment":[{"href":"https:\/\/estudiosgenealogicos.org\/bilylopez\/wp-json\/wp\/v2\/media?parent=144"}],"curies":[{"name":"wp","href":"https:\/\/api.w.org\/{rel}","templated":true}]}}