{"id":35,"date":"2012-12-07T14:03:45","date_gmt":"2012-12-07T20:03:45","guid":{"rendered":"http:\/\/estudiosgenealogicos.org\/bilylopez\/?page_id=35"},"modified":"2013-02-05T22:28:45","modified_gmt":"2013-02-06T04:28:45","slug":"congresos-y-coloquios","status":"publish","type":"page","link":"https:\/\/estudiosgenealogicos.org\/bilylopez\/congresos-y-coloquios\/","title":{"rendered":"Congresos y coloquios"},"content":{"rendered":"<p style=\"text-align: justify\">Ponente en el <em>Encuentro Regional Interdisciplinario de Estudiantes y Pasantes de Filosof\u00eda \u201cFilosof\u00eda, Pensamiento M\u00edtico y Religioso en el inicio del Nuevo Milenio\u201d<\/em>. T\u00edtulo de la ponencia: \u201cEl sentido del sin-sentido\u201d. Universidad Aut\u00f3noma de Nuevo Le\u00f3n. Monterrey, N.L., 16 de noviembre de 2000.<\/p>\n<p style=\"text-align: justify\">\u00a0Ponente en el coloquio <em>Rumbo al XVIII Congreso Nacional de Estudiantes de Filosof\u00eda, Guadalajara 2001<\/em>. Titulo de la ponencia: \u201cAlgunos l\u00edmites del lenguaje filos\u00f3fico\u201d. Facultad de Filosof\u00eda y Letras, UNAM.\u00a0 M\u00e9xico, D.F., abril de 2001.<\/p>\n<p style=\"text-align: justify\">\u00a0Ponente en el <em>XVIII Encuentro Nacional de Estudiantes y Pasantes de Filosof\u00eda<\/em>. T\u00edtulo de la ponencia: \u201cEl mito y la met\u00e1fora como posibles apertores al pensar y a una nueva praxis\u201d. Universidad de Guadalajara. Guadalajara, Jalisco, 16 de mayo de 2001.<\/p>\n<p style=\"text-align: justify\">\u00a0Ponente en el <em>1er Encuentro Iberoamericano de Estudiantes de Filosof\u00eda: Filosof\u00eda desde la Globalizaci\u00f3n<\/em>. T\u00edtulo de la ponencia: \u201cHegel y Nietzsche: la ontolog\u00eda de la historia\u201d. Facultad de Filosof\u00eda y Letras, UNAM.\u00a0 M\u00e9xico, D.F., 14 de noviembre de 2002.<\/p>\n<p style=\"text-align: justify\">\u00a0Ponente en el <em>XX Encuentro Nacional de Estudiantes y Pasantes de Filosof\u00eda<\/em>. T\u00edtulo de la ponencia: \u201cUn escrito menos sobre Nietzsche: historia y legitimaci\u00f3n\u201d. Benem\u00e9rita Universidad Aut\u00f3noma de Puebla. Puebla, Puebla, 24 de mayo de 2003.<\/p>\n<p style=\"text-align: justify\">\u00a0Ponente en el <em>IV Encuentro Cuba-M\u00e9xico de Filosof\u00eda<\/em>. T\u00edtulo de la ponencia: \u201cEl reconocimiento de la historia o la historia del reconocimiento\u201d. Benem\u00e9rita Universidad Aut\u00f3noma de Puebla, Instituto de Filosof\u00eda de la Habana. La Habana, Cuba, 2 de julio de 2003.<\/p>\n<p style=\"text-align: justify\">\u00a0Ponente en el <em>Coloquio Abierto de Estudiantes de filosof\u00eda 2004<\/em>. T\u00edtulo de la ponencia: \u201cTiempo e historia en el eterno retorno de lo mismo\u201d. Facultad de Filosof\u00eda y Letras, UNAM.\u00a0 M\u00e9xico, D.F., 18 de marzo de 2004.<\/p>\n<p style=\"text-align: justify\">\u00a0Ponente en las <em>Jornadas del Colegio de Filosof\u00eda, Letras y Humanidades de la Universidad del Claustro de Sor Juana \u201cFilosof\u00eda y literatura: l\u00edmites y puntos de encuentro\u201d<\/em>. T\u00edtulo de la ponencia: \u201cSin filosof\u00eda, sin literatura, escritura sin m\u00e1s\u201d. Universidad del Claustro de Sor Juana. M\u00e9xico, D.F., 11 de mayo de 2005.<\/p>\n<p style=\"text-align: justify\">\u00a0Ponente en el <em>Primer Coloquio de Estudiantes de Posgrado de Filosof\u00eda: \u201cCrisis de la filosof\u00eda y su renacimiento en el siglo XXI\u201d<\/em>. T\u00edtulo de la ponencia: \u201cSoma, psique y mnemosyne: el papel del dolor en la constituci\u00f3n de la cultura\u201d. Universidad Michoacana de San Nicol\u00e1s de Hidalgo. Morelia, Michoac\u00e1n, 19 de mayo de 2005.<\/p>\n<p style=\"text-align: justify\">\u00a0Ponente en la mesa redonda de apertura \u201cMito y Tradici\u00f3n\u201d, dentro del marco de las <em>Jornadas sobre la actualidad del mito<\/em>. Facultad de Filosof\u00eda y Letras, UNAM. M\u00e9xico, D.F., 25 de mayo de 2005.<\/p>\n<p style=\"text-align: justify\">\u00a0Ponente en la mesa redonda de clausura \u201cLos grandes mitos del mundo contempor\u00e1neo\u201d, dentro del marco de las <em>Jornadas sobre la actualidad del mito<\/em>. Facultad de Filosof\u00eda y Letras, UNAM. M\u00e9xico, D.F., \u00a027 de mayo de 2005.<\/p>\n<p style=\"text-align: justify\">\u00a0Ponente en el <em>2o Encuentro Iberoamericano de Estudiantes de Filosof\u00eda: Desaf\u00edos actuales del quehacer filos\u00f3fico<\/em>. T\u00edtulo de la ponencia: \u201cExperiencia y Existencia\u201d. Universidad Cat\u00f3lica Cecilio Acosta. Maracaibo, Venezuela, 5 de abril de 2006.<\/p>\n<p style=\"text-align: justify\">\u00a0Ponente en las jornadas <em>\u00bfPara qu\u00e9 los encuentros de estudiantes?<\/em> T\u00edtulo de la ponencia: \u201c\u00bfOntolog\u00eda?\u201d. Facultad de Filosof\u00eda y Letras, UNAM, 31 de mayo de 2006.<\/p>\n<p style=\"text-align: justify\">\u00a0Ponente en el coloquio <em>Filosof\u00eda y M\u00edstica<\/em>. <em>Encuentro de los saberes con la m\u00edstica<\/em>. T\u00edtulo de la ponencia: \u201cPersona: delirio y \u00e9xtasis\u201d. Facultad de Filosof\u00eda y Letras, UNAM,\u00a0 7 de noviembre de 2006.<\/p>\n<p style=\"text-align: justify\">\u00a0Ponente en el <em>Coloquio Internacional \u201cHegel. La ciencia de la experiencia\u201d<\/em>. T\u00edtulo de la ponencia: \u201cExperiencia y l\u00edmite: patolog\u00edas hegelianas\u201d. Facultad de Filosof\u00eda y Letras, UNAM, 26 de abril de 2007.<\/p>\n<p style=\"text-align: justify\">\u00a0Ponente en el coloquio <em>Eduardo Blanquel, a 20 a\u00f1os\u2026 su presencia<\/em>. T\u00edtulo de la ponencia: \u201cBlanquel, el hombre y el nombre\u201d. Facultad de Filosof\u00eda y Letras, UNAM, 22 de mayo de 2007.<\/p>\n<p style=\"text-align: justify\">\u00a0Ponente en el <em>XIV Congreso Internacional de Filosof\u00eda \u201cIdentidad y Diferencia\u201d<\/em>. T\u00edtulo de la ponencia: \u201cEl juego de las pasiones en la constituci\u00f3n de lo humano\u201d. Asociaci\u00f3n Filos\u00f3fica de M\u00e9xico, Mazatl\u00e1n, Sinaloa, 5 de noviembre de 2007.<\/p>\n<p style=\"text-align: justify\">\u00a0Moderador en el <em>XIV Congreso Internacional de Filosof\u00eda \u201cIdentidad y Diferencia\u201d.<\/em> Simposio sobre Filosof\u00eda del juego. T\u00edtulo de la mesa: \u201cFiesta y Medioevo\u201d. Asociaci\u00f3n Filos\u00f3fica de M\u00e9xico, Mazatl\u00e1n, Sinaloa, 7 de noviembre de 2007.<\/p>\n<p style=\"text-align: justify\">\u00a0Ponente en el simposio <em>Hacia una filosof\u00eda sin complejos<\/em>. T\u00edtulo de la ponencia: \u201cLa imagen afectiva del alma\u201d. Centro de Estudios Geneal\u00f3gicos para la Investigaci\u00f3n de la Cultura en M\u00e9xico y Am\u00e9rica Latina A.C., Huasca de Ocampo, Hidalgo, 15 de marzo de 2008.<\/p>\n<p style=\"text-align: justify\">\u00a0Moderador de la mesa 7 en el simposio <em>Hacia una filosof\u00eda sin complejos<\/em>. Centro de Estudios Geneal\u00f3gicos para la Investigaci\u00f3n de la Cultura en M\u00e9xico y Am\u00e9rica Latina A.C., Huasca de Ocampo, Hidalgo, 15 de marzo de 2008.<\/p>\n<p style=\"text-align: justify\">\u00a0Ponente en el coloquio <em>Los centenarios: an\u00e1lisis y reflexi\u00f3n de dos procesos hist\u00f3ricos<\/em>.\u00a0 T\u00edtulo de la ponencia: \u201cLegitimidad y violencia: el caso Huerta\u201d. Facultad de Filosof\u00eda y Letras, UNAM, 8 de octubre de 2008.<\/p>\n<p style=\"text-align: justify\">\u00a0Comentarista de la ponencia \u201cPulsi\u00f3n de muerte; goce y m\u00e1s all\u00e1 del principio del placer\u201d, dentro del marco del <em>III Coloquio de Doctorandos<\/em> organizado por el Instituto de Investigaciones Filos\u00f3ficas y el Programa de Maestr\u00eda y Doctorado de la Facultad de Filosof\u00eda y Letras de la UNAM. M\u00e9xico, 2 de junio de 2009.<\/p>\n<p style=\"text-align: justify\">\u00a0Ponente en el <em>XV Congreso Internacional de Filosof\u00eda \u201cEl di\u00e1logo filos\u00f3fico\u201d.<\/em> T\u00edtulo de la ponencia: \u201cVivencia del deseo y cuidado de s\u00ed\u201d. Asociaci\u00f3n Filos\u00f3fica de M\u00e9xico, Ciudad Universitaria, D.F., 26 de enero de 2010.<\/p>\n<p style=\"text-align: justify\">\u00a0Ponente en el Encuentro Iberoamericano <em>Pensar Occidente<\/em>. T\u00edtulo de la ponencia: \u201cLa voluntad en Occidente: ese invento\u201d. Facultad de Filosof\u00eda y Letras, UNAM. M\u00e9xico, 7 de diciembre de 2010.<\/p>\n<p style=\"text-align: justify\">\u00a0Ponente en el coloqio <em>Di\u00e1logos con la filosof\u00eda<\/em>. T\u00edtulo de la ponencia: \u201cLa filosof\u00eda, esa monserga\u201d. Universidad Aut\u00f3noma de la Ciudad de M\u00e9xico. Seminario permanente de Historia de la filosof\u00eda. M\u00e9xico, 27 de abril de 2011.<\/p>\n<p style=\"text-align: justify\">\u00a0Ponente en el coloquio <em>Filosof\u00eda del cuerpo<\/em>. T\u00edtulo de la ponencia: \u201cCuerpo y deseo: el camino a la prudencia\u201d. Facultad de Estudios Superiores Acatl\u00e1n, UNAM. M\u00e9xico, 6 de septiembre de 2011.<\/p>\n<p style=\"text-align: justify\">\u00a0Moderador de la mesa \u201cEl otro y lo otro\u201d, en el Primer Coloquio Interdisciplinario de la Facultad de Filosof\u00eda y Letras <em>El otro: memoria, violencia y esperanza<\/em>. Facultad de Filosof\u00eda y Letras, UNAM. M\u00e9xico, 18 de octubre de 2011.<\/p>\n<p style=\"text-align: justify\">\u00a0Ponente en el <em>XVI Congreso Internacional de Filosof\u00eda \u201cFilosof\u00eda: raz\u00f3n y violencia\u201d<\/em>. T\u00edtulo de la ponencia: \u201cLa violenta superficie del deseo\u201d. Asociaci\u00f3n Filos\u00f3fica de M\u00e9xico. Toluca, Estado de M\u00e9xico, 27 de octubre de 2011.<\/p>\n<p style=\"text-align: justify\">\u00a0Moderador en el coloquio <em>Arte, espacio y pensamiento. Di\u00e1logo entre filosof\u00eda, arquitectura y cine<\/em>. Facultad de Filosof\u00eda y Letras, Facultad de Arquitectura, UNAM. 29 de febrero de 2012.<\/p>\n<p style=\"text-align: justify\">\u00a0Ponente en el coloquio <em>Pensar m\u00e1s all\u00e1 de la RIEMS. La transmisi\u00f3n de las capacidades filos\u00f3ficas a debate<\/em>. T\u00edtulo de la ponencia: \u201cDe pulir anteojos a juntar puntos: lo que hacemos como filosof\u00eda\u201d. Facultad de Filosof\u00eda y Letras, UNAM. M\u00e9xico, 24 de abril de 2012.<\/p>\n<p style=\"text-align: justify\">\u00a0Ponente en el V Simposio Anual del CEGE: <em>Filosof\u00eda en el agua. Therapeia filos\u00f3fica.<\/em> T\u00edtulo de la ponencia: \u201cLa escritura como <em>therapeia<\/em>\u201d. Centro de Estudios Geneal\u00f3gicos para la Investigaci\u00f3n de la Cultura en M\u00e9xico y Am\u00e9rica Latina A.C. Cuautla, Morelos, 24 de junio de 2012.<\/p>\n<p style=\"text-align: justify\">\u00a0Ponente en el 1er Coloquio Nacional <em>Filosof\u00eda, educaci\u00f3n y su relaci\u00f3n con las ciencias duras<\/em>. T\u00edtulo de la ponencia: \u201cLa episteme, la vida y el pathos\u201d. Universidad de la Ci\u00e9naga del Estado de Michoac\u00e1n de Ocampo. Sahuayo, Michoac\u00e1n, 25 de septiembre de 2012.<\/p>\n<p style=\"text-align: justify\">\u00a0Ponente en el <em>I Coloquio Internacional de Cine y Filosof\u00eda<\/em>. T\u00edtulo de la ponencia: \u201cFilosof\u00eda de a-varo\u201d. Facultad de Filosof\u00eda y Letras, UNAM. 29 de octubre de 2012.<\/p>\n","protected":false},"excerpt":{"rendered":"<p>Ponente en el Encuentro Regional Interdisciplinario de Estudiantes y Pasantes de Filosof\u00eda \u201cFilosof\u00eda, Pensamiento M\u00edtico y Religioso en el inicio del Nuevo Milenio\u201d. T\u00edtulo de la ponencia: \u201cEl sentido del sin-sentido\u201d. Universidad Aut\u00f3noma de Nuevo Le\u00f3n. Monterrey, N.L., 16 de &hellip; <a href=\"https:\/\/estudiosgenealogicos.org\/bilylopez\/congresos-y-coloquios\/\">Sigue leyendo <span class=\"meta-nav\">&rarr;<\/span><\/a><\/p>\n","protected":false},"author":3,"featured_media":0,"parent":0,"menu_order":0,"comment_status":"open","ping_status":"open","template":"","meta":{"_bbp_topic_count":0,"_bbp_reply_count":0,"_bbp_total_topic_count":0,"_bbp_total_reply_count":0,"_bbp_voice_count":0,"_bbp_anonymous_reply_count":0,"_bbp_topic_count_hidden":0,"_bbp_reply_count_hidden":0,"_bbp_forum_subforum_count":0,"footnotes":""},"class_list":["post-35","page","type-page","status-publish","hentry"],"_links":{"self":[{"href":"https:\/\/estudiosgenealogicos.org\/bilylopez\/wp-json\/wp\/v2\/pages\/35","targetHints":{"allow":["GET"]}}],"collection":[{"href":"https:\/\/estudiosgenealogicos.org\/bilylopez\/wp-json\/wp\/v2\/pages"}],"about":[{"href":"https:\/\/estudiosgenealogicos.org\/bilylopez\/wp-json\/wp\/v2\/types\/page"}],"author":[{"embeddable":true,"href":"https:\/\/estudiosgenealogicos.org\/bilylopez\/wp-json\/wp\/v2\/users\/3"}],"replies":[{"embeddable":true,"href":"https:\/\/estudiosgenealogicos.org\/bilylopez\/wp-json\/wp\/v2\/comments?post=35"}],"version-history":[{"count":3,"href":"https:\/\/estudiosgenealogicos.org\/bilylopez\/wp-json\/wp\/v2\/pages\/35\/revisions"}],"predecessor-version":[{"id":102,"href":"https:\/\/estudiosgenealogicos.org\/bilylopez\/wp-json\/wp\/v2\/pages\/35\/revisions\/102"}],"wp:attachment":[{"href":"https:\/\/estudiosgenealogicos.org\/bilylopez\/wp-json\/wp\/v2\/media?parent=35"}],"curies":[{"name":"wp","href":"https:\/\/api.w.org\/{rel}","templated":true}]}}