{"id":39,"date":"2012-12-07T14:21:44","date_gmt":"2012-12-07T20:21:44","guid":{"rendered":"http:\/\/estudiosgenealogicos.org\/bilylopez\/?page_id=39"},"modified":"2015-02-04T19:49:37","modified_gmt":"2015-02-05T01:49:37","slug":"cursos","status":"publish","type":"page","link":"https:\/\/estudiosgenealogicos.org\/bilylopez\/cursos\/","title":{"rendered":"Cursos"},"content":{"rendered":"<p><a title=\"Ontolog\u00eda I y II\" href=\"http:\/\/estudiosgenealogicos.org\/bilylopez\/ontologia-i\/\">Ontolog\u00eda I\u00a0y II<\/a><\/p>\n<p><a title=\"Filosof\u00eda del lenguaje\" href=\"http:\/\/estudiosgenealogicos.org\/bilylopez\/filosofia-del-lenguaje-2\/\" target=\"_blank\">Filosof\u00eda del lenguaje<\/a><\/p>\n<p><a title=\"Temas contempor\u00e1neos de filosof\u00eda del lenguaje\" href=\"http:\/\/estudiosgenealogicos.org\/bilylopez\/temas-contemporaneos-de-filosofia-del-lenguaje\/\" target=\"_blank\">Temas contempor\u00e1neos de filosof\u00eda del lenguaje<\/a><\/p>\n<p><a title=\"Introducci\u00f3n a la Filosof\u00eda I y II\" href=\"http:\/\/estudiosgenealogicos.org\/bilylopez\/introduccion-a-la-filosofia-i\/\">Introducci\u00f3n a la filosof\u00eda I\u00a0y II<\/a><\/p>\n<p>&nbsp;<\/p>\n","protected":false},"excerpt":{"rendered":"<p>Ontolog\u00eda I\u00a0y II Filosof\u00eda del lenguaje Temas contempor\u00e1neos de filosof\u00eda del lenguaje Introducci\u00f3n a la filosof\u00eda I\u00a0y II &nbsp;<\/p>\n","protected":false},"author":3,"featured_media":0,"parent":0,"menu_order":0,"comment_status":"open","ping_status":"open","template":"","meta":{"_bbp_topic_count":0,"_bbp_reply_count":0,"_bbp_total_topic_count":0,"_bbp_total_reply_count":0,"_bbp_voice_count":0,"_bbp_anonymous_reply_count":0,"_bbp_topic_count_hidden":0,"_bbp_reply_count_hidden":0,"_bbp_forum_subforum_count":0,"footnotes":""},"class_list":["post-39","page","type-page","status-publish","hentry"],"_links":{"self":[{"href":"https:\/\/estudiosgenealogicos.org\/bilylopez\/wp-json\/wp\/v2\/pages\/39","targetHints":{"allow":["GET"]}}],"collection":[{"href":"https:\/\/estudiosgenealogicos.org\/bilylopez\/wp-json\/wp\/v2\/pages"}],"about":[{"href":"https:\/\/estudiosgenealogicos.org\/bilylopez\/wp-json\/wp\/v2\/types\/page"}],"author":[{"embeddable":true,"href":"https:\/\/estudiosgenealogicos.org\/bilylopez\/wp-json\/wp\/v2\/users\/3"}],"replies":[{"embeddable":true,"href":"https:\/\/estudiosgenealogicos.org\/bilylopez\/wp-json\/wp\/v2\/comments?post=39"}],"version-history":[{"count":18,"href":"https:\/\/estudiosgenealogicos.org\/bilylopez\/wp-json\/wp\/v2\/pages\/39\/revisions"}],"predecessor-version":[{"id":128,"href":"https:\/\/estudiosgenealogicos.org\/bilylopez\/wp-json\/wp\/v2\/pages\/39\/revisions\/128"}],"wp:attachment":[{"href":"https:\/\/estudiosgenealogicos.org\/bilylopez\/wp-json\/wp\/v2\/media?parent=39"}],"curies":[{"name":"wp","href":"https:\/\/api.w.org\/{rel}","templated":true}]}}