{"id":6,"date":"2012-12-01T04:40:36","date_gmt":"2012-12-01T10:40:36","guid":{"rendered":"http:\/\/estudiosgenealogicos.org\/bilylopez\/?page_id=6"},"modified":"2013-02-05T22:23:17","modified_gmt":"2013-02-06T04:23:17","slug":"docencia","status":"publish","type":"page","link":"https:\/\/estudiosgenealogicos.org\/bilylopez\/docencia\/","title":{"rendered":"Docencia"},"content":{"rendered":"<p style=\"text-align: justify\">Profesor-investigador de tiempo completo en la academia de<em> Expresi\u00f3n Oral y Escrita<\/em>, adscrita al Colegio de Humanidades y Ciencias Sociales, en la Universidad Aut\u00f3noma de la Ciudad de M\u00e9xico. Octubre de 2006 a la fecha.<\/p>\n<p style=\"text-align: justify\">Profesor de las materias <em>\u00c9tica<\/em> e <em>Introducci\u00f3n a la filosof\u00eda<\/em>, adscritas a la Academia de Filosof\u00eda e Historia de las Ideas de la Universidad Aut\u00f3noma de la Ciudad de M\u00e9xico. Marzo a julio de 2008.<\/p>\n<p style=\"text-align: justify\">Profesor de las materias <em>Est\u00e9tica<\/em> y <em>Filosof\u00eda del siglo XIX<\/em>, adscritas a la Academia de Filosof\u00eda e Historia de las Ideas de la Universidad Aut\u00f3noma de la Ciudad de M\u00e9xico. Febrero a julio de 2009.<\/p>\n<p style=\"text-align: justify\">Profesor ordinario de asignatura, nivel A, de la materia <em>Introducci\u00f3n a la filosof\u00eda<\/em>, adscrita al Colegio de Letras Hisp\u00e1nicas de la Facultad de Filosof\u00eda y Letras de la UNAM. Agosto de 2009 a la fecha.<\/p>\n<p style=\"text-align: justify\">Profesor del <em>Seminario de autor: Friedrich Nietzsche<\/em>, adscrito a la Academia de Filosof\u00eda de la Universidad Aut\u00f3noma de la Ciudad de M\u00e9xico. Agosto a diciembre de 2009.<\/p>\n<p style=\"text-align: justify\">Profesor de las materias <em>Introducci\u00f3n a la Filosof\u00eda<\/em> y <em>Filosof\u00eda de la historia<\/em>, adscritas a la Academia de Filosof\u00eda e Historia de las Ideas de la Universidad Aut\u00f3noma de la Ciudad de M\u00e9xico. Enero a mayo de 2010.<\/p>\n<p style=\"text-align: justify\">Profesor ordinario de asignatura, nivel A, de la materia <em>Ense\u00f1anza de la Filosof\u00eda<\/em>, adscrita al Colegio de Filosof\u00eda de la Facultad de Filosof\u00eda y Letras de la UNAM. Agosto a diciembre de 2010, y agosto a diciembre de 2011.<\/p>\n<p style=\"text-align: justify\">Profesor ordinario de asignatura, nivel A, de la materia <em>Problemas de ontolog\u00eda<\/em>, adscrita al Colegio de Filosof\u00eda de la Facultad de Filosof\u00eda y Letras de la UNAM. Agosto a diciembre de 2010.<\/p>\n<p style=\"text-align: justify\">Profesor ordinario de asignatura, nivel A, de la materia<em> Textos Filos\u00f3ficos VIII<\/em>, adscrita al Colegio de Filosof\u00eda de la Facultad de Filosof\u00eda y Letras de la UNAM. Febrero a junio de 2010.<\/p>\n<p style=\"text-align: justify\">Profesor de la materia <em>Filosof\u00edas del siglo XX<\/em>, adscritra a la Academia de Filosof\u00eda e Historia de las Ideas de la Universidad Aut\u00f3noma de la Ciudad de M\u00e9xico. Febrero a junio de 2011.<\/p>\n<p style=\"text-align: justify\">Profesor de la asignatura <em>Seminario de tesis<\/em>, adscritra a la Academia de Filosof\u00eda e Historia de las Ideas de la Universidad Aut\u00f3noma de la Ciudad de M\u00e9xico. Febrero a junio de 2011.<\/p>\n<p style=\"text-align: justify\">Profesor ordinario de asignatura, nivel A, de la asignatura <em>Textos Filos\u00f3ficos VII<\/em>, adscrita al Colegio de Filosof\u00eda de la Facultad de Filosof\u00eda y Letras de la UNAM. Agosto a diciembre de 2011.<\/p>\n<p style=\"text-align: justify\">Profesor ordinario de asignatura, nivel A, de la asignatura <em>Filosof\u00eda del lenguaje<\/em>, adscrita al Colegio de Filosof\u00eda de la Facultad de Filosof\u00eda y Letras de la UNAM. Febrero a junio de 2012, y enero de 2013 a la fecha.<\/p>\n<p style=\"text-align: justify\">Profesor de la asignatura <em>Filosof\u00eda pol\u00edtica<\/em>, adscritra a la Academia de Filosof\u00eda e Historia de las Ideas de la Universidad Aut\u00f3noma de la Ciudad de M\u00e9xico. Febrero a junio de 2012.<\/p>\n<p style=\"text-align: justify\">Profesor ordinario de asignatura, nivel A, de la asignatura Ontolog\u00eda I y II, adscrita al Colegio de Filosof\u00eda de la Facultad de Filosof\u00eda y Letras de la UNAM. Agosto de 2012 a la fecha.<\/p>\n","protected":false},"excerpt":{"rendered":"<p>Profesor-investigador de tiempo completo en la academia de Expresi\u00f3n Oral y Escrita, adscrita al Colegio de Humanidades y Ciencias Sociales, en la Universidad Aut\u00f3noma de la Ciudad de M\u00e9xico. Octubre de 2006 a la fecha. Profesor de las materias \u00c9tica &hellip; <a href=\"https:\/\/estudiosgenealogicos.org\/bilylopez\/docencia\/\">Sigue leyendo <span class=\"meta-nav\">&rarr;<\/span><\/a><\/p>\n","protected":false},"author":3,"featured_media":0,"parent":0,"menu_order":0,"comment_status":"open","ping_status":"closed","template":"","meta":{"_bbp_topic_count":0,"_bbp_reply_count":0,"_bbp_total_topic_count":0,"_bbp_total_reply_count":0,"_bbp_voice_count":0,"_bbp_anonymous_reply_count":0,"_bbp_topic_count_hidden":0,"_bbp_reply_count_hidden":0,"_bbp_forum_subforum_count":0,"footnotes":""},"class_list":["post-6","page","type-page","status-publish","hentry"],"_links":{"self":[{"href":"https:\/\/estudiosgenealogicos.org\/bilylopez\/wp-json\/wp\/v2\/pages\/6","targetHints":{"allow":["GET"]}}],"collection":[{"href":"https:\/\/estudiosgenealogicos.org\/bilylopez\/wp-json\/wp\/v2\/pages"}],"about":[{"href":"https:\/\/estudiosgenealogicos.org\/bilylopez\/wp-json\/wp\/v2\/types\/page"}],"author":[{"embeddable":true,"href":"https:\/\/estudiosgenealogicos.org\/bilylopez\/wp-json\/wp\/v2\/users\/3"}],"replies":[{"embeddable":true,"href":"https:\/\/estudiosgenealogicos.org\/bilylopez\/wp-json\/wp\/v2\/comments?post=6"}],"version-history":[{"count":8,"href":"https:\/\/estudiosgenealogicos.org\/bilylopez\/wp-json\/wp\/v2\/pages\/6\/revisions"}],"predecessor-version":[{"id":101,"href":"https:\/\/estudiosgenealogicos.org\/bilylopez\/wp-json\/wp\/v2\/pages\/6\/revisions\/101"}],"wp:attachment":[{"href":"https:\/\/estudiosgenealogicos.org\/bilylopez\/wp-json\/wp\/v2\/media?parent=6"}],"curies":[{"name":"wp","href":"https:\/\/api.w.org\/{rel}","templated":true}]}}