{"id":11,"date":"2012-12-01T09:29:07","date_gmt":"2012-12-01T09:29:07","guid":{"rendered":"http:\/\/estudiosgenealogicos.org\/choreno\/?page_id=11"},"modified":"2020-04-28T19:48:00","modified_gmt":"2020-04-29T01:48:00","slug":"trayectoria-academica","status":"publish","type":"page","link":"https:\/\/estudiosgenealogicos.org\/choreno\/trayectoria-academica\/","title":{"rendered":"Semblanza"},"content":{"rendered":"<p><span style=\"color: #800080;\"><strong>\u00a0<\/strong><\/span><\/p>\n<p><span style=\"color: #800080;\"><strong><a href=\"http:\/\/estudiosgenealogicos.org\/choreno\/files\/2012\/12\/Rafa-11.jpg\"><img loading=\"lazy\" decoding=\"async\" class=\" wp-image-418 aligncenter\" src=\"http:\/\/estudiosgenealogicos.org\/choreno\/files\/2012\/12\/Rafa-11-231x300.jpg\" alt=\"Rafa 1\" width=\"333\" height=\"428\" \/><\/a><\/strong><\/span><\/p>\n<p style=\"text-align: center;\"><strong>Socio Investigador<\/strong><\/p>\n<p style=\"text-align: center;\">(desde febrero de 2007)<\/p>\n<hr \/>\n<p>Actualmente desempe\u00f1a para el centro las funciones de:<\/p>\n<p style=\"text-align: left;\"><strong>Vicepresidente del\u00a0Consejo de Directores\u00a0<\/strong>(desde el 2004)<\/p>\n<p style=\"text-align: left;\"><strong>Coordinador General de Investigaciones\u00a0<\/strong>(desde enero de 2010)<\/p>\n<hr \/>\n<p>En el pasado fue:<\/p>\n<p><strong>Investigador Asociado<\/strong>\u00a0(de junio de 2005 a febrero de 2007)<\/p>\n<p style=\"text-align: justify;\"><strong>Estudiante Asociado<\/strong>\u00a0(de mayo de\u00a02003 a junio de 2005)<\/p>\n<p>Y desempe\u00f1\u00f3 las funciones de:<\/p>\n<p><strong>Secretario General <\/strong>(de febrero de 2007 a enero de 2010)<\/p>\n<p><strong>Secretario Acad\u00e9mico <\/strong>(de mayo de 2004 a febrero de 2007)<\/p>\n<hr \/>\n<p style=\"text-align: justify;\"><strong>Licenciado en Filosof\u00eda<\/strong>\u00a0por la Facultad de\u00a0Filosof\u00eda y Letras de la Universidad Nacional Aut\u00f3noma de M\u00e9xico (FFYL-UNAM). Concluy\u00f3 la\u00a0<strong>Maestr\u00eda en Humanidades<\/strong>\u00a0y las\u00a0Especialidades en Antropolog\u00eda Filos\u00f3fica y\u00a0Antropolog\u00eda Religiosa, programas acad\u00e9micos coordinados por la\u00a0Direcci\u00f3n de Estudios de Posgrado de la\u00a0Universidad del Tepeyac. Tambi\u00e9n tiene concluidos sus estudios en la\u00a0<strong>Maestr\u00eda en Filosof\u00eda<\/strong>\u00a0perteneciente al\u00a0Programa de Maestr\u00eda y Doctorado en\u00a0Filosof\u00eda de la UNAM.<\/p>\n<p style=\"text-align: justify;\">En el CEGE ha sido coordinador de los programas de investigaci\u00f3n ETM002 Genealog\u00eda de la violencia,\u00a0ETM007 La formaci\u00f3n cultural de las sociedades contempor\u00e1neas y\u00a0ETM004 Metodolog\u00eda de la investigaci\u00f3n. Ha participado en otros programas de investigaci\u00f3n dentro del centro. Actualmente participa como investigador asociado en el programa de investigaci\u00f3n\u00a0ETM008 La ciudad como espacio po\u00e9tico, coordinado por Osiris Sinuh\u00e9 Gonz\u00e1lez Romero, en cuyo marco dirige el seminario de investigaci\u00f3n\u00a0\u00abPo\u00e9ticas y ret\u00f3ricas de la vida civil\u00bb.<\/p>\n<p style=\"text-align: justify;\">Forma parte del\u00a0<em><strong>Grupo Acad\u00e9mico Marsilio Ficino<\/strong><\/em>\u00a0(FFyL-UNAM) desde su fundaci\u00f3n y es Socio Numerario\u00a0de la\u00a0<strong><em>Asociaci\u00f3n Filos\u00f3fica de M\u00e9xico, A. C.<\/em><\/strong>, desde septiembre de 2006. Fue uno de los fundadores del\u00a0<em><strong>Grupo Estudiantil Doxonema<\/strong><\/em>\u00a0(FFyL-UNAM).<\/p>\n","protected":false},"excerpt":{"rendered":"<p>\u00a0 Socio Investigador (desde febrero de 2007) Actualmente desempe\u00f1a para el centro las funciones de: Vicepresidente del\u00a0Consejo de Directores\u00a0(desde el 2004) Coordinador General de Investigaciones\u00a0(desde enero de 2010) En el pasado fue: Investigador Asociado\u00a0(de junio de 2005 a febrero de &hellip; <a href=\"https:\/\/estudiosgenealogicos.org\/choreno\/trayectoria-academica\/\">Sigue leyendo <span class=\"meta-nav\">&rarr;<\/span><\/a><\/p>\n","protected":false},"author":6,"featured_media":0,"parent":0,"menu_order":0,"comment_status":"open","ping_status":"open","template":"","meta":{"_bbp_topic_count":0,"_bbp_reply_count":0,"_bbp_total_topic_count":0,"_bbp_total_reply_count":0,"_bbp_voice_count":0,"_bbp_anonymous_reply_count":0,"_bbp_topic_count_hidden":0,"_bbp_reply_count_hidden":0,"_bbp_forum_subforum_count":0,"_crdt_document":"","footnotes":""},"class_list":["post-11","page","type-page","status-publish","hentry"],"jetpack_sharing_enabled":true,"_links":{"self":[{"href":"https:\/\/estudiosgenealogicos.org\/choreno\/wp-json\/wp\/v2\/pages\/11","targetHints":{"allow":["GET"]}}],"collection":[{"href":"https:\/\/estudiosgenealogicos.org\/choreno\/wp-json\/wp\/v2\/pages"}],"about":[{"href":"https:\/\/estudiosgenealogicos.org\/choreno\/wp-json\/wp\/v2\/types\/page"}],"author":[{"embeddable":true,"href":"https:\/\/estudiosgenealogicos.org\/choreno\/wp-json\/wp\/v2\/users\/6"}],"replies":[{"embeddable":true,"href":"https:\/\/estudiosgenealogicos.org\/choreno\/wp-json\/wp\/v2\/comments?post=11"}],"version-history":[{"count":13,"href":"https:\/\/estudiosgenealogicos.org\/choreno\/wp-json\/wp\/v2\/pages\/11\/revisions"}],"predecessor-version":[{"id":1020,"href":"https:\/\/estudiosgenealogicos.org\/choreno\/wp-json\/wp\/v2\/pages\/11\/revisions\/1020"}],"wp:attachment":[{"href":"https:\/\/estudiosgenealogicos.org\/choreno\/wp-json\/wp\/v2\/media?parent=11"}],"curies":[{"name":"wp","href":"https:\/\/api.w.org\/{rel}","templated":true}]}}