{"id":2,"date":"2012-12-01T09:11:03","date_gmt":"2012-12-01T09:11:03","guid":{"rendered":"http:\/\/estudiosgenealogicos.org\/choreno\/?page_id=2"},"modified":"2018-09-01T23:07:18","modified_gmt":"2018-09-02T05:07:18","slug":"pagina-ejemplo","status":"publish","type":"page","link":"https:\/\/estudiosgenealogicos.org\/choreno\/pagina-ejemplo\/","title":{"rendered":"Otros Proyectos"},"content":{"rendered":"<p style=\"text-align: center\"><span style=\"color: #993300\"><strong>GRUPOS DE INVESTIGACI\u00d3N<\/strong><\/span><\/p>\n<h2><span style=\"color: #993300\"><strong><a title=\"Grupo Acad\u00e9mico Marsilio Ficino\" href=\"http:\/\/www.filos.unam.mx\/seminarios\/ficino\/\" target=\"_blank\" rel=\"noopener noreferrer\"><span style=\"color: #993300\">Grupo Acad\u00e9mico Marsilio Ficino<\/span><\/a><\/strong><\/span><\/h2>\n<p style=\"text-align: justify\"><a href=\"http:\/\/filos.unam.mx\/seminarios\/ficino\"><img loading=\"lazy\" decoding=\"async\" class=\"wp-image-681 aligncenter\" src=\"http:\/\/estudiosgenealogicos.org\/choreno\/files\/2012\/12\/Sitio-web-GAMF-300x256.png\" alt=\"\" width=\"242\" height=\"208\" \/><\/a>El <strong>Grupo Acad\u00e9mico Marsilio Ficino <\/strong>(<strong>GAMF<\/strong>), encabezado por el Dr. Ernesto Priani Sais\u00f3, est\u00e1 constituido por un conjunto de investigadores, profesores y estudiantes de la licenciatura y el posgrado de la Facultad de Filosof\u00eda y Letras de la UNAM, cuyo trabajo de investigaci\u00f3n est\u00e1 enfocado en la filosof\u00eda y el pensamiento de Antig\u00fcedad tard\u00eda, la Edad Media y el Renacimiento.\u00a0El grupo se form\u00f3 en 2005 con motivo del proyecto de traducci\u00f3n del lat\u00edn de las \u201c900 tesis\u201d de Giovanni Pico de la Mirandola (en colaboraci\u00f3n con la Universidad de Brown), para luego constituirse oficialmente como un grupo de investigaci\u00f3n sobre los per\u00edodos se\u00f1alados.\u00a0Dentro de las actividades que el grupo actualmente desarrolla, se hallan la investigaci\u00f3n, el comentario y la traducci\u00f3n de textos de las diversas \u00e1reas de los periodos antedichos, tales como metaf\u00edsica, \u00e9tica, astrolog\u00eda, magia, arte de la memoria, etc.<\/p>\n<div><\/div>\n<p style=\"text-align: center\"><span style=\"color: #993300\"><strong>PROYECTOS DE INVESTIGACI\u00d3N Y DOCENCIA UNIVERSITARIA<\/strong><\/span><\/p>\n<h2><span style=\"color: #993300\"><strong><span style=\"color: #993300\"><a href=\"http:\/\/cinefilos.unam.mx\" target=\"_blank\" rel=\"noopener noreferrer\">Cine y Filosof\u00eda: Po\u00e9ticas de la condici\u00f3n humana<\/a><\/span><\/strong><\/span><\/h2>\n<h2><span style=\"color: #993300\"><strong><span style=\"color: #993300\"><a href=\"http:\/\/cinefilos.unam.mx\" target=\"_blank\" rel=\"noopener noreferrer\"><img loading=\"lazy\" decoding=\"async\" class=\"aligncenter size-medium wp-image-683\" src=\"http:\/\/estudiosgenealogicos.org\/choreno\/files\/2012\/12\/Sitio-web-Cine-y-Filosof\u00eda-300x192.png\" alt=\"\" width=\"300\" height=\"192\" srcset=\"https:\/\/estudiosgenealogicos.org\/choreno\/files\/2012\/12\/Sitio-web-Cine-y-Filosof\u00eda-300x192.png 300w, https:\/\/estudiosgenealogicos.org\/choreno\/files\/2012\/12\/Sitio-web-Cine-y-Filosof\u00eda-1024x656.png 1024w, https:\/\/estudiosgenealogicos.org\/choreno\/files\/2012\/12\/Sitio-web-Cine-y-Filosof\u00eda-469x300.png 469w, https:\/\/estudiosgenealogicos.org\/choreno\/files\/2012\/12\/Sitio-web-Cine-y-Filosof\u00eda.png 1034w\" sizes=\"auto, (max-width: 300px) 100vw, 300px\" \/><\/a><\/span><\/strong><\/span><\/h2>\n<p style=\"text-align: justify\">\u00c9ste es un proyecto de investigaci\u00f3n del Programa de Apoyo a Proyectos de Investigaci\u00f3n<br \/>\ne Innovaci\u00f3n Tecnol\u00f3gica (PAPIIT IN401413-401413 y PAPIIT IN403916), auspiciado por la Direcci\u00f3n General de Asuntos del Personal Acad\u00e9mico de la Universidad Nacional Aut\u00f3noma de M\u00e9xico para el periodo 2013-2015 y 2106-2018, bajo la responsabilidad acad\u00e9mica de Armando Casas y Leticia Flores Farf\u00e1n. Su prop\u00f3sito aunta a conformar un espacio de reflexi\u00f3n interdisciplinario en donde converjan cineastas y fil\u00f3sofos, as\u00ed como crear una l\u00ednea de investigaci\u00f3n universitaria que aborde la compleja y mult\u00edvoca experiencia de la condici\u00f3n humana desde diversas \u00f3pticas de tratamiento. \u00abPensar el cine, narrar la filosof\u00eda\u00bb es la divisa que gu\u00eda el intercambio y el di\u00e1logo entre los participantes de esta l\u00ednea de investigaci\u00f3n.<\/p>\n<hr \/>\n<h2 style=\"text-align: justify\"><\/h2>\n<h2 style=\"text-align: justify\"><span style=\"color: #993300\"><strong><a title=\"ELEA\" href=\"http:\/\/elea.unam.mx\" target=\"_blank\" rel=\"noopener noreferrer\"><span style=\"color: #993300\">Estrategias contempor\u00e1neas de lectura de la Antig\u00fcedad grecorromana<\/span><\/a><\/strong><\/span><\/h2>\n<h2 style=\"text-align: justify\"><span style=\"color: #993300\"><strong><a title=\"ELEA\" href=\"http:\/\/elea.unam.mx\" target=\"_blank\" rel=\"noopener noreferrer\"><span style=\"color: #993300\"><img loading=\"lazy\" decoding=\"async\" class=\"aligncenter size-medium wp-image-685\" src=\"http:\/\/estudiosgenealogicos.org\/choreno\/files\/2012\/12\/Sitio-Web-ELEA-300x225.png\" alt=\"\" width=\"300\" height=\"225\" srcset=\"https:\/\/estudiosgenealogicos.org\/choreno\/files\/2012\/12\/Sitio-Web-ELEA-300x225.png 300w, https:\/\/estudiosgenealogicos.org\/choreno\/files\/2012\/12\/Sitio-Web-ELEA-1024x768.png 1024w, https:\/\/estudiosgenealogicos.org\/choreno\/files\/2012\/12\/Sitio-Web-ELEA-400x300.png 400w, https:\/\/estudiosgenealogicos.org\/choreno\/files\/2012\/12\/Sitio-Web-ELEA.png 1280w\" sizes=\"auto, (max-width: 300px) 100vw, 300px\" \/><\/span><\/a><\/strong><\/span><\/h2>\n<p style=\"text-align: justify\">\u00c9ste es un proyecto acad\u00e9mico que se orienta a dar cuenta de las diferentes lecturas contempor\u00e1neas de la Antig\u00fcedad grecorromana para adentrar al estudiante de filosof\u00eda en la pluralidad que conforma, tanto desde la \u00f3ptica de su problematizaci\u00f3n como de su confecci\u00f3n hist\u00f3rica, el trabajo acad\u00e9mico de la Historia de la Filosof\u00eda. El grupo de profesores, investigadores y estudiantes que conforma este proyecto parten de aceptar que no podemos acercarnos a la Antig\u00fcedad sin mediaci\u00f3n, sin herencia, como si hubiera una lectura que pudiera decir lo verdadero; tambi\u00e9n parten de reconocer que es necesario rehacer la andadura, romper el cerco interpretativo que una larga tradici\u00f3n positivista, racionalista y\/o teleol\u00f3gica nos ha conformado como incuestionable.\u00a0Para llevar a cabo la investigaci\u00f3n, el estudio y la difusi\u00f3n de este proyecto acad\u00e9mico, se ha desarrollado este sitio conformado por los blogs de los investigadores y los pasajes de estudio seleccionados por ellos, como un centro de documentaci\u00f3n\u00a0<a href=\"http:\/\/es.wikipedia.org\/wiki\/Crowdsourcing\">Crowdsourcing<\/a>\u00a0del proceso de elaboraci\u00f3n de los art\u00edculos de investigaci\u00f3n de los participantes. La utilizaci\u00f3n de estas herramientas hace que este proyecto se inserte no s\u00f3lo en el campo de los Estudios Cl\u00e1sicos, sino tambi\u00e9n en el campo de las Humanidades Digitales.<\/p>\n<hr \/>\n<p>&nbsp;<\/p>\n<p><strong><span style=\"color: #993300\">Centro de recursos digitales para el estudio y la ense\u00f1anza del Medioevo y el Renacimiento<\/span><\/strong><\/p>\n<p style=\"text-align: justify\">Este es un proyecto acad\u00e9mico dise\u00f1ado por un grupo de profesores e investigadores de la Facultad de Filosof\u00eda y Letras de la UNAM, con la colaboraci\u00f3n de algunos alumnos, para identificar, concentrar, organizar o generar recursos digitales para el estudio y la ense\u00f1anza de la filosof\u00eda medieval y del Renacimiento. Esto con la intenci\u00f3n de transformar colectivamente las pr\u00e1cticas de la ense\u00f1anza de la filosof\u00eda medieval y del Renacimiento, acerc\u00e1ndolas de un modo decidido al uso de herramientas digitales. Este proyecto contribuye as\u00ed, simult\u00e1neamente, al desarrollo de los estudios universitarios sobre el Medioevo y el Renacimiento, as\u00ed como al desarrollo de las Humanidades Digitales: una nueva cultura human\u00edstica partidaria de la profesionalizaci\u00f3n de la filosof\u00eda universitaria a partir de la democratizaci\u00f3n del conocimiento y las herramientas para seguir produci\u00e9ndolo.<\/p>\n<p>&nbsp;<\/p>\n<p style=\"text-align: center\"><strong><span style=\"color: #993300\">BLOGS PERSONALES<\/span><\/strong><\/p>\n<p><span style=\"color: #993300\"><strong><a title=\"Gatillourbano en la ciudad del sinsentido\" href=\"http:\/\/gatillourbano.blogspot.mx\/\" target=\"_blank\" rel=\"noopener noreferrer\"><span style=\"color: #993300\">Gatillourbano en la ciudad del sinsentido<img loading=\"lazy\" decoding=\"async\" class=\"aligncenter size-medium wp-image-686\" src=\"http:\/\/estudiosgenealogicos.org\/choreno\/files\/2012\/12\/Blog-Gatillourbano-300x228.png\" alt=\"\" width=\"300\" height=\"228\" srcset=\"https:\/\/estudiosgenealogicos.org\/choreno\/files\/2012\/12\/Blog-Gatillourbano-300x228.png 300w, https:\/\/estudiosgenealogicos.org\/choreno\/files\/2012\/12\/Blog-Gatillourbano-1024x778.png 1024w, https:\/\/estudiosgenealogicos.org\/choreno\/files\/2012\/12\/Blog-Gatillourbano-395x300.png 395w, https:\/\/estudiosgenealogicos.org\/choreno\/files\/2012\/12\/Blog-Gatillourbano.png 1281w\" sizes=\"auto, (max-width: 300px) 100vw, 300px\" \/><\/span><\/a><\/strong><\/span><\/p>\n<p style=\"text-align: justify\">Blog personal de Rafael \u00c1ngel G\u00f3mez Chore\u00f1o, creado en 2008 para publicar como\u00a0<em>gatillourbano<\/em>, su pseud\u00f3nimo m\u00e1s conocido, breves meditaciones filos\u00f3ficas, poemas, ilustraciones, im\u00e1genes y textos selectos de otros autores que son objeto de su reflexi\u00f3n o de su placer cotidiano. El blog de\u00a0<em>gatillourbano perdido en la ciudad del sinsentido<\/em>\u00a0ofrece la perspectiva m\u00e1s \u00edntima de la experiencia de un joven fil\u00f3sofo extraviado y complicado entre los problemas y paradojas m\u00e1s cotidianos de la vida civilizada.<\/p>\n<hr \/>\n<h2><a href=\"https:\/\/poesiayfilosofiarabe.wordpress.com\" target=\"_blank\" rel=\"noopener noreferrer\"><span style=\"color: #800000\"><strong>Poes\u00eda y filosof\u00eda \u00e1rabe<\/strong><\/span><\/a><\/h2>\n<h2><a href=\"https:\/\/poesiayfilosofiarabe.wordpress.com\" target=\"_blank\" rel=\"noopener noreferrer\"><span style=\"color: #800000\"><strong><img loading=\"lazy\" decoding=\"async\" class=\"wp-image-675 alignleft\" src=\"http:\/\/estudiosgenealogicos.org\/choreno\/files\/2012\/12\/Sitio-Web-Poes\u00eda-y-Filosof\u00eda-\u00e1rabe-162x300.png\" alt=\"\" width=\"227\" height=\"412\" \/><br \/>\n<\/strong><\/span><\/a><\/h2>\n<p style=\"text-align: justify\">\u00c9ste es el sitio web del curso de <b>Textos Filos\u00f3ficos 3<\/b>\u00a0que est\u00e1 dise\u00f1ado para impartirse como asignatura obligatoria de elecci\u00f3n del tercer semestre de la <strong>Licenciatura en Filosof\u00eda<\/strong> de la Facultad de Filosof\u00eda y Letras de la UNAM. Es un curso te\u00f3rico-pr\u00e1ctico de 32 horas y forma parte del \u00e1rea de m\u00e9todo y propede\u00fatica del Plan de Estudios de la carrera. Sus contenidos est\u00e1n articulados en un temario que ha sido organizado desde una perspectiva problem\u00e1tica, para facilitar el estudio de un conjunto de autores y obras representativos de la tradici\u00f3n \u00e1rabo-isl\u00e1mica medieval, as\u00ed como la comprensi\u00f3n cr\u00edtica de su emergencia hist\u00f3rica en un contexto cultural, social y pol\u00edtico fuertemente ligado al surgimiento de un nuevo modelo de civilizaci\u00f3n.<\/p>\n<hr \/>\n<p><strong><a href=\"https:\/\/ciudadesrenacentistas.wordpress.com\/category\/ciudades-renacentistas\/\" target=\"_blank\" rel=\"noopener noreferrer\">Filosof\u00eda y poes\u00eda en las ciudades del Renacimiento<img loading=\"lazy\" decoding=\"async\" class=\" wp-image-676 alignright\" src=\"http:\/\/estudiosgenealogicos.org\/choreno\/files\/2012\/12\/Filosof\u00eda-y-poes\u00eda-en-las-ciudades-del-Renacimiento-160x300.png\" alt=\"\" width=\"237\" height=\"435\" \/><\/a><\/strong><\/p>\n<p style=\"text-align: justify\">\u00c9ste es el sitio web del curso de <b>Textos filos\u00f3ficos 4<\/b>\u00a0que est\u00e1 dise\u00f1ado para impartirse como asignatura obligatoria de elecci\u00f3n del cuarto semestre de la <strong>Licenciatura en Filosof\u00eda<\/strong> de la Facultad de Filosof\u00eda y Letras de la UNAM. Es un curso te\u00f3rico de 32 horas y forma parte del eje proped\u00e9utico del Plan de Estudios de la carrera. Sus contenidos se apegan a los contenidos m\u00ednimos establecidos para la asignatura, pero est\u00e1n articulados en un temario que ha sido organizado desde una perspectiva problem\u00e1tica, para facilitar el estudio de un conjunto de autores y obras representativos de cultura filos\u00f3fica del Renacimiento, as\u00ed como la comprensi\u00f3n cr\u00edtica de su emergencia hist\u00f3rica en un contexto cultural, social y pol\u00edtico fuertemente ligado al surgimiento de un nuevo modelo de civilizaci\u00f3n: el de las ciudades renacentistas.<\/p>\n<hr \/>\n<h2><a href=\"https:\/\/enseanzadelafilosofia.wordpress.com\" target=\"_blank\" rel=\"noopener noreferrer\"><strong><span style=\"color: #993300\">Ense\u00f1anza de la Filosof\u00eda<\/span><\/strong><\/a><\/h2>\n<p style=\"text-align: justify\"><a href=\"https:\/\/enseanzadelafilosofia.wordpress.com\"><img loading=\"lazy\" decoding=\"async\" class=\" wp-image-677 alignleft\" src=\"http:\/\/estudiosgenealogicos.org\/choreno\/files\/2012\/12\/Sitio-Web-Ense\u00f1anza-de-la-Filosof\u00eda-158x300.png\" alt=\"\" width=\"251\" height=\"465\" \/><\/a><\/p>\n<p style=\"text-align: justify\">\u00c9ste es el sitio web del curso <strong>Ense\u00f1anza de la filosof\u00eda<\/strong>, el cual est\u00e1 dise\u00f1ado para impartirse como asignatura obligatoria del quinto semestre de la Licenciatura en Filosof\u00eda de la Facultad de Filosof\u00eda y Letras de la UNAM, y con el cual se busca la construcci\u00f3n de un espacio acad\u00e9mico para realizar una reflexi\u00f3n cr\u00edtica sobre la ense\u00f1anza de la filosof\u00eda en M\u00e9xico a partir de la revisi\u00f3n hist\u00f3rica de sus pr\u00e1cticas efectivas, es decir, asumiendo que \u00e9sta ha sido parte de un conjunto de procesos culturales que se han activado y desactivado con el paso del tiempo, hasta llegar a la forma que tienen actualmente las pr\u00e1cticas espec\u00edficas de la ense\u00f1anza de la filosof\u00eda.<\/p>\n<div class=\"page\" style=\"text-align: justify\" title=\"Page 2\"><\/div>\n<p>&nbsp;<\/p>\n<p>&nbsp;<\/p>\n<hr \/>\n<p><span style=\"color: #993300\"><strong><a title=\"La invenci\u00f3n del placer\" href=\"http:\/\/elea.unam.mx\/blog\/by-author?id=6\" target=\"_blank\" rel=\"noopener noreferrer\"><span style=\"color: #993300\">La invenci\u00f3n del placer<\/span><\/a><\/strong><\/span><\/p>\n<p><span style=\"color: #993300\"><strong><a title=\"La invenci\u00f3n del placer\" href=\"http:\/\/elea.unam.mx\/blog\/by-author?id=6\" target=\"_blank\" rel=\"noopener noreferrer\"><span style=\"color: #993300\"><img loading=\"lazy\" decoding=\"async\" class=\"aligncenter size-medium wp-image-688\" src=\"http:\/\/estudiosgenealogicos.org\/choreno\/files\/2012\/12\/Blog-La-invenci\u00f3n-del-placer-300x195.png\" alt=\"\" width=\"300\" height=\"195\" srcset=\"https:\/\/estudiosgenealogicos.org\/choreno\/files\/2012\/12\/Blog-La-invenci\u00f3n-del-placer-300x195.png 300w, https:\/\/estudiosgenealogicos.org\/choreno\/files\/2012\/12\/Blog-La-invenci\u00f3n-del-placer-1024x667.png 1024w, https:\/\/estudiosgenealogicos.org\/choreno\/files\/2012\/12\/Blog-La-invenci\u00f3n-del-placer-461x300.png 461w, https:\/\/estudiosgenealogicos.org\/choreno\/files\/2012\/12\/Blog-La-invenci\u00f3n-del-placer.png 1207w\" sizes=\"auto, (max-width: 300px) 100vw, 300px\" \/><\/span><\/a><\/strong><\/span><\/p>\n<p style=\"text-align: justify\">Este es mi blog personal en el Proyecto PAPIME \u00abEstrategias contempor\u00e1neas de lectura de la Antig\u00fcedad grecorromana\u00bb. En \u00e9l he tratado de desarrollar una investigaci\u00f3n sobre la lectura que hace Michel Onfray sobre los fil\u00f3sofos c\u00ednicos y cirenaicos.<\/p>\n<p>&nbsp;<\/p>\n<hr \/>\n<p><span style=\"color: #993300\"><strong><a title=\"La caja de herramientas\" href=\"http:\/\/www.mu.latteware.com\/rafaelangelgomezchoreno\/\"><span style=\"color: #993300\">La caja de herramientas<\/span><\/a><\/strong><\/span><\/p>\n<p style=\"text-align: justify\">Este es mi blog personal en el Proyecto PAPIME \u00abCentro de Recursos Digitales para el estudio y la ense\u00f1anza del Medioevo y el Renacimiento\u00bb. En \u00e9l he tratado de desarrollar un Centro de Recursos Digitales para la lectura, el estudio y la ense\u00f1anza de textos filos\u00f3ficos, pero tambi\u00e9n para la ense\u00f1anza de la filosof\u00eda en lo general y para la elaboraci\u00f3n de trabajos recepcionales.<\/p>\n<hr \/>\n<p><span style=\"color: #993300\"><strong><a title=\"El placer de la ense\u00f1anza de la filosof\u00eda\" href=\"http:\/\/www.paginaspersonales.unam.mx\/blogs\/placerfilosofia\/\" target=\"_blank\" rel=\"noopener noreferrer\"><span style=\"color: #993300\">El placer de la Ense\u00f1anza de la Filosof\u00eda<\/span><\/a><\/strong><\/span><\/p>\n<p><span style=\"color: #993300\"><strong><a title=\"El placer de la ense\u00f1anza de la filosof\u00eda\" href=\"http:\/\/www.paginaspersonales.unam.mx\/blogs\/placerfilosofia\/\" target=\"_blank\" rel=\"noopener noreferrer\"><span style=\"color: #993300\"><img loading=\"lazy\" decoding=\"async\" class=\"aligncenter size-medium wp-image-692\" src=\"http:\/\/estudiosgenealogicos.org\/choreno\/files\/2012\/12\/P\u00e1ginas-personales-UNAM-300x185.png\" alt=\"\" width=\"300\" height=\"185\" srcset=\"https:\/\/estudiosgenealogicos.org\/choreno\/files\/2012\/12\/P\u00e1ginas-personales-UNAM-300x185.png 300w, https:\/\/estudiosgenealogicos.org\/choreno\/files\/2012\/12\/P\u00e1ginas-personales-UNAM-1024x631.png 1024w, https:\/\/estudiosgenealogicos.org\/choreno\/files\/2012\/12\/P\u00e1ginas-personales-UNAM-487x300.png 487w, https:\/\/estudiosgenealogicos.org\/choreno\/files\/2012\/12\/P\u00e1ginas-personales-UNAM.png 1352w\" sizes=\"auto, (max-width: 300px) 100vw, 300px\" \/><\/span><\/a><\/strong><\/span><\/p>\n<p style=\"text-align: justify\">Blog personal de Rafael \u00c1ngel G\u00f3mez Chore\u00f1o, creado en 2011 para publicar como profesor universitario breves reflexiones filos\u00f3ficas sobre la Ense\u00f1anza de la Filosof\u00eda.<\/p>\n","protected":false},"excerpt":{"rendered":"<p>GRUPOS DE INVESTIGACI\u00d3N Grupo Acad\u00e9mico Marsilio Ficino El Grupo Acad\u00e9mico Marsilio Ficino (GAMF), encabezado por el Dr. Ernesto Priani Sais\u00f3, est\u00e1 constituido por un conjunto de investigadores, profesores y estudiantes de la licenciatura y el posgrado de la Facultad de &hellip; <a href=\"https:\/\/estudiosgenealogicos.org\/choreno\/pagina-ejemplo\/\">Sigue leyendo <span class=\"meta-nav\">&rarr;<\/span><\/a><\/p>\n","protected":false},"author":6,"featured_media":0,"parent":0,"menu_order":0,"comment_status":"open","ping_status":"open","template":"","meta":{"_bbp_topic_count":0,"_bbp_reply_count":0,"_bbp_total_topic_count":0,"_bbp_total_reply_count":0,"_bbp_voice_count":0,"_bbp_anonymous_reply_count":0,"_bbp_topic_count_hidden":0,"_bbp_reply_count_hidden":0,"_bbp_forum_subforum_count":0,"_crdt_document":"","footnotes":""},"class_list":["post-2","page","type-page","status-publish","hentry"],"jetpack_sharing_enabled":true,"_links":{"self":[{"href":"https:\/\/estudiosgenealogicos.org\/choreno\/wp-json\/wp\/v2\/pages\/2","targetHints":{"allow":["GET"]}}],"collection":[{"href":"https:\/\/estudiosgenealogicos.org\/choreno\/wp-json\/wp\/v2\/pages"}],"about":[{"href":"https:\/\/estudiosgenealogicos.org\/choreno\/wp-json\/wp\/v2\/types\/page"}],"author":[{"embeddable":true,"href":"https:\/\/estudiosgenealogicos.org\/choreno\/wp-json\/wp\/v2\/users\/6"}],"replies":[{"embeddable":true,"href":"https:\/\/estudiosgenealogicos.org\/choreno\/wp-json\/wp\/v2\/comments?post=2"}],"version-history":[{"count":18,"href":"https:\/\/estudiosgenealogicos.org\/choreno\/wp-json\/wp\/v2\/pages\/2\/revisions"}],"predecessor-version":[{"id":693,"href":"https:\/\/estudiosgenealogicos.org\/choreno\/wp-json\/wp\/v2\/pages\/2\/revisions\/693"}],"wp:attachment":[{"href":"https:\/\/estudiosgenealogicos.org\/choreno\/wp-json\/wp\/v2\/media?parent=2"}],"curies":[{"name":"wp","href":"https:\/\/api.w.org\/{rel}","templated":true}]}}