{"id":3,"date":"2012-12-01T09:22:44","date_gmt":"2012-12-01T09:22:44","guid":{"rendered":"http:\/\/estudiosgenealogicos.org\/choreno\/?page_id=3"},"modified":"2020-08-13T19:50:27","modified_gmt":"2020-08-14T01:50:27","slug":"publicaciones","status":"publish","type":"page","link":"https:\/\/estudiosgenealogicos.org\/choreno\/publicaciones\/","title":{"rendered":"Publicaciones"},"content":{"rendered":"<p><strong>LIBROS<\/strong><\/p>\n<p>\u00a0<\/p>\n<p style=\"text-align: justify;\">G\u00d3MEZ CHORE\u00d1O, Rafael \u00c1ngel:<em>\u00a0<strong>Estigmatizaci\u00f3n y exterminio. Apuntes para una genealog\u00eda de la violencia<\/strong><\/em>. M\u00e9xico, Centro de Estudios Geneal\u00f3gicos (Serie Uno), 2011. [ISBN: 978-607-8218-00-4]<\/p>\n<p>\u00a0<\/p>\n<p><strong>(en co-autor\u00eda)<\/strong><\/p>\n<p style=\"text-align: justify;\">PRIANI SAIS\u00d3, Ernesto y Rafael \u00c1ngel G\u00d3MEZ CHORE\u00d1O, <strong><em>Historia de las doctrinas filos\u00f3ficas<\/em><\/strong>.\u00a0M\u00e9xico, Pearson Educaci\u00f3n de M\u00e9xico, 2019. (Ciencias sociales) [ISBN: 978-607-32-5033-7]<\/p>\n<p>\u00a0<\/p>\n<p><strong>LIBROS COLECTIVOS<\/strong><\/p>\n<p>\u00a0<\/p>\n<p style=\"text-align: justify;\">CRUZ REVUELTAS, Juan Cristobal, Luis Alonso GERENA CARRILLO y Rafael \u00c1ngel G\u00d3MEZ CHORE\u00d1O (coords.), <strong><em>Fil\u00f3sofos c\u00ednicos. Aproximaciones para su estudio Universitario<\/em><\/strong>. M\u00e9xico, Bonilla Artigas Editores \/ Universidad Aut\u00f3noma del Estado de Morelos, 2018, pp. 95-117. (P\u00fablica Filos\u00f3fica, 5)\u00a0[ISBN 978-607-8560-31-8 (Bonilla Artigas Editores) \/ ISBN 978-607-8519-83-5 (UAEM)]<\/p>\n<p>\u00a0<\/p>\n<p style=\"text-align: justify;\">FLORES FARF\u00c1N, Leticia y Rafael \u00c1ngel G\u00d3MEZ CHORE\u00d1O (coords.),\u00a0<strong><em>Apropiaciones contempor\u00e1neas de la filosof\u00eda antigua<\/em><\/strong>. M\u00e9xico, Afinita Editorial M\u00e9xico \/ Universidad Nacional Aut\u00f3noma de M\u00e9xico, Facultad de Filosof\u00eda y Letras (Transe\u00fante), 2014. [ISBN AFINITA: 978-607-8013-15-9 \/\u00a0ISBN UNAM: 978-607-02-4908-2]<\/p>\n<p>\u00a0<\/p>\n<p style=\"text-align: justify;\">ANGULO PARRA, Yolanda\u00a0y Rafael \u00c1ngel G\u00d3MEZ CHORE\u00d1O (coords.):<em>\u00a0<\/em><strong><em>La filosof\u00eda como forma de vida y cr\u00edtica de la cultura<\/em><\/strong>. M\u00e9xico, Asociaci\u00f3n Filos\u00f3fica de M\u00e9xico, Centro de Estudios Geneal\u00f3gicos, 2012 (En prensa).<\/p>\n<p>\u00a0<\/p>\n<p><strong>LIBROS ELECTR\u00d3NICOS<\/strong><\/p>\n<p>\u00a0<\/p>\n<p style=\"text-align: justify;\">FLORES FARF\u00c1N, Leticia y Rafael \u00c1ngel G\u00d3MEZ CHORE\u00d1O (coords.),\u00a0<strong><em>Apropiaciones contempor\u00e1neas de la filosof\u00eda antigua<\/em><\/strong>. M\u00e9xico, Afinita Editorial M\u00e9xico \/ Universidad Nacional Aut\u00f3noma de M\u00e9xico, Facultad de Filosof\u00eda y Letras (Transe\u00fante), 2014. [ISBN AFINITA: 978-607-8013-15-9 \/\u00a0ISBN UNAM: 978-607-02-4908-2]<\/p>\n<p>\u00a0<\/p>\n<p style=\"text-align: justify;\">G\u00d3MEZ CHORE\u00d1O,\u00a0Rafael \u00c1ngel:<em>\u00a0<a href=\"http:\/\/estudiosgenealogicos.org\/libro-estigmatizacion-y-exterminio\/\" target=\"_blank\" rel=\"noopener noreferrer\"><strong>Estigmatizaci\u00f3n y exterminio. Apuntes para una genealog\u00eda de la violencia\u00a0<\/strong><\/a><\/em><a href=\"http:\/\/estudiosgenealogicos.org\/libro-estigmatizacion-y-exterminio\/\" target=\"_blank\" rel=\"noopener noreferrer\">[Libro digital]<\/a>. M\u00e9xico, Centro de Estudios Geneal\u00f3gicos (Serie Uno), 2011. [ISBN: 978-607-8218-01-1] Disponible en:\u00a0&lt;<a href=\"http:\/\/estudiosgenealogicos.org\/libro-estigmatizacion-y-exterminio\/\" target=\"_blank\" rel=\"noopener noreferrer\">http:\/\/estudiosgenealogicos.org\/libro-estigmatizacion-y-exterminio\/<\/a>&gt;<\/p>\n<p>\u00a0<\/p>\n<p style=\"text-align: justify;\">CONSTANTE, Alberto, Ernesto PRIANI SAIS\u00d3 y Rafael \u00c1ngel G\u00d3MEZ CHORE\u00d1O (coords.):<em>\u00a0<\/em><strong><em>Coloquio Michel Foucault. Reflexiones sobre el saber, el poder, la verdad y las pr\u00e1cticas de s\u00ed<\/em><\/strong>. M\u00e9xico, Universidad Nacional Aut\u00f3noma de M\u00e9xico, Facultad de Filosof\u00eda y Letras, RU-FFyL (Filosof\u00eda \/ Libros), 16 de febrero de 2009: &lt;<a href=\"http:\/\/hdl.handle.net\/10391\/323\">http:\/\/hdl.handle.net\/10391\/323<\/a>&gt;.<\/p>\n<p>\u00a0<\/p>\n<p><strong>ART\u00cdCULOS EN LIBROS<\/strong><\/p>\n<p>G\u00d3MEZ CHORE\u00d1O, Rafael \u00c1ngel: <strong>\u201cCuerpos n\u00f3madas: entre la\u00a0impotencia y el sentimiento de potencia\u201d<\/strong><em>,<\/em>\u00a0en Luis Alonso Gerena Carrillo y Arturo Aguirre Moreno (editores), <em><strong>Poder, violencia y Estado. Discusiones filos\u00f3ficas sobre los espacios de conflicto<\/strong><\/em>. Buenos Aires, Editorial Biblos, 2020, pp. 33-61. (Sociedad)\u00a0[ISBN 978-987-691-808-4<span style=\"font-size: inherit;\">]<\/span><\/p>\n<p>\u00a0<\/p>\n<p class=\"has-text-align-right\" style=\"text-align: justify;\">G\u00d3MEZ CHORE\u00d1O, Rafael \u00c1ngel: <strong>\u201cEl demonio de la soberbia: turbias fantas\u00edas de un coraz\u00f3n atribulado\u201d<\/strong><em>,<\/em>\u00a0en Armando Casas y Leticia Flores Farf\u00e1n (coords.), Soberbia<em>: Historia de los afectos. Ensayos de cine y filosof\u00eda<\/em>. M\u00e9xico, UNAM, Direcci\u00f3n General de Publicaciones y Fomento Editorial, Facultad de Filosof\u00eda y Letras, 2019, pp. 71-92. (Miradas en la obscuridad)\u00a0[ISBN 978-607-30-2067-1]<\/p>\n<p>\u00a0<\/p>\n<p style=\"text-align: justify;\">G\u00d3MEZ CHORE\u00d1O, Rafael \u00c1ngel: <strong>\u201cCiudades en duelo: cuerpo, memoria y violencia\u201d<\/strong><em>,<\/em>\u00a0en Arturo Aguirre Moreno y Juan Carlos Ayala Barr\u00f3n (coords.), <em>Tiempos sombr\u00edos: violencia en el M\u00e9xico contempor\u00e1neo<\/em>. Buenos Aires, Editorial Biblos, 2019, pp. 107-130. (Sociedad)\u00a0[ISBN 978-987-691-758-2]<\/p>\n<p>\u00a0<\/p>\n<p class=\"has-text-align-right\" style=\"text-align: justify;\">G\u00d3MEZ CHORE\u00d1O, Rafael \u00c1ngel: <strong>\u201cEl mal\u00e9volo y silencioso veneno de la envidia\u201d<\/strong><em>,<\/em>\u00a0en Armando Casas y Leticia Flores Farf\u00e1n (coords.), <em>Envidia: Historia de los afectos. Ensayos de cine y filosof\u00eda<\/em>. M\u00e9xico, UNAM, Direcci\u00f3n General de Publicaciones y Fomento Editorial, Facultad de Filosof\u00eda y Letras, 2018, pp. 75-94. (Miradas en la obscuridad)\u00a0[ISBN 978-607-30-1040-5]<\/p>\n<p>\u00a0<\/p>\n<p style=\"text-align: justify;\">G\u00d3MEZ CHORE\u00d1O, Rafael \u00c1ngel: \u00a0<em><strong>\u201c<\/strong><\/em><strong>Lenguaje e imaginaci\u00f3n: la fant\u00e1stica m\u00e1quina de pensar de Ram\u00f3n Llull<\/strong><em><strong>\u201d<\/strong>,<\/em>\u00a0en Bily L\u00f3pez (coord.),\u00a0<em>Filosof\u00eda del lenguaje. Horizontes y territorios<\/em>. M\u00e9xico, Colof\u00f3n, 2018, pp. 241-282. (Ediciones Acad\u00e9micas Filosof\u00eda)\u00a0[ISBN 978-607-8563-40-1]<\/p>\n<p>\u00a0<\/p>\n<p style=\"text-align: justify;\">G\u00d3MEZ CHORE\u00d1O, Rafael \u00c1ngel: \u00a0<strong>\u201cLa ciudad y los perros: la escena pol\u00edtica para una filosof\u00eda vagabunda<\/strong><strong>\u201d<\/strong><em>,<\/em>\u00a0en Juan Crist\u00f3bal Cruz Revueltas, Luis Alonso Gerena Carrillo y Rafael \u00c1ngel G\u00f3mez Chore\u00f1o (coords.), <em>Fil\u00f3sofos c\u00ednicos. Aproximaciones para su estudio Universitario<\/em>. M\u00e9xico, Bonilla Artigas Editores \/ Universidad Aut\u00f3noma del Estado de Morelos, 2018, pp. 95-123. (P\u00fablica Filos\u00f3fica, 5)\u00a0[ISBN 978-607-8560-31-8 (Bonilla Artigas Editores) \/ ISBN 978-607-8519-83-5 (UAEM)]<\/p>\n<p>\u00a0<\/p>\n<p style=\"text-align: justify;\">G\u00d3MEZ CHORE\u00d1O, Rafael \u00c1ngel: \u00a0<strong>\u201cLa acidia y los extra\u00f1os placeres de una vida in\u00fatil<\/strong><strong>\u201d<\/strong><em>,<\/em>\u00a0en Armando Casas y Leticia Flores Farf\u00e1n (coords.), Pereza<i>: Historia de los afectos. Ensayos de cine y filosof\u00eda<\/i>. M\u00e9xico, UNAM, Direcci\u00f3n General de Publicaciones y Fomento Editorial, Facultad de Filosof\u00eda y Letras, 2018, pp. 95-117. (Miradas en la obscuridad)\u00a0[ISBN 978-607-30-0496-1]<\/p>\n<p>\u00a0<\/p>\n<p style=\"text-align: justify;\">G\u00d3MEZ CHORE\u00d1O, Rafael \u00c1ngel:\u00a0<strong>\u201cPantalla, deseo e imagen digital: la re-producci\u00f3n de los afectos en las redes sociales\u201d<\/strong>,\u00a0en Alberto Constante y Ram\u00f3n Chaverry (coords.), <i>Redes sociales, virtualidad y subjetividades<\/i>. M\u00e9xico, Ediciones Monos\u00edlabo \/ UNAM, Direcci\u00f3n general de Asuntos del Personal Acad\u00e9mico, Facultad de Filosof\u00eda y Letras, 2017, pp. 225-257.\u00a0[ISBN EDICIONES MONOS\u00cdLABO: 978-607-97250-5-1 \/\u00a0ISBN UNAM: 978-607-02-9585-0]<\/p>\n<p>\u00a0<\/p>\n<p style=\"text-align: justify;\">G\u00d3MEZ CHORE\u00d1O, Rafael \u00c1ngel:\u00a0<strong>\u201cLa violencia como acontecimiento y espect\u00e1culo\u201d<\/strong>,\u00a0en Juan Carlos Ayala Barr\u00f3n (coord.), <i>Reflexiones en torno a la violencia en M\u00e9xico: acercamientos filos\u00f3ficos y sociales<\/i>. Sinaloa, Universidad Aut\u00f3noma de Sinaloa, 2016, pp. 121-141.\u00a0[ISBN 978-607-737-153-3]<\/p>\n<p>\u00a0<\/p>\n<p style=\"text-align: justify;\">G\u00d3MEZ CHORE\u00d1O, Rafael:\u00a0<strong>\u201cHabitaciones po\u00e9ticas del espacio p\u00fablico: montajes y desmontajes de la violencia\u201d<\/strong>,\u00a0en Arturo Aguirre, Anel Nochebuena y Mar\u00eda del Carmen Garc\u00eda Aguilar (comps.), <i>Estudios para la no-violencia 2. Pensar las\u00a0especialidades, el da\u00f1o y el testimonio<\/i>. M\u00e9xico, Af\u00ednita Editorial M\u00e9xico \/ 3 Norte Editorial, Instituto Municipal de Arte y Cultura de Puebla, 2016, 53-76.\u00a0[ISBN AFINITA: 978-607-8013-40-1 \/\u00a0ISBN 3 NORTE: 978-607-8123-47-6]\u00a0<strong>Disponible en l\u00ednea en:\u00a0<\/strong>&lt;<a href=\"https:\/\/www.researchgate.net\/publication\/315706322_ESTUDIOS_PARA_LA_NO-VIOLENCIA_2_PENSAR_LAS_ESPACIALIDADES_EL_DANO_Y_EL_TESTIMONIO\" target=\"_blank\" rel=\"noopener noreferrer\">https:\/\/www.researchgate.net\/publication\/315706322_ESTUDIOS_PARA_LA_NO-VIOLENCIA_2_PENSAR_LAS_ESPACIALIDADES_EL_DANO_Y_EL_TESTIMONIO<\/a>&gt;.<\/p>\n<p>\u00a0<\/p>\n<p style=\"text-align: justify;\">G\u00d3MEZ CHORE\u00d1O, Rafael \u00c1ngel:\u00a0<strong>\u201cEl arte entre los espacios virtuales y las comunidades imaginarias\u201d<\/strong>,\u00a0en Alberto Constante y Ram\u00f3n Chaverry (comps.), <i>Filosof\u00eda, arte y subjetividad. Reflexiones en la nube<\/i>. M\u00e9xico, Estudio Para\u00edso \/ UNAM, Facultad de Filosof\u00eda y Letras (Serie Tomo Aut\u00f3nomo), 2016, 101-120.\u00a0[ISBN ESTUDIO PARA\u00cdSO: 978-607-96389-3-1 \/\u00a0ISBN UNAM: 978-607-02-8028-3]\u00a0<strong>Disponible en l\u00ednea en:<\/strong>\u00a0&lt;<a href=\"https:\/\/www.researchgate.net\/publication\/309648132_Filosofia_arte_y_subjetividad_Reflexiones_en_la_Nube\" target=\"_blank\" rel=\"noopener noreferrer\">https:\/\/www.researchgate.net\/publication\/309648132_Filosofia_arte_y_subjetividad_Reflexiones_en_la_Nube<\/a>&gt;.<\/p>\n<p>\u00a0<\/p>\n<p style=\"text-align: justify;\">G\u00d3MEZ CHORE\u00d1O, Rafael \u00c1ngel: \u00a0<em><strong>\u201cGastrimargia:<\/strong><\/em><strong>\u00a0la voracidad de las pasiones<\/strong><em><strong>\u201d<\/strong>,<\/em>\u00a0en Armando Casas y Leticia Flores Farf\u00e1n (coords.), <i>Gula: Historia de los afectos. Ensayos de cine y filosof\u00eda<\/i>. M\u00e9xico, UNAM, Direcci\u00f3n General de Asuntos del Personal Acad\u00e9mico, Centro Universitario de Estudios Cinematogr\u00e1ficos, 2015, pp. 111-137.\u00a0[ISBN 978-607-02-7345-2]<\/p>\n<p>\u00a0<\/p>\n<p style=\"text-align: justify;\">G\u00d3MEZ CHORE\u00d1O, Rafael:\u00a0<strong>\u00abLa invenci\u00f3n del placer. Una mirada a la filosof\u00eda antigua para la apropiaci\u00f3n del materialismo hedonista\u00bb<\/strong> en Leticia y Rafael \u00c1ngel G\u00f3mez Chore\u00f1o (coords.),\u00a0<em>Apropiaciones contempor\u00e1neas de la filosof\u00eda antigua<\/em>. M\u00e9xico, Afinita Editorial M\u00e9xico \/ Universidad Nacional Aut\u00f3noma de M\u00e9xico, Facultad de Filosof\u00eda y Letras (Transe\u00fante), 2014, 143-166. [ISBN AFINITA: 978-607-8013-15-9 \/\u00a0ISBN UNAM: 978-607-02-4908-2]<\/p>\n<p>\u00a0<\/p>\n<p style=\"text-align: justify;\">G\u00d3MEZ CHORE\u00d1O, Rafael \u00c1ngel:\u00a0<strong>\u201c<\/strong><strong>El\u00a0<em>De ente et uno<\/em>\u00a0en el carnaval teol\u00f3gico-filos\u00f3fico del Renacimiento florentino<\/strong><strong>\u201d<\/strong>, en Ernesto Priani Sais\u00f3 (coord.):<em>\u00a0<\/em><em>Giovanni Pico della Mirandola: su pensamiento, influencias y repercusiones.<\/em>\u00a0M\u00e9xico, Universidad Nacional Aut\u00f3noma de M\u00e9xico, Facultad de Filosof\u00eda y Letras (Jornadas), 2012, pp. 91-105. [ISBN 978-607-02-3127-8]<\/p>\n<p>\u00a0<\/p>\n<p style=\"text-align: justify;\">PRIANI SAIS\u00d3, Ernesto y Rafael \u00c1ngel G\u00d3MEZ CHORE\u00d1O,\u00a0<strong>\u201cSan Agust\u00edn\u201d<\/strong>, en Elisabetta Di Castro (coord.):\u00a0<em>Justicia, desigualdad y exclusi\u00f3n. Vol. 1. De Plat\u00f3n a Stuart Mill<\/em>, M\u00e9xico, Universidad Nacional Aut\u00f3noma de M\u00e9xico, Secretar\u00eda de Desarrollo Institucional, Programa Transdisciplinario en Investigaci\u00f3n y Desarrollo para Facultades y Escuelas, 2009, pp. 67-94.<\/p>\n<p>\u00a0<\/p>\n<p><strong>ART\u00cdCULOS EN LIBROS DE PUBLICACI\u00d3N ELECTR\u00d3NICA<\/strong><\/p>\n<p>\u00a0<\/p>\n<p style=\"text-align: justify;\">G\u00d3MEZ CHORE\u00d1O, Rafael \u00c1ngel,\u00a0<strong>\u201c<\/strong><strong>La filosof\u00eda como forma de resistencia y ejercicio de libertad en la\u00a0<em>ciudad del sinsentido<\/em><\/strong><strong>\u201d<\/strong>, en Yolanda Angulo Parra y Rafael \u00c1ngel G\u00f3mez Chore\u00f1o (coords.):<em>\u00a0<\/em><em>La filosof\u00eda como forma de vida y cr\u00edtica de la cultura<\/em>. M\u00e9xico, Asociaci\u00f3n Filos\u00f3fica de M\u00e9xico, Centro de Estudios Geneal\u00f3gicos, 2010 (En prensa).<\/p>\n<p>\u00a0<\/p>\n<p style=\"text-align: justify;\">G\u00d3MEZ CHORE\u00d1O, Rafael \u00c1ngel,\u00a0<a title=\"Terror y espect\u00e1culo en la ciudad del sinsentido\" href=\"http:\/\/hdl.handle.net\/10391\/323\" target=\"_blank\" rel=\"noopener noreferrer\"><strong>\u201c<\/strong><strong>Terror y espect\u00e1culo en la\u00a0<em>ciudad del sinsentido<\/em>: entre la\u00a0<em>gubernamentalidad<\/em>\u00a0y el\u00a0<em>cuidado de s\u00ed<\/em><\/strong><strong>\u201d<\/strong><\/a>, en Alberto Constante, Ernesto Priani Sais\u00f3 y Rafael \u00c1ngel G\u00f3mez Chore\u00f1o (coords.):<em>\u00a0<\/em><em>Coloquio Michel Foucault. Reflexiones sobre el saber, el poder, la verdad y las pr\u00e1cticas de s\u00ed<\/em>. M\u00e9xico, Universidad Nacional Aut\u00f3noma de M\u00e9xico, Facultad de Filosof\u00eda y Letras, RU-FFyL (Filosof\u00eda \/ Libros), 16 de febrero de 2009, pp. 83-100: &lt;<a href=\"http:\/\/hdl.handle.net\/10391\/323\">http:\/\/hdl.handle.net\/10391\/323<\/a>&gt;.<\/p>\n<p>\u00a0<\/p>\n<p><strong>ART\u00cdCULOS EN REVISTAS ARBITRADAS<\/strong><\/p>\n<p>\u00a0<\/p>\n<p style=\"text-align: justify;\">G\u00d3MEZ CHORE\u00d1O, Rafael \u00c1ngel,\u00a0<strong>\u201cDi\u00e1logos \u00e9ticos para la gobernanza del ciberespacio\u201d<\/strong>, en <em>Metapol\u00edtica,<\/em>\u00a0Puebla, M\u00e9xico, Benem\u00e9rita Universidad Aut\u00f3noma de Puebla, A\u00f1o 20, N\u00fam. 93, \u201cViolencia en la democracia\u201d, abril-junio 2016, pp. 98-101.\u00a0[ISSN 1405-4558]<\/p>\n<p>\u00a0<\/p>\n<p><strong>ART\u00cdCULOS EN REVISTAS ELECTR\u00d3NICAS ARBITRADAS<\/strong><\/p>\n<p>\u00a0<\/p>\n<p style=\"text-align: justify;\">G\u00f3mez Chore\u00f1o, Rafael \u00c1ngel,\u00a0<strong><a title=\"Violencia Miedo y Seguridad\" href=\"http:\/\/reflexionesmarginales.com\/3.0\/causalidad-y-responsabilidad\/\" target=\"_blank\" rel=\"noopener noreferrer\">\u201cCausalidad y responsabilidad\u201d\u00a0[en l\u00ednea]<\/a><\/strong>, en\u00a0<em>Revista Reflexiones Marginales. Saberes de frontera.<\/em>\u00a0Ciudad de M\u00e9xico, M\u00e9xico, Universidad Nacional Aut\u00f3noma de M\u00e9xico, Facultad de Filosof\u00eda y Letras, A\u00f1o 6, N\u00fam. 36, \u201cDanza y filosof\u00eda\u201d, diciembre 2016-enero 2017.\u00a0[ISSN 2007-8501]<\/p>\n<p>\u00a0<\/p>\n<p style=\"text-align: justify;\">G\u00d3MEZ CHORE\u00d1O, Rafael \u00c1ngel,\u00a0<a title=\"Violencia Miedo y Seguridad\" href=\"http:\/\/es.scribd.com\/doc\/50552925\/Revista-Estudiantil-Movimiento-Numero-6-Violencia-Miedo-y-Seguridad\" target=\"_blank\" rel=\"noopener noreferrer\"><strong>\u201cTerrorismo: an\u00e1lisis geneal\u00f3gico del fen\u00f3meno pol\u00edtico-cultural\u201d<\/strong>\u00a0[en l\u00ednea]<\/a>, en\u00a0<em>Revista Estudiantil Movimiento. Libertad de las Ideas.<\/em>\u00a0Bogot\u00e1, Colombia, Universidad de Santo Tom\u00e1s, N\u00fam. 6, \u00abViolencia, miedo y seguridad\u00bb, enero-junio de 2010, pp. 22-25. [ISSN 2145-9177] Disponible en: &lt;http:\/\/es.scribd.com\/doc\/50552925\/Revista-Estudiantil-Movimiento-Numero-6-Violencia-Miedo-y-Seguridad&gt;.<\/p>\n<p>\u00a0<\/p>\n<p style=\"text-align: justify;\">G\u00d3MEZ CHORE\u00d1O, Rafael \u00c1ngel,\u00a0<a title=\"VIOLENCIA SEGURIDAD y BARBARIE\" href=\"http:\/\/octi.guanajuato.gob.mx\/octigto\/formularios\/ideasConcyteg\/Archivos\/36062008_VIOLENCIA_SEGURIDAD_BARBARIE_CD_SINSENTIDO.pdf\" target=\"_blank\" rel=\"noopener noreferrer\"><strong>\u201cViolencia, seguridad y barbarie en la\u00a0<em>ciudad del sinsentido<\/em>\u201d<\/strong>\u00a0[en l\u00ednea]<\/a>, en\u00a0<em>Gaceta Ide@s CONCYTEG.<\/em>\u00a0Guanajuato, A\u00f1o 3, N\u00fam. 36, 5 de junio de 2008, pp. 69-93. Disponible en: &lt;http:\/\/octi.guanajuato.gob.mx\/octigto\/index.php?option=com_wrapper&amp;Itemid=3&gt;.<\/p>\n<p>\u00a0<\/p>\n<p><strong>ART\u00cdCULOS EN REVISTAS DE DIVULGACI\u00d3N<\/strong><\/p>\n<p>\u00a0<\/p>\n<p>G\u00d3MEZ CHORE\u00d1O, Rafael \u00c1ngel,\u00a0<strong>\u201cLa ciudad y los perros: la escena pol\u00edtica para una filosof\u00eda vagabunda\u201d<\/strong>, en\u00a0<em>PUF\u2019. Revista cartonera,<\/em>\u00a0Ciudad de M\u00e9xico, N\u00fam. 11, diciembre 2018, pp. 44-47.<\/p>\n<p>\u00a0<\/p>\n<p>G\u00d3MEZ CHORE\u00d1O, Rafael \u00c1ngel,\u00a0<strong>\u201cCiudad, \u00e9xtasis y\u00a0enso\u00f1aci\u00f3n. Formas psicoactivas de ciudadan\u00eda\u201d<\/strong>, en\u00a0<em>Revista Palabrijes. El placer de la lengua.<\/em>\u00a0Ciudad de M\u00e9xico, M\u00e9xico, Universidad Aut\u00f3noma de la Ciudad de M\u00e9xico, A\u00f1o 6, N\u00fam. 13, \u201cEbriedades\u201d, enero-junio 2015.\u00a0[ISSN 2007-8285]<\/p>\n<p>\u00a0<\/p>\n<p style=\"text-align: justify;\">G\u00d3MEZ CHORE\u00d1O, Rafael \u00c1ngel,\u00a0<strong>\u201cPoscultura, crisis y religi\u00f3n\u201d<\/strong>, en\u00a0<em>Calambur. Revista Estudiantil de la Facultad de Filosof\u00eda y Letras<\/em>, M\u00e9xico, Universidad Nacional Aut\u00f3noma de M\u00e9xico, A\u00f1o 6, N\u00fam. 9, Tercera \u00c9poca, Oto\u00f1o-Invierno 98-99, pp. 43-45.<\/p>\n<p>\u00a0<\/p>\n<p><strong>TRADUCCIONES<\/strong><\/p>\n<p>\u00a0<\/p>\n<p style=\"text-align: justify;\">GIOVANNI PICO DELLA MIRANDOLA,\u00a0<strong><em>Las 900 Tesis<\/em><\/strong>. Presentaci\u00f3n y coordinaci\u00f3n de la traducci\u00f3n de Ernesto Priani Sais\u00f3. Traducci\u00f3n y notas de las primeras 300 tesis de Silvia Magnavacca. Traducci\u00f3n y notas del resto de las tesis de Absalom Garc\u00eda Chow, Alejandro Flores Jim\u00e9nez, Mar\u00eda Teresa Rodr\u00edguez Gonz\u00e1lez, Rafael \u00c1ngel G\u00f3mez Chore\u00f1o, Nicol\u00e1s Mutchinick Babinsky, Edwing Rold\u00e1n, Iv\u00e1n Salgado, Gema Ivette Sarmiento Guti\u00e9rrez y Ernesto Priani Sais\u00f3. M\u00e9xico, Universidad Nacional Aut\u00f3noma de M\u00e9xico, Coordinaci\u00f3n de Humanidades (Nuestros Cl\u00e1sicos, 102), 2014.<\/p>\n<p>\u00a0<\/p>\n<p><strong>COLABORACI\u00d3N EN LIBROS<\/strong><\/p>\n<p>\u00a0<\/p>\n<p>Colaborador, en Yolanda Angulo Parra,\u00a0<strong><em>Filosof\u00eda.<\/em><\/strong>\u00a0M\u00e9xico, Editorial Santillana, 2007.<\/p>\n<p>\u00a0<\/p>\n<p>Colaborador, en Yolanda Angulo Parra,\u00a0<em><strong>\u00c9tica y Valores II<\/strong>.<\/em>\u00a0M\u00e9xico, Editorial Santillana, 2006.<\/p>\n<p>\u00a0<\/p>\n<p>Colaborador, en Yolanda Angulo Parra,\u00a0<strong><em>\u00c9tica y Valores I.<\/em><\/strong>\u00a0M\u00e9xico, Editorial Santillana, 2004.<\/p>\n\n\n<p class=\"wp-block-paragraph\"><\/p>\n","protected":false},"excerpt":{"rendered":"<p>LIBROS \u00a0 G\u00d3MEZ CHORE\u00d1O, Rafael \u00c1ngel:\u00a0Estigmatizaci\u00f3n y exterminio. Apuntes para una genealog\u00eda de la violencia. M\u00e9xico, Centro de Estudios Geneal\u00f3gicos (Serie Uno), 2011. [ISBN: 978-607-8218-00-4] \u00a0 (en co-autor\u00eda) PRIANI SAIS\u00d3, Ernesto y Rafael \u00c1ngel G\u00d3MEZ CHORE\u00d1O, Historia de las doctrinas &hellip; <a href=\"https:\/\/estudiosgenealogicos.org\/choreno\/publicaciones\/\">Sigue leyendo <span class=\"meta-nav\">&rarr;<\/span><\/a><\/p>\n","protected":false},"author":6,"featured_media":0,"parent":0,"menu_order":0,"comment_status":"open","ping_status":"open","template":"","meta":{"_bbp_topic_count":0,"_bbp_reply_count":0,"_bbp_total_topic_count":0,"_bbp_total_reply_count":0,"_bbp_voice_count":0,"_bbp_anonymous_reply_count":0,"_bbp_topic_count_hidden":0,"_bbp_reply_count_hidden":0,"_bbp_forum_subforum_count":0,"_crdt_document":"","footnotes":""},"class_list":["post-3","page","type-page","status-publish","hentry"],"jetpack_sharing_enabled":true,"_links":{"self":[{"href":"https:\/\/estudiosgenealogicos.org\/choreno\/wp-json\/wp\/v2\/pages\/3","targetHints":{"allow":["GET"]}}],"collection":[{"href":"https:\/\/estudiosgenealogicos.org\/choreno\/wp-json\/wp\/v2\/pages"}],"about":[{"href":"https:\/\/estudiosgenealogicos.org\/choreno\/wp-json\/wp\/v2\/types\/page"}],"author":[{"embeddable":true,"href":"https:\/\/estudiosgenealogicos.org\/choreno\/wp-json\/wp\/v2\/users\/6"}],"replies":[{"embeddable":true,"href":"https:\/\/estudiosgenealogicos.org\/choreno\/wp-json\/wp\/v2\/comments?post=3"}],"version-history":[{"count":22,"href":"https:\/\/estudiosgenealogicos.org\/choreno\/wp-json\/wp\/v2\/pages\/3\/revisions"}],"predecessor-version":[{"id":1024,"href":"https:\/\/estudiosgenealogicos.org\/choreno\/wp-json\/wp\/v2\/pages\/3\/revisions\/1024"}],"wp:attachment":[{"href":"https:\/\/estudiosgenealogicos.org\/choreno\/wp-json\/wp\/v2\/media?parent=3"}],"curies":[{"name":"wp","href":"https:\/\/api.w.org\/{rel}","templated":true}]}}