{"id":32,"date":"2012-12-01T09:47:00","date_gmt":"2012-12-01T09:47:00","guid":{"rendered":"http:\/\/estudiosgenealogicos.org\/choreno\/?page_id=32"},"modified":"2012-12-01T09:47:00","modified_gmt":"2012-12-01T09:47:00","slug":"metodologia-de-la-investigacion","status":"publish","type":"page","link":"https:\/\/estudiosgenealogicos.org\/choreno\/proyectos-de-investigacion\/metodologia-de-la-investigacion\/","title":{"rendered":"Metodolog\u00eda de la Investigaci\u00f3n"},"content":{"rendered":"<p>Este proyecto colectivo est\u00e1 orientado al estudio de las diferentes culturas de investigaci\u00f3n, as\u00ed como al estudio de los espacios de saber-poder, las t\u00e9cnicas y mecanismos disciplinarios de la investigaci\u00f3n en su contexto de emergencia, sin olvidar el an\u00e1lisis de la procedencia de las distintas formas de voluntad de conocimiento y verdad que alimentan las diversas culturas de investigaci\u00f3n imperantes en nuestro tiempo.<\/p>\n","protected":false},"excerpt":{"rendered":"<p>Este proyecto colectivo est\u00e1 orientado al estudio de las diferentes culturas de investigaci\u00f3n, as\u00ed como al estudio de los espacios de saber-poder, las t\u00e9cnicas y mecanismos disciplinarios de la investigaci\u00f3n en su contexto de emergencia, sin olvidar el an\u00e1lisis de &hellip; <a href=\"https:\/\/estudiosgenealogicos.org\/choreno\/proyectos-de-investigacion\/metodologia-de-la-investigacion\/\">Sigue leyendo <span class=\"meta-nav\">&rarr;<\/span><\/a><\/p>\n","protected":false},"author":6,"featured_media":0,"parent":9,"menu_order":0,"comment_status":"open","ping_status":"open","template":"","meta":{"_bbp_topic_count":0,"_bbp_reply_count":0,"_bbp_total_topic_count":0,"_bbp_total_reply_count":0,"_bbp_voice_count":0,"_bbp_anonymous_reply_count":0,"_bbp_topic_count_hidden":0,"_bbp_reply_count_hidden":0,"_bbp_forum_subforum_count":0,"_crdt_document":"","footnotes":""},"class_list":["post-32","page","type-page","status-publish","hentry"],"jetpack_sharing_enabled":true,"_links":{"self":[{"href":"https:\/\/estudiosgenealogicos.org\/choreno\/wp-json\/wp\/v2\/pages\/32","targetHints":{"allow":["GET"]}}],"collection":[{"href":"https:\/\/estudiosgenealogicos.org\/choreno\/wp-json\/wp\/v2\/pages"}],"about":[{"href":"https:\/\/estudiosgenealogicos.org\/choreno\/wp-json\/wp\/v2\/types\/page"}],"author":[{"embeddable":true,"href":"https:\/\/estudiosgenealogicos.org\/choreno\/wp-json\/wp\/v2\/users\/6"}],"replies":[{"embeddable":true,"href":"https:\/\/estudiosgenealogicos.org\/choreno\/wp-json\/wp\/v2\/comments?post=32"}],"version-history":[{"count":1,"href":"https:\/\/estudiosgenealogicos.org\/choreno\/wp-json\/wp\/v2\/pages\/32\/revisions"}],"predecessor-version":[{"id":33,"href":"https:\/\/estudiosgenealogicos.org\/choreno\/wp-json\/wp\/v2\/pages\/32\/revisions\/33"}],"up":[{"embeddable":true,"href":"https:\/\/estudiosgenealogicos.org\/choreno\/wp-json\/wp\/v2\/pages\/9"}],"wp:attachment":[{"href":"https:\/\/estudiosgenealogicos.org\/choreno\/wp-json\/wp\/v2\/media?parent=32"}],"curies":[{"name":"wp","href":"https:\/\/api.w.org\/{rel}","templated":true}]}}