{"id":51,"date":"2012-12-01T09:59:53","date_gmt":"2012-12-01T09:59:53","guid":{"rendered":"http:\/\/estudiosgenealogicos.org\/choreno\/?page_id=51"},"modified":"2012-12-01T09:59:53","modified_gmt":"2012-12-01T09:59:53","slug":"cursos-de-licenciatura","status":"publish","type":"page","link":"https:\/\/estudiosgenealogicos.org\/choreno\/trayectoria-academica\/docencia\/cursos-de-licenciatura\/","title":{"rendered":"Cursos de Licenciatura"},"content":{"rendered":"<h4><strong>Profesor de Asignatura<\/strong><\/h4>\n<h4><strong>Universidad Nacional Aut\u00f3noma de M\u00e9xico<\/strong><\/h4>\n<h4><strong><\/strong><strong>Facultad de Filosof\u00eda y Letras<\/strong><\/h4>\n<h4><strong><strong><\/strong><\/strong><strong>Licenciatura en Filosof\u00eda<\/strong><\/h4>\n<p>&nbsp;<\/p>\n<h4><strong>Textos filos\u00f3ficos 3<\/strong><\/h4>\n<h4><strong><\/strong>Asignatura obligatoria del \u00e1rea de m\u00e9todo y proped\u00e9utica, imparida durante los semestres 2010-1 (del 10 de agosto de 2009 al 1 de febrero de 2010); 2011-1 (del 9 de agosto de 2010 al 30 de enero de 2011); 2012-1 (del 8 de agosto de 2011 al 29 de enero de 2012); y 2013-1 (en curso actualmente).<\/h4>\n<p>&nbsp;<\/p>\n<h4><strong>Seminario de Tesis 1<\/strong><\/h4>\n<h4><strong><\/strong>Asignatura obligatoria del \u00e1rea de m\u00e9todo y proped\u00e9utica, impartida durante los semestres 2011-1 (del 9 de agosto de 2010 al 30 de enero de 2011); 2012-1 (del 8 de agosto de 2011 al 29 de enero de 2012); y 2013-1 (en curso actualmente).<\/h4>\n<p>&nbsp;<\/p>\n<h4><strong>Seminario de Tesis 2<\/strong><\/h4>\n<h4><strong><\/strong>Asignatura obligatoria del \u00e1rea de m\u00e9todo y proped\u00e9utica, impartida durante los semestres 2010-2 (del 2 de febrero al 8 de agosto de 2010), 2011-2 (del 31 de enero al 8 de agosto de 2011) y 2012-1 (del 30 de enero al 5 de agosto de 2012).<strong>\u00a0<\/strong><\/h4>\n<p>&nbsp;<\/p>\n<h4><strong>Optativa de Textos filos\u00f3ficos 4<\/strong><\/h4>\n<h4><strong><\/strong>Asignatura optativa del \u00e1rea de m\u00e9todo y proped\u00e9utica, impartida durante los semestres 2011-2 (del 31 de enero de 2011 al 8 de agosto de 2011) y 2012-2 (del 30 de enero al 5 de agosto de 2012).<\/h4>\n<p>&nbsp;<\/p>\n<h4><strong>Historia de la filosof\u00eda 4: Del Renacimiento a Descartes<\/strong><\/h4>\n<h4><strong><\/strong>Asignatura obligatoria del \u00e1rea de historia de la filosof\u00eda, impartida durante el semestre 2009-2 (del 3 de febrero al 9 de agosto de 2009).<\/h4>\n<p>&nbsp;<\/p>\n<h4><strong>Historia de la filosof\u00eda 3: Edad Media<\/strong><\/h4>\n<h4><strong><\/strong>Asignatura obligatoria del \u00e1rea de historia de la filosof\u00eda, impartida durante el semestre 2009-1 (del 11 de agosto de 2008 al 2 febrero de 2009).<\/h4>\n<p>&nbsp;<\/p>\n<h4><strong>Ayudante de Profesor<\/strong><\/h4>\n<h4><strong><\/strong><strong>Est\u00e9tica 2<\/strong><\/h4>\n<h4><strong><\/strong>Ayudante de la Lic. Silvia Dur\u00e1n Pay\u00e1n en la asignatura obligatoria del \u00e1rea de est\u00e9tica, impartida durante el semestre 2008-2 (del 5 de febrero al 10 de agosto de 2008).<\/h4>\n<p>&nbsp;<\/p>\n<h4><strong>Est\u00e9tica 1<\/strong><\/h4>\n<h4><strong><\/strong>Ayudante de la Lic. Silvia Dur\u00e1n Pay\u00e1n en la asignatura obligatoria del \u00e1rea de est\u00e9tica, impartida durante el Semestre 2008-1(del 13 de agosto de 2007 al 4 de febrero de 2008).<\/h4>\n<p>&nbsp;<\/p>\n<h4><strong>Profesor de Asignatura<\/strong><\/h4>\n<h4><strong>Universidad Aut\u00f3noma del Estado de Morelos<\/strong><\/h4>\n<h4><strong>Facultad de Humanidades<\/strong><\/h4>\n<h4><strong>Licenciatura en Filosof\u00eda\u00a0<\/strong>(Modalidad semiescolarizada)<\/h4>\n<p>&nbsp;<\/p>\n<h4><strong>L\u00f3gica cl\u00e1sica<\/strong><\/h4>\n<h4><strong><\/strong>Asignatura obligatoria del 3er semestre, impartida del.<\/h4>\n<p>&nbsp;<\/p>\n<h4><strong>Profesor de Asignatura<\/strong><\/h4>\n<h4><strong><em>Arte 7<\/em>\u00a0Escuela de Cine<\/strong><\/h4>\n<h4><strong>Carrera de Cine<\/strong><\/h4>\n<p>&nbsp;<\/p>\n<h4><strong>Est\u00e9tica<\/strong><\/h4>\n<h4><strong><\/strong>Asignatura obligatoria dentro del plan de estudios de la carrera de Cine,\u00a0impartida del.<\/h4>\n","protected":false},"excerpt":{"rendered":"<p>Profesor de Asignatura Universidad Nacional Aut\u00f3noma de M\u00e9xico Facultad de Filosof\u00eda y Letras Licenciatura en Filosof\u00eda &nbsp; Textos filos\u00f3ficos 3 Asignatura obligatoria del \u00e1rea de m\u00e9todo y proped\u00e9utica, imparida durante los semestres 2010-1 (del 10 de agosto de 2009 al &hellip; <a href=\"https:\/\/estudiosgenealogicos.org\/choreno\/trayectoria-academica\/docencia\/cursos-de-licenciatura\/\">Sigue leyendo <span class=\"meta-nav\">&rarr;<\/span><\/a><\/p>\n","protected":false},"author":6,"featured_media":0,"parent":40,"menu_order":0,"comment_status":"open","ping_status":"open","template":"","meta":{"_bbp_topic_count":0,"_bbp_reply_count":0,"_bbp_total_topic_count":0,"_bbp_total_reply_count":0,"_bbp_voice_count":0,"_bbp_anonymous_reply_count":0,"_bbp_topic_count_hidden":0,"_bbp_reply_count_hidden":0,"_bbp_forum_subforum_count":0,"_crdt_document":"","footnotes":""},"class_list":["post-51","page","type-page","status-publish","hentry"],"jetpack_sharing_enabled":true,"_links":{"self":[{"href":"https:\/\/estudiosgenealogicos.org\/choreno\/wp-json\/wp\/v2\/pages\/51","targetHints":{"allow":["GET"]}}],"collection":[{"href":"https:\/\/estudiosgenealogicos.org\/choreno\/wp-json\/wp\/v2\/pages"}],"about":[{"href":"https:\/\/estudiosgenealogicos.org\/choreno\/wp-json\/wp\/v2\/types\/page"}],"author":[{"embeddable":true,"href":"https:\/\/estudiosgenealogicos.org\/choreno\/wp-json\/wp\/v2\/users\/6"}],"replies":[{"embeddable":true,"href":"https:\/\/estudiosgenealogicos.org\/choreno\/wp-json\/wp\/v2\/comments?post=51"}],"version-history":[{"count":1,"href":"https:\/\/estudiosgenealogicos.org\/choreno\/wp-json\/wp\/v2\/pages\/51\/revisions"}],"predecessor-version":[{"id":52,"href":"https:\/\/estudiosgenealogicos.org\/choreno\/wp-json\/wp\/v2\/pages\/51\/revisions\/52"}],"up":[{"embeddable":true,"href":"https:\/\/estudiosgenealogicos.org\/choreno\/wp-json\/wp\/v2\/pages\/40"}],"wp:attachment":[{"href":"https:\/\/estudiosgenealogicos.org\/choreno\/wp-json\/wp\/v2\/media?parent=51"}],"curies":[{"name":"wp","href":"https:\/\/api.w.org\/{rel}","templated":true}]}}