{"id":53,"date":"2012-12-01T10:01:07","date_gmt":"2012-12-01T10:01:07","guid":{"rendered":"http:\/\/estudiosgenealogicos.org\/choreno\/?page_id=53"},"modified":"2012-12-01T10:01:07","modified_gmt":"2012-12-01T10:01:07","slug":"cursos-en-diplomados","status":"publish","type":"page","link":"https:\/\/estudiosgenealogicos.org\/choreno\/trayectoria-academica\/docencia\/cursos-en-diplomados\/","title":{"rendered":"Cursos en Diplomados"},"content":{"rendered":"<h4><strong>Introducci\u00f3n\u00a0<\/strong>(4 horas)<\/h4>\n<h4>Curso impartido como M\u00f3dulo Introductorio en el\u00a0<strong>\u201cPrograma de Apoyo a la Titulaci\u00f3n en Pedagog\u00eda, Filosof\u00eda y Bibliotecolog\u00eda\u201d<\/strong>, Diplomado que se llev\u00f3 a cabo dentro del Programa de Actividades de la Divisi\u00f3n de Educaci\u00f3n Continua (Oto\u00f1o 2010) de la FFyL de la UNAM,\u00a0el 20 y 27 de noviembre de 2010.<\/h4>\n<p>&nbsp;<\/p>\n<h4><strong>El imperio contraataca: la industria cultural y las propuestas cr\u00edticas del nuevo siglo\u00a0<\/strong>(18 horas)<\/h4>\n<h4>Curso impartido como M\u00f3dulo VIII del Diplomado\u00a0<strong>\u201cContracultura y montajes alternos\u201d<\/strong>,coordinado por Osiris Sinuh\u00e9 Gonz\u00e1lez Romero y Rafael \u00c1ngel G\u00f3mez Chore\u00f1o, dentro del Programa de Actividades de la Divisi\u00f3n de Educaci\u00f3n Continua (Oto\u00f1o 2009) de la FFyL de la UNAM, del 28 de abril al 14 de mayo de 2010.<\/h4>\n<p>&nbsp;<\/p>\n<h4><strong>Introducci\u00f3n a la contracultura\u00a0<\/strong>(27 horas)<\/h4>\n<h4>Curso impartido como M\u00f3dulo I en el Diplomado\u00a0<strong>\u201cContracultura y montajes alternos\u201d<\/strong>, coordinado por Osiris Sinuh\u00e9 Gonz\u00e1lez Romero y Rafael \u00c1ngel G\u00f3mez Chore\u00f1o, dentro del Programa de Actividades de la Divisi\u00f3n de Educaci\u00f3n Continua (Oto\u00f1o 2009) de la FFyL de la UNAM,\u00a0del 21 de octubre al 18 de noviembre de 2009.<\/h4>\n<p>&nbsp;<\/p>\n<h4><strong>Pueblo, soberan\u00eda y participaci\u00f3n ciudadana desde la perspectiva ilustrada de Rousseau\u00a0<\/strong>(4 horas)<\/h4>\n<h4>Curso impartido como Sesi\u00f3n 10 del Diplomado\u00a0<strong>\u201cFilosof\u00eda pol\u00edtica\u201d<\/strong>, coordinado por Bily L\u00f3pez Gonz\u00e1lez y Rafael \u00c1ngel G\u00f3mez Chore\u00f1o, dentro del Programa General de Actividades Acad\u00e9micas del Centro de Estudios Geneal\u00f3gicos para la Investigaci\u00f3n de la Cultura en M\u00e9xico y Am\u00e9rica Latina y la Secretar\u00eda de Gobierno del Distrito Federal,\u00a0el 17 de octubre de 2009.<\/h4>\n<p>&nbsp;<\/p>\n<h4><strong>Historia, gobierno y soberan\u00eda: el problema del justo ejercicio del poder en la perspectiva republicana de Nicol\u00e1s de Maquiavelo\u00a0<\/strong>(4 horas)<\/h4>\n<h4>Curso impartido como Sesi\u00f3n 8 del Diplomado\u00a0<strong>\u201cFilosof\u00eda pol\u00edtica\u201d<\/strong>, coordinado por Bily L\u00f3pez Gonz\u00e1lez y Rafael \u00c1ngel G\u00f3mez Chore\u00f1o, dentro del Programa General de Actividades Acad\u00e9micas del Centro de Estudios Geneal\u00f3gicos para la Investigaci\u00f3n de la Cultura en M\u00e9xico y Am\u00e9rica Latina y la Secretar\u00eda de Gobierno del Distrito Federal,\u00a0el 3 de octubre de 2009.<\/h4>\n<p>&nbsp;<\/p>\n<h4><strong>Ciudadan\u00eda, libertad y justicia en el pensamiento pol\u00edtico<\/strong><\/h4>\n<h4><strong>de Agust\u00edn de Hipona\u00a0<\/strong>(4 horas)<\/h4>\n<h4>Curso impartido como Sesi\u00f3n 6 del Diplomado\u00a0<strong>\u201cFilosof\u00eda pol\u00edtica\u201d<\/strong>, coordinado por Bily L\u00f3pez Gonz\u00e1lez y Rafael \u00c1ngel G\u00f3mez Chore\u00f1o, dentro del Programa General de Actividades Acad\u00e9micas del Centro de Estudios Geneal\u00f3gicos para la Investigaci\u00f3n de la Cultura en M\u00e9xico y Am\u00e9rica Latina y la Secretar\u00eda de Gobierno del Distrito Federal,\u00a0el 19 de septiembre de 2009.<\/h4>\n<p>&nbsp;<\/p>\n<h4><strong>Justicia y libertad en la Rep\u00fablica ciceroniana\u00a0<\/strong>(4 horas)<\/h4>\n<h4>Curso impartido como Sesi\u00f3n 4 del Diplomado\u00a0<strong>\u201cFilosof\u00eda pol\u00edtica\u201d<\/strong>, coordinado por Bily L\u00f3pez Gonz\u00e1lez y Rafael \u00c1ngel G\u00f3mez Chore\u00f1o, dentro del Programa General de Actividades Acad\u00e9micas del Centro de Estudios Geneal\u00f3gicos para la Investigaci\u00f3n de la Cultura en M\u00e9xico y Am\u00e9rica Latina y la Secretar\u00eda de Gobierno del Distrito Federal,\u00a0el 5 de septiembre de 2009.<\/h4>\n<p>&nbsp;<\/p>\n<h4><strong>La educaci\u00f3n de los j\u00f3venes, las leyes y el gobierno justo\u00a0<\/strong>(4 horas)<\/h4>\n<h4>Curso impartido como Sesi\u00f3n 2 del Diplomado\u00a0<strong>\u201cFilosof\u00eda pol\u00edtica\u201d<\/strong>, coordinado por Bily L\u00f3pez Gonz\u00e1lez y Rafael \u00c1ngel G\u00f3mez Chore\u00f1o, dentro del Programa General de Actividades Acad\u00e9micas del Centro de Estudios Geneal\u00f3gicos para la Investigaci\u00f3n de la Cultura en M\u00e9xico y Am\u00e9rica Latina y la Secretar\u00eda de Gobierno del Distrito Federal,\u00a0el 22 de agosto de 2009.<\/h4>\n<p>&nbsp;<\/p>\n<h4><strong>Del silencio a la risa. Aberraciones literarias de la filosof\u00eda\u00a0<\/strong>(21 horas)<\/h4>\n<h4>Curso impartido como M\u00f3dulo I del Diplomado\u00a0<strong>\u201cUna mirada filos\u00f3fica al discurso literario\u201d<\/strong>, coordinado por Yolanda Angulo Parra y Rafael \u00c1ngel G\u00f3mez Chore\u00f1o, dentro del Programa de Actividades de la Divisi\u00f3n de Educaci\u00f3n Continua (Oto\u00f1o 2008) de la FFyL de la UNAM,\u00a0del 22 de octubre al 12 de noviembre de 2008.<\/h4>\n<p>&nbsp;<\/p>\n<h4><strong>\u00bfQu\u00e9 es un autor?\u00a0<\/strong>(3 horas)<\/h4>\n<h4>Curso impartido como parte del\u00a0<strong>M\u00f3dulo II: El original de autor y la decisi\u00f3n editorial<\/strong>, en el Diplomado\u00a0<strong>\u201cLos procesos en la edici\u00f3n de libros\u201d<\/strong>, coordinado por Jes\u00fas R. Anaya y Mauricio L\u00f3pez Vald\u00e9s, dentro del Programa de Actividades de la Divisi\u00f3n de Educaci\u00f3n Continua de la FFyL de la UNAM,\u00a0el 1 de marzo de 2008.<\/h4>\n<p>&nbsp;<\/p>\n<h4><strong>Brujas, disolutas y hechiceras. Historias de estigmatizaci\u00f3n y persecuci\u00f3n en la Nueva Espa\u00f1a\u00a0<\/strong>(30 horas)<\/h4>\n<h4>Curso impartido\u00a0del 21 al 26 de mayo de 2007,\u00a0como M\u00f3dulo III del\u00a0Diplomado\u00a0<strong>\u201cEncierro y exclusi\u00f3n de la mujer en la Nueva Espa\u00f1a. Siglos XVI y XVII\u201d,\u00a0<\/strong>coordinado por Yolanda Angulo Parra y el Departamento de Humanidades del Instituto de Ciencias Sociales y Administraci\u00f3n de\u00a0la Universidad Aut\u00f3noma de Ciudad Ju\u00e1rez, el cual se llev\u00f3 a cabo de mayo a junio de 2007.<\/h4>\n","protected":false},"excerpt":{"rendered":"<p>Introducci\u00f3n\u00a0(4 horas) Curso impartido como M\u00f3dulo Introductorio en el\u00a0\u201cPrograma de Apoyo a la Titulaci\u00f3n en Pedagog\u00eda, Filosof\u00eda y Bibliotecolog\u00eda\u201d, Diplomado que se llev\u00f3 a cabo dentro del Programa de Actividades de la Divisi\u00f3n de Educaci\u00f3n Continua (Oto\u00f1o 2010) de la &hellip; <a href=\"https:\/\/estudiosgenealogicos.org\/choreno\/trayectoria-academica\/docencia\/cursos-en-diplomados\/\">Sigue leyendo <span class=\"meta-nav\">&rarr;<\/span><\/a><\/p>\n","protected":false},"author":6,"featured_media":0,"parent":40,"menu_order":0,"comment_status":"open","ping_status":"open","template":"","meta":{"_bbp_topic_count":0,"_bbp_reply_count":0,"_bbp_total_topic_count":0,"_bbp_total_reply_count":0,"_bbp_voice_count":0,"_bbp_anonymous_reply_count":0,"_bbp_topic_count_hidden":0,"_bbp_reply_count_hidden":0,"_bbp_forum_subforum_count":0,"_crdt_document":"","footnotes":""},"class_list":["post-53","page","type-page","status-publish","hentry"],"jetpack_sharing_enabled":true,"_links":{"self":[{"href":"https:\/\/estudiosgenealogicos.org\/choreno\/wp-json\/wp\/v2\/pages\/53","targetHints":{"allow":["GET"]}}],"collection":[{"href":"https:\/\/estudiosgenealogicos.org\/choreno\/wp-json\/wp\/v2\/pages"}],"about":[{"href":"https:\/\/estudiosgenealogicos.org\/choreno\/wp-json\/wp\/v2\/types\/page"}],"author":[{"embeddable":true,"href":"https:\/\/estudiosgenealogicos.org\/choreno\/wp-json\/wp\/v2\/users\/6"}],"replies":[{"embeddable":true,"href":"https:\/\/estudiosgenealogicos.org\/choreno\/wp-json\/wp\/v2\/comments?post=53"}],"version-history":[{"count":1,"href":"https:\/\/estudiosgenealogicos.org\/choreno\/wp-json\/wp\/v2\/pages\/53\/revisions"}],"predecessor-version":[{"id":54,"href":"https:\/\/estudiosgenealogicos.org\/choreno\/wp-json\/wp\/v2\/pages\/53\/revisions\/54"}],"up":[{"embeddable":true,"href":"https:\/\/estudiosgenealogicos.org\/choreno\/wp-json\/wp\/v2\/pages\/40"}],"wp:attachment":[{"href":"https:\/\/estudiosgenealogicos.org\/choreno\/wp-json\/wp\/v2\/media?parent=53"}],"curies":[{"name":"wp","href":"https:\/\/api.w.org\/{rel}","templated":true}]}}