{"id":21,"date":"2018-10-02T09:26:22","date_gmt":"2018-10-02T09:26:22","guid":{"rendered":"http:\/\/estudiosgenealogicos.org\/ciudad\/?page_id=21"},"modified":"2021-10-19T02:02:16","modified_gmt":"2021-10-19T02:02:16","slug":"grupo-de-investigacion","status":"publish","type":"page","link":"https:\/\/estudiosgenealogicos.org\/ciudad\/grupo-de-investigacion\/","title":{"rendered":"Grupo de Investigaci\u00f3n"},"content":{"rendered":"\n<p><strong>Socios Investigadores:<\/strong><\/p>\n\n\n\n<ul class=\"wp-block-list\"><li>Osiris Sinuh\u00e9 Gonz\u00e1lez Romero (desde 2013) \/ Coordinador del Programa de Investigaci\u00f3n<\/li><li>Rafael \u00c1ngel G\u00f3mez Chore\u00f1o (desde 2013) <\/li><li>Dulce Mar\u00eda Trejo Maldonado (desde 2015)<\/li><\/ul>\n\n\n\n<p><strong>Investigadores Asociados:<\/strong><\/p>\n\n\n\n<ul class=\"wp-block-list\"><li>Gonzalo Ch\u00e1vez Salazar (desde 2015)<\/li><li>Eduardo Alonso Ledesma Ibarra (desde 2015)<\/li><li>Edgar Daniel Maldonado Ju\u00e1rez (desde 2015)<\/li><li>Rafael Peralta Mart\u00ednez (desde 2015)<\/li><li>Roc\u00edo Alejandra Medero Benavides (desde 2018)<\/li><li>Gandhi Monter Corona (desde 2018)<\/li><li>Jorge Aguas Leal (desde 2019)<\/li><li>Imani Arriaga Altamirano (desde 2020)<\/li><\/ul>\n\n\n\n<p><\/p>\n","protected":false},"excerpt":{"rendered":"<p>Socios Investigadores: Osiris Sinuh\u00e9 Gonz\u00e1lez Romero (desde 2013) \/ Coordinador del Programa de Investigaci\u00f3n Rafael \u00c1ngel G\u00f3mez Chore\u00f1o (desde 2013) Dulce Mar\u00eda Trejo Maldonado (desde 2015) Investigadores Asociados: Gonzalo Ch\u00e1vez Salazar (desde 2015) Eduardo Alonso Ledesma Ibarra (desde 2015) Edgar Daniel Maldonado Ju\u00e1rez (desde 2015) Rafael Peralta Mart\u00ednez (desde 2015) Roc\u00edo Alejandra Medero Benavides (desde &hellip; <\/p>\n<p class=\"link-more\"><a href=\"https:\/\/estudiosgenealogicos.org\/ciudad\/grupo-de-investigacion\/\" class=\"more-link\">Continuar leyendo<span class=\"screen-reader-text\"> \u00abGrupo de Investigaci\u00f3n\u00bb<\/span><\/a><\/p>\n","protected":false},"author":6,"featured_media":0,"parent":0,"menu_order":0,"comment_status":"closed","ping_status":"closed","template":"","meta":{"_bbp_topic_count":0,"_bbp_reply_count":0,"_bbp_total_topic_count":0,"_bbp_total_reply_count":0,"_bbp_voice_count":0,"_bbp_anonymous_reply_count":0,"_bbp_topic_count_hidden":0,"_bbp_reply_count_hidden":0,"_bbp_forum_subforum_count":0,"footnotes":""},"class_list":["post-21","page","type-page","status-publish","hentry"],"_links":{"self":[{"href":"https:\/\/estudiosgenealogicos.org\/ciudad\/wp-json\/wp\/v2\/pages\/21","targetHints":{"allow":["GET"]}}],"collection":[{"href":"https:\/\/estudiosgenealogicos.org\/ciudad\/wp-json\/wp\/v2\/pages"}],"about":[{"href":"https:\/\/estudiosgenealogicos.org\/ciudad\/wp-json\/wp\/v2\/types\/page"}],"author":[{"embeddable":true,"href":"https:\/\/estudiosgenealogicos.org\/ciudad\/wp-json\/wp\/v2\/users\/6"}],"replies":[{"embeddable":true,"href":"https:\/\/estudiosgenealogicos.org\/ciudad\/wp-json\/wp\/v2\/comments?post=21"}],"version-history":[{"count":4,"href":"https:\/\/estudiosgenealogicos.org\/ciudad\/wp-json\/wp\/v2\/pages\/21\/revisions"}],"predecessor-version":[{"id":571,"href":"https:\/\/estudiosgenealogicos.org\/ciudad\/wp-json\/wp\/v2\/pages\/21\/revisions\/571"}],"wp:attachment":[{"href":"https:\/\/estudiosgenealogicos.org\/ciudad\/wp-json\/wp\/v2\/media?parent=21"}],"curies":[{"name":"wp","href":"https:\/\/api.w.org\/{rel}","templated":true}]}}