{"id":23,"date":"2018-10-02T09:27:18","date_gmt":"2018-10-02T09:27:18","guid":{"rendered":"http:\/\/estudiosgenealogicos.org\/ciudad\/?page_id=23"},"modified":"2021-10-19T05:20:25","modified_gmt":"2021-10-19T05:20:25","slug":"proyectos","status":"publish","type":"page","link":"https:\/\/estudiosgenealogicos.org\/ciudad\/proyectos\/","title":{"rendered":"Proyectos"},"content":{"rendered":"<p><strong><span style=\"color: #800000;\">ETM008 (Programa de Investigaci\u00f3n): \u201cLa ciudad como espacio po\u00e9tico\u201d<\/span><\/strong><\/p>\n<p style=\"padding-left: 30px;\"><strong>Coordinador:\u00a0<\/strong>Osiris Sinuh\u00e9 Gonz\u00e1lez Romero<\/p>\n<p style=\"padding-left: 30px;\"><strong>Fecha de registro: <\/strong>agosto de 2013<\/p>\n<p style=\"padding-left: 30px;\"><strong>Duraci\u00f3n: <span style=\"color: #800000;\">Permanente<\/span><\/strong><\/p>\n<p style=\"padding-left: 30px;\"><strong>Estado actual: <span style=\"color: #800000;\">Activo<\/span><\/strong><\/p>\n<p style=\"padding-left: 30px; text-align: justify;\"><strong>Participantes: <\/strong>Luis Rozo, Esteban Quesada, Mar\u00eda Andrea G\u00f3mez, Gonzalo Rojas, Rafael Peralta Mart\u00ednez, Eduardo Alonso Ledesma Ibarra, Edgar Daniel Maldonado Ju\u00e1rez, Roc\u00edo Mu\u00f1oz Peralta, Gonzalo Ch\u00e1vez Salazar, Yesica Pamela Castro Figueroa, Fernando Sol\u00eds,\u00a0Jorge Aguas Leal,\u00a0Gandhi Monter Corona, Jes\u00fas Salvador Sig\u00fcenza Garc\u00eda, Alejandra Medero Benavides, Rafael \u00c1ngel G\u00f3mez Chore\u00f1o<\/p>\n<p style=\"padding-left: 30px;\"><strong>Productos:\u00a0<\/strong>Todos los que siguen<\/p>\n<p><strong><span style=\"color: #800000;\">SEMINARIOS<\/span><\/strong><\/p>\n<p>SIP-ETM008\/2014:\u00a0<strong>\u201cPo\u00e9ticas y ret\u00f3ricas de la vida civil\u201d<\/strong><\/p>\n<p style=\"padding-left: 30px;\"><strong>Coordinador:<\/strong>\u00a0Rafael \u00c1ngel G\u00f3mez Chore\u00f1o<\/p>\n<p style=\"padding-left: 30px;\"><strong>Fecha de inicio: <\/strong>25 de enero de 2014<\/p>\n<p style=\"padding-left: 30px;\"><strong>Fecha de conclusi\u00f3n: <span style=\"color: #800000;\">Permanente<\/span><\/strong><\/p>\n<p style=\"padding-left: 30px;\"><strong>Estado actual: <span style=\"color: #800000;\">Activo<\/span><\/strong><\/p>\n<p style=\"text-align: justify; padding-left: 30px;\"><strong>Participantes: <\/strong>Rafael Peralta Mart\u00ednez, Eduardo Alonso Ledesma Ibarra, Edgar Daniel Maldonado Ju\u00e1rez, Gandhi Monter Corona, Jes\u00fas Salvador Sig\u00fcenza Garc\u00eda, Jorge Aguas Leal, Alejandra Medero Benavides y\u00a0Rafael \u00c1ngel G\u00f3mez Chore\u00f1o.<\/p>\n<p><strong><span style=\"color: #800000;\">COMUNIDADES VIRTUALES<\/span><\/strong><\/p>\n<p>CV-ETM008\/2014-PC01: <strong>\u201cHabitaciones po\u00e9ticas del espacio pol\u00edtico\u201d<\/strong><\/p>\n<p style=\"padding-left: 30px;\"><strong>Responsables:<\/strong>\u00a0Osiris Sinuh\u00e9 Gonz\u00e1lez Romero y Rafael \u00c1ngel G\u00f3mez Chore\u00f1o<\/p>\n<p style=\"padding-left: 30px;\"><strong>Fecha de registro: <\/strong>agosto de 2016<\/p>\n<p style=\"padding-left: 30px;\"><strong>Duraci\u00f3n:\u00a0<span style=\"color: #800000;\">Permanente<\/span><\/strong><\/p>\n<p style=\"padding-left: 30px;\"><strong>Estado actual: <span style=\"color: #800000;\">Activa<\/span><\/strong><\/p>\n<p style=\"padding-left: 30px;\"><strong>Productos: <\/strong><span style=\"color: #666699;\"><b>Comunidad virtual<\/b><\/span> (Facebook \/ Grupo secreto)<\/p>\n<p>CV-ETM008\/2014-PC02:\u00a0<strong>\u201cPo\u00e9ticas y ret\u00f3ricas de la vida civil\u201d<\/strong><\/p>\n<p style=\"padding-left: 30px;\"><strong>Coordinador:<\/strong>\u00a0Rafael \u00c1ngel G\u00f3mez Chore\u00f1o<\/p>\n<p style=\"padding-left: 30px;\"><strong>Fecha de inicio: <\/strong>25 de enero de 2014<\/p>\n<p style=\"padding-left: 30px;\"><strong>Duraci\u00f3n: <span style=\"color: #800000;\">Permanente<\/span><\/strong><\/p>\n<p style=\"padding-left: 30px;\"><strong>Estado actual: <span style=\"color: #800000;\">Activa<\/span><\/strong><\/p>\n<p style=\"text-align: justify; padding-left: 30px;\"><strong>Participantes: <\/strong>Rafael Peralta Mart\u00ednez, Eduardo Alonso Ledesma Ibarra, Edgar Daniel Maldonado Ju\u00e1rez, Gandhi Monter Corona, Jes\u00fas Salvador Sig\u00fcenza Garc\u00eda, Jorge Aguas Leal, Alejandra Medero Benavides y\u00a0Rafael \u00c1ngel G\u00f3mez Chore\u00f1o.<\/p>\n<p style=\"padding-left: 30px;\"><strong>Productos: <\/strong><span style=\"color: #666699;\"><b>Comunidad virtual<\/b><\/span> (Facebook \/ Grupo secreto)<\/p>\n<p><strong><span style=\"color: #800000;\">PROYECTOS DE INVESTIGACI\u00d3N<\/span><\/strong><\/p>\n<p>ETM008-PI01 (Investigaci\u00f3n Individual): <strong>\u201cLa ciudad como espacio po\u00e9tico\u201d<\/strong><\/p>\n<p style=\"padding-left: 30px;\"><strong>Responsable:<\/strong>\u00a0Osiris Sinuh\u00e9 Gonz\u00e1lez Romero<\/p>\n<p style=\"padding-left: 30px;\"><strong>Fecha de registro: <\/strong>agosto de 2014<\/p>\n<p style=\"padding-left: 30px;\"><strong>Duraci\u00f3n: <\/strong>4\u00a0a\u00f1os<\/p>\n<p style=\"padding-left: 30px;\"><strong>Estado actual: <span style=\"color: #800000;\">En proceso<\/span><\/strong><\/p>\n<p style=\"padding-left: 30px;\"><strong>Productos: <\/strong>Libro (en proceso)<\/p>\n<p>ETM008-PI02 (Investigaci\u00f3n Individual): <strong>\u201cLa ciudad del sinsentido\u201d<\/strong><\/p>\n<p style=\"padding-left: 30px;\"><strong>Responsable:<\/strong> Rafael \u00c1ngel G\u00f3mez Chore\u00f1o<\/p>\n<p style=\"padding-left: 30px;\"><strong>Fecha de registro: <\/strong>agosto de 2014<\/p>\n<p style=\"padding-left: 30px;\"><strong>Duraci\u00f3n: <\/strong>4\u00a0a\u00f1os<\/p>\n<p style=\"padding-left: 30px;\"><strong>Estado actual: <span style=\"color: #800000;\">En proceso<\/span><\/strong><\/p>\n<p style=\"padding-left: 30px;\"><strong>Productos: <\/strong>Libro (en proceso)<\/p>\n<p>ETM008-PC01 (Actividad Acad\u00e9mica):\u00a0<strong>\u201cCiudad y ciudadan\u00eda: po\u00e9ticas y ret\u00f3ricas de la vida civil\u201d<\/strong><\/p>\n<p style=\"padding-left: 30px;\"><strong>Responsable:<\/strong> Rafael \u00c1ngel G\u00f3mez Chore\u00f1o<\/p>\n<p style=\"padding-left: 30px;\"><strong>Fecha de registro: <\/strong>agosto de 2014<\/p>\n<p style=\"padding-left: 30px;\"><strong>Duraci\u00f3n: <\/strong>1\u00a0semana<\/p>\n<p style=\"padding-left: 30px;\"><strong>Estado actual: <span style=\"color: #800000;\">Concluido<\/span><\/strong><\/p>\n<p style=\"padding-left: 30px;\"><strong>Productos: <\/strong>Simposio \u00abFilosof\u00eda y ciudadan\u00eda: po\u00e9ticas y ret\u00f3ricas de la vida civil\u00bb en el Congreso Internacional de la Asociaci\u00f3n Mexicana de Filosof\u00eda <strong>\/<\/strong> Libro<\/p>\n<p>SIP-ETM008\/2014-PC01 (Investigaci\u00f3n para la Docencia): <strong>\u201cPoes\u00eda y filosof\u00eda \u00e1rabe\u201d<\/strong><\/p>\n<p style=\"padding-left: 30px;\"><strong>Responsables:<\/strong>\u00a0Edgar Daniel Maldonado Ju\u00e1rez y Rafael \u00c1ngel G\u00f3mez Chore\u00f1o<\/p>\n<p style=\"padding-left: 30px;\"><strong>Fecha de registro: <\/strong>agosto de 2015<\/p>\n<p style=\"padding-left: 30px;\"><strong>Duraci\u00f3n: <\/strong>4\u00a0a\u00f1os<\/p>\n<p style=\"padding-left: 30px;\"><strong>Estado actual: <span style=\"color: #800000;\">En proceso<\/span><\/strong><\/p>\n<p style=\"padding-left: 30px;\"><strong>Productos: <span style=\"color: #666699;\">Curso universitario<\/span><\/strong>\u00a0(en proceso) <strong>\/ <span style=\"color: #666699;\">Sitio web<\/span><\/strong>\u00a0(WordPress) <strong>\/<\/strong>\u00a0<strong><span style=\"color: #666699;\">Libro<\/span><\/strong> (en proceso)<\/p>\n<p>SIP-ETM008\/2014-PC01\u00a0(Investigaci\u00f3n para la docencia): <strong>\u201cPoes\u00eda y filosof\u00eda en las ciudades renacentistas\u201d<\/strong><\/p>\n<p style=\"padding-left: 30px;\"><strong>Responsables:<\/strong>\u00a0Eduardo Ledesma Ibarra y Rafael \u00c1ngel G\u00f3mez Chore\u00f1o<\/p>\n<p style=\"padding-left: 30px;\"><strong>Fecha de registro: <\/strong>agosto de 2015<\/p>\n<p style=\"padding-left: 30px;\"><strong>Duraci\u00f3n: <\/strong>4\u00a0a\u00f1os<\/p>\n<p style=\"padding-left: 30px;\"><strong>Estado actual: <span style=\"color: #800000;\">En proceso<\/span><\/strong><\/p>\n<p style=\"padding-left: 30px;\"><strong>Productos: <span style=\"color: #666699;\">Curso universitario<\/span><\/strong>\u00a0(en proceso) <strong>\/ <span style=\"color: #666699;\">Sitio web<\/span><\/strong>\u00a0(WordPress) <strong>\/<\/strong>\u00a0<strong><span style=\"color: #666699;\">Libro<\/span><\/strong> (en proceso)<\/p>\n<p>CV-ETM008\/2014-PC01: <strong>\u201cHabitaciones po\u00e9ticas del espacio pol\u00edtico\u201d<\/strong><\/p>\n<p style=\"padding-left: 30px;\"><strong>Responsables:<\/strong>\u00a0Osiris Sinuh\u00e9 Gonz\u00e1lez Romero y Rafael \u00c1ngel G\u00f3mez Chore\u00f1o<\/p>\n<p style=\"padding-left: 30px;\"><strong>Fecha de registro: <\/strong>agosto de 2016<\/p>\n<p style=\"padding-left: 30px;\"><strong>Duraci\u00f3n: <\/strong>4\u00a0a\u00f1os<\/p>\n<p style=\"padding-left: 30px;\"><strong>Estado actual: <span style=\"color: #800000;\">En proceso<\/span><\/strong><\/p>\n<p style=\"padding-left: 30px;\"><strong>Productos: <\/strong>Libro (en proceso)<\/p>\n","protected":false},"excerpt":{"rendered":"<p>ETM008 (Programa de Investigaci\u00f3n): \u201cLa ciudad como espacio po\u00e9tico\u201d Coordinador:\u00a0Osiris Sinuh\u00e9 Gonz\u00e1lez Romero Fecha de registro: agosto de 2013 Duraci\u00f3n: Permanente Estado actual: Activo Participantes: Luis Rozo, Esteban Quesada, Mar\u00eda Andrea G\u00f3mez, Gonzalo Rojas, Rafael Peralta Mart\u00ednez, Eduardo Alonso Ledesma Ibarra, Edgar Daniel Maldonado Ju\u00e1rez, Roc\u00edo Mu\u00f1oz Peralta, Gonzalo Ch\u00e1vez Salazar, Yesica Pamela Castro Figueroa, &hellip; <\/p>\n<p class=\"link-more\"><a href=\"https:\/\/estudiosgenealogicos.org\/ciudad\/proyectos\/\" class=\"more-link\">Continuar leyendo<span class=\"screen-reader-text\"> \u00abProyectos\u00bb<\/span><\/a><\/p>\n","protected":false},"author":6,"featured_media":0,"parent":0,"menu_order":0,"comment_status":"closed","ping_status":"closed","template":"","meta":{"_bbp_topic_count":0,"_bbp_reply_count":0,"_bbp_total_topic_count":0,"_bbp_total_reply_count":0,"_bbp_voice_count":0,"_bbp_anonymous_reply_count":0,"_bbp_topic_count_hidden":0,"_bbp_reply_count_hidden":0,"_bbp_forum_subforum_count":0,"footnotes":""},"class_list":["post-23","page","type-page","status-publish","hentry"],"_links":{"self":[{"href":"https:\/\/estudiosgenealogicos.org\/ciudad\/wp-json\/wp\/v2\/pages\/23","targetHints":{"allow":["GET"]}}],"collection":[{"href":"https:\/\/estudiosgenealogicos.org\/ciudad\/wp-json\/wp\/v2\/pages"}],"about":[{"href":"https:\/\/estudiosgenealogicos.org\/ciudad\/wp-json\/wp\/v2\/types\/page"}],"author":[{"embeddable":true,"href":"https:\/\/estudiosgenealogicos.org\/ciudad\/wp-json\/wp\/v2\/users\/6"}],"replies":[{"embeddable":true,"href":"https:\/\/estudiosgenealogicos.org\/ciudad\/wp-json\/wp\/v2\/comments?post=23"}],"version-history":[{"count":4,"href":"https:\/\/estudiosgenealogicos.org\/ciudad\/wp-json\/wp\/v2\/pages\/23\/revisions"}],"predecessor-version":[{"id":573,"href":"https:\/\/estudiosgenealogicos.org\/ciudad\/wp-json\/wp\/v2\/pages\/23\/revisions\/573"}],"wp:attachment":[{"href":"https:\/\/estudiosgenealogicos.org\/ciudad\/wp-json\/wp\/v2\/media?parent=23"}],"curies":[{"name":"wp","href":"https:\/\/api.w.org\/{rel}","templated":true}]}}