{"id":18,"date":"2014-09-22T07:02:38","date_gmt":"2014-09-22T07:02:38","guid":{"rendered":"http:\/\/estudiosgenealogicos.org\/formacioncultural\/?page_id=18"},"modified":"2014-09-22T20:26:57","modified_gmt":"2014-09-22T20:26:57","slug":"seminarios","status":"publish","type":"page","link":"https:\/\/estudiosgenealogicos.org\/formacioncultural\/seminarios\/","title":{"rendered":"Seminarios"},"content":{"rendered":"<p style=\"text-align: justify\">Desde la apertura del programa \u00abLa formaci\u00f3n cultural de las sociedades contempor\u00e1neas\u201d ha habido varios seminarios de investigaci\u00f3n.<\/p>\n<p style=\"text-align: justify\">En este programa de investigaci\u00f3n actualmente est\u00e1n registrados los Seminarios: \u00abLa ciudad como espacio po\u00e9tico\u00bb, coordinado por Osiris Sinuh\u00e9 Gonz\u00e1lez Romero; as\u00ed como \u00abCiudad y ciudadan\u00eda: po\u00e9ticas y ret\u00f3ricas de la vida civil\u00bb e \u201cCuerpo, imaginaci\u00f3n y escena pol\u00edtica\u201d, ambos coordinados por Rafael \u00c1ngel G\u00f3mez Chore\u00f1o.<\/p>\n<div title=\"Page 7\">\n<p>&nbsp;<\/p>\n<p><strong>SI-ETM007\/2008-1 \u201cLa formacio\u0301n cultural de las sociedades contempora\u0301neas VI\u201d<\/strong><\/p>\n<p>FECHA DE INICIO: Viernes 25 de enero de 2008<\/p>\n<p>FECHA DE CONCLUSIO\u0301N: Viernes 13 de junio de 2008<\/p>\n<p>COORDINADOR: Osiris Sinuhe\u0301 Gonza\u0301lez Romero<\/p>\n<p>PARTICIPANTES:<\/p>\n<ul>\n<li>Gema Ivette Sarmiento Gutie\u0301rrez<\/li>\n<li>Rafael Angel Go\u0301mez Choren\u0303o<\/li>\n<li>Francisco Javier Rivas Mesa<\/li>\n<li>Luis Fernando Rozo<\/li>\n<\/ul>\n<\/div>\n<div title=\"Page 5\">\n<div>\n<div>\n<p><strong>SI-ETM007\/2007-2 \u201cLa formacio\u0301n cultural de las sociedades contempora\u0301neas V\u201d<\/strong><\/p>\n<p>FECHA DE INICIO: Viernes 13 de julio de 2007<br \/>\nFECHA DE CONCLUSIO\u0301N: Viernes 16 de noviembre de 2007<\/p>\n<p>COORDINADOR: Bily Lo\u0301pez Gonza\u0301lez<br \/>\nPARTICIPANTES:<\/p>\n<\/div>\n<\/div>\n<div>\n<ul>\n<li>Osiris Sinuhe\u0301 Gonza\u0301lez Romero<\/li>\n<li>Rafael Angel Go\u0301mez Choren\u0303o<\/li>\n<li>Gema Ivette Sarmiento Gutie\u0301rrez<\/li>\n<li>Helena Cha\u0301vez Mac Gregor<\/li>\n<li>Luis Fernando Rozo<\/li>\n<li>David Fernando Rozo<\/li>\n<li>Gonzalo Rojas Gonza\u0301lez<\/li>\n<\/ul>\n<\/div>\n<\/div>\n<div title=\"Page 4\">\n<p><strong>SI-ETM007\/2007-1 \u201cLa formacio\u0301n cultural de las sociedades contempora\u0301neas IV\u201d<\/strong><\/p>\n<p>FECHA DE INICIO: Viernes 26 de enero de 2007<\/p>\n<p>FECHA DE CONCLUSIO\u0301N: Viernes 8 de junio de 2007<\/p>\n<p>COORDINADOR: Osiris Sinuhe\u0301 Gonza\u0301lez Romero<\/p>\n<p>PARTICIPANTES:<\/p>\n<ul>\n<li>Rafael Angel Go\u0301mez Choren\u0303o<\/li>\n<li>Francisco Javier Rivas Mesa<\/li>\n<\/ul>\n<\/div>\n<div title=\"Page 3\">\n<p><strong>SI-ETM007\/2006-2 \u201cLa formacio\u0301n cultural de las sociedades contempora\u0301neas III\u201d<\/strong><\/p>\n<p>FECHA DE INICIO: Viernes 18 de agosto de 2006<br \/>\nFECHA DE CONCLUSIO\u0301N: Viernes 8 de diciembre de 2006<\/p>\n<p>COORDINADOR: Rafael Angel Go\u0301mez Choren\u0303o<\/p>\n<p>PARTICIPANTES:<\/p>\n<ul>\n<li>Osiris Sinuhe\u0301 Gonza\u0301lez Romero<\/li>\n<li>Francisco Javier Rivas Mesa<\/li>\n<\/ul>\n<\/div>\n<div title=\"Page 2\">\n<p><strong>SI-ETM007\/2006-1 \u201cLa formacio\u0301n cultural de las sociedades contempora\u0301neas II\u201d<\/strong><\/p>\n<p>FECHA DE INICIO: Viernes 27 de enero de 2006<\/p>\n<p>FECHA DE CONCLUSIO\u0301N: Viernes 16 de junio de 2006<\/p>\n<p>COORDINADOR: Rafael Angel Go\u0301mez Choren\u0303o<\/p>\n<p>PARTICIPANTES:<\/p>\n<ul>\n<li>Osiris Sinuhe\u0301 Gonza\u0301lez Romero<\/li>\n<li>Francisco Javier Rivas Mesa<\/li>\n<\/ul>\n<\/div>\n<div title=\"Page 1\">\n<p><strong>SI-ETM007\/2005-2 \u201cLa formacio\u0301n cultural de las sociedades contempora\u0301neas I\u201d<\/strong><\/p>\n<p>FECHA DE INICIO: Viernes 19 de agosto de 2005<br \/>\nFECHA DE CONCLUSIO\u0301N: Viernes 9 de diciembre de 2005<\/p>\n<p>COORDINADOR: Rafael Angel Go\u0301mez Choren\u0303o<\/p>\n<p>PARTICIPANTES:<\/p>\n<ul>\n<li>Osiris Sinuhe\u0301 Gonza\u0301lez Romero<\/li>\n<li>Francisco Javier Rivas Mesa<\/li>\n<\/ul>\n<\/div>\n","protected":false},"excerpt":{"rendered":"<p>Desde la apertura del programa \u00abLa formaci\u00f3n cultural de las sociedades contempor\u00e1neas\u201d ha habido varios seminarios de investigaci\u00f3n. En este programa de investigaci\u00f3n actualmente est\u00e1n registrados los Seminarios: \u00abLa ciudad como espacio po\u00e9tico\u00bb, coordinado por Osiris Sinuh\u00e9 Gonz\u00e1lez Romero; as\u00ed como \u00abCiudad y ciudadan\u00eda: po\u00e9ticas y ret\u00f3ricas de la vida civil\u00bb e \u201cCuerpo, imaginaci\u00f3n y &hellip; <\/p>\n<p class=\"link-more\"><a href=\"https:\/\/estudiosgenealogicos.org\/formacioncultural\/seminarios\/\" class=\"more-link\">Continuar leyendo<span class=\"screen-reader-text\"> \u00abSeminarios\u00bb<\/span><\/a><\/p>\n","protected":false},"author":6,"featured_media":0,"parent":0,"menu_order":0,"comment_status":"open","ping_status":"open","template":"","meta":{"_bbp_topic_count":0,"_bbp_reply_count":0,"_bbp_total_topic_count":0,"_bbp_total_reply_count":0,"_bbp_voice_count":0,"_bbp_anonymous_reply_count":0,"_bbp_topic_count_hidden":0,"_bbp_reply_count_hidden":0,"_bbp_forum_subforum_count":0,"footnotes":""},"class_list":["post-18","page","type-page","status-publish","hentry"],"_links":{"self":[{"href":"https:\/\/estudiosgenealogicos.org\/formacioncultural\/wp-json\/wp\/v2\/pages\/18","targetHints":{"allow":["GET"]}}],"collection":[{"href":"https:\/\/estudiosgenealogicos.org\/formacioncultural\/wp-json\/wp\/v2\/pages"}],"about":[{"href":"https:\/\/estudiosgenealogicos.org\/formacioncultural\/wp-json\/wp\/v2\/types\/page"}],"author":[{"embeddable":true,"href":"https:\/\/estudiosgenealogicos.org\/formacioncultural\/wp-json\/wp\/v2\/users\/6"}],"replies":[{"embeddable":true,"href":"https:\/\/estudiosgenealogicos.org\/formacioncultural\/wp-json\/wp\/v2\/comments?post=18"}],"version-history":[{"count":9,"href":"https:\/\/estudiosgenealogicos.org\/formacioncultural\/wp-json\/wp\/v2\/pages\/18\/revisions"}],"predecessor-version":[{"id":79,"href":"https:\/\/estudiosgenealogicos.org\/formacioncultural\/wp-json\/wp\/v2\/pages\/18\/revisions\/79"}],"wp:attachment":[{"href":"https:\/\/estudiosgenealogicos.org\/formacioncultural\/wp-json\/wp\/v2\/media?parent=18"}],"curies":[{"name":"wp","href":"https:\/\/api.w.org\/{rel}","templated":true}]}}