{"id":450,"date":"2020-04-28T01:20:02","date_gmt":"2020-04-28T01:20:02","guid":{"rendered":"http:\/\/estudiosgenealogicos.org\/gandhimonter\/?page_id=450"},"modified":"2020-04-28T01:20:04","modified_gmt":"2020-04-28T01:20:04","slug":"gandhi-monter","status":"publish","type":"page","link":"https:\/\/estudiosgenealogicos.org\/gandhimonter\/","title":{"rendered":"Gandhi Monter"},"content":{"rendered":"\n<p><em>Investigador asociado del&nbsp;<\/em>CEGE desde 2019. Previamente fue estudiante asociado de 2014&nbsp; \u2013 2018.<\/p>\n\n\n\n<p><em>Coordinador del Seminario \u00abHabitaciones intempestivas del espacio pol\u00edtico\u00bb<\/em>&nbsp;desde 2017,&nbsp; &nbsp; &nbsp; &nbsp;en conjunto con Jes\u00fas Sig\u00fcenza Garc\u00eda. Particip\u00f3 en los seminarios&nbsp; &nbsp; &nbsp;de&nbsp;<em>Violencia y Anormalidad&nbsp;<\/em>y&nbsp;<em>Im\u00e1genes e imaginaciones de la cultura .&nbsp;<\/em><\/p>\n\n\n\n<p>Licenciado en Filosof\u00eda por la UNAM. Tesis:<a href=\"http:\/\/132.248.9.195\/ptd2018\/enero\/0769439\/Index.html\"><em>&nbsp;La reflexi\u00f3n filos\u00f3fica como herramienta para la comprensi\u00f3n de la totalidad social concreta: el caso de la industria maquiladora textil<\/em><\/a><\/p>\n\n\n\n<p>Estudiante de maestr\u00eda en Ciencias Econ\u00f3micas por la UAM.<\/p>\n\n\n\n<p>L\u00edneas de inter\u00e9s: Teor\u00eda Econ\u00f3mica, Marxismos heterodoxos, intersecci\u00f3n(es) Literatura \u2013&nbsp; Pol\u00edtica<\/p>\n","protected":false},"excerpt":{"rendered":"<p>Investigador asociado del&nbsp;CEGE desde 2019. Previamente fue estudiante asociado de 2014&nbsp; \u2013 2018. Coordinador del Seminario \u00abHabitaciones intempestivas del espacio pol\u00edtico\u00bb&nbsp;desde 2017,&nbsp; &nbsp; &nbsp; &nbsp;en conjunto con Jes\u00fas Sig\u00fcenza Garc\u00eda. Particip\u00f3 en los seminarios&nbsp; &nbsp; &nbsp;de&nbsp;Violencia y Anormalidad&nbsp;y&nbsp;Im\u00e1genes e imaginaciones &hellip; <a href=\"https:\/\/estudiosgenealogicos.org\/gandhimonter\/\">Sigue leyendo <span class=\"meta-nav\">&rarr;<\/span><\/a><\/p>\n","protected":false},"author":6,"featured_media":0,"parent":0,"menu_order":0,"comment_status":"closed","ping_status":"closed","template":"","meta":{"_bbp_topic_count":0,"_bbp_reply_count":0,"_bbp_total_topic_count":0,"_bbp_total_reply_count":0,"_bbp_voice_count":0,"_bbp_anonymous_reply_count":0,"_bbp_topic_count_hidden":0,"_bbp_reply_count_hidden":0,"_bbp_forum_subforum_count":0,"footnotes":""},"class_list":["post-450","page","type-page","status-publish","hentry"],"_links":{"self":[{"href":"https:\/\/estudiosgenealogicos.org\/gandhimonter\/wp-json\/wp\/v2\/pages\/450","targetHints":{"allow":["GET"]}}],"collection":[{"href":"https:\/\/estudiosgenealogicos.org\/gandhimonter\/wp-json\/wp\/v2\/pages"}],"about":[{"href":"https:\/\/estudiosgenealogicos.org\/gandhimonter\/wp-json\/wp\/v2\/types\/page"}],"author":[{"embeddable":true,"href":"https:\/\/estudiosgenealogicos.org\/gandhimonter\/wp-json\/wp\/v2\/users\/6"}],"replies":[{"embeddable":true,"href":"https:\/\/estudiosgenealogicos.org\/gandhimonter\/wp-json\/wp\/v2\/comments?post=450"}],"version-history":[{"count":1,"href":"https:\/\/estudiosgenealogicos.org\/gandhimonter\/wp-json\/wp\/v2\/pages\/450\/revisions"}],"predecessor-version":[{"id":451,"href":"https:\/\/estudiosgenealogicos.org\/gandhimonter\/wp-json\/wp\/v2\/pages\/450\/revisions\/451"}],"wp:attachment":[{"href":"https:\/\/estudiosgenealogicos.org\/gandhimonter\/wp-json\/wp\/v2\/media?parent=450"}],"curies":[{"name":"wp","href":"https:\/\/api.w.org\/{rel}","templated":true}]}}