{"id":19,"date":"2014-09-15T05:25:59","date_gmt":"2014-09-15T05:25:59","guid":{"rendered":"http:\/\/estudiosgenealogicos.org\/genealogiadelaviolencia\/?page_id=19"},"modified":"2014-09-15T22:44:03","modified_gmt":"2014-09-15T22:44:03","slug":"proyectos-registrados","status":"publish","type":"page","link":"https:\/\/estudiosgenealogicos.org\/genealogiadelaviolencia\/proyectos-registrados\/","title":{"rendered":"Proyectos registrados"},"content":{"rendered":"<div title=\"Page 1\">\n<p style=\"text-align: justify\"><strong>Proyectos de Investigaci\u00f3n<\/strong><\/p>\n<ul>\n<li>ETM002-PI01 (Investigaci\u00f3n Individual): \u00abApuntes para una genealog\u00eda de la violencia\u00bb\u00a0(Rafael \u00c1ngel G\u00f3mez Chore\u00f1o)<\/li>\n<li><span style=\"text-align: justify\">ETM002-PI02\u00a0(Investigaci\u00f3n Individual): <\/span>\u00abEstigmatizaci\u00f3n y exterminio\u00bb\u00a0<span style=\"text-align: justify\">(Rafael \u00c1ngel G\u00f3mez Chore\u00f1o)<\/span><\/li>\n<li><span style=\"text-align: justify\">ETM002-PI03 (Investigaci\u00f3n Individual): <\/span>\u00abRevelaciones del ni\u00f1o del espejo\u00bb\u00a0<span style=\"text-align: justify\">(Rafael \u00c1ngel G\u00f3mez Chore\u00f1o)<\/span><\/li>\n<li><span style=\"text-align: justify\">ETM002-PI04\u00a0(Investigaci\u00f3n Individual): <\/span>\u00abLa violencia del poder\u00bb\u00a0<span style=\"text-align: justify\">(Rafael \u00c1ngel G\u00f3mez Chore\u00f1o)<\/span><\/li>\n<li><span style=\"text-align: justify\">ETM002-PI05\u00a0(Investigaci\u00f3n Individual): <\/span>\u00abEl poder de la violencia\u00bb\u00a0<span style=\"text-align: justify\">(Rafael \u00c1ngel G\u00f3mez Chore\u00f1o)<\/span><\/li>\n<li><span style=\"text-align: justify\">ETM002-PI06\u00a0(Investigaci\u00f3n Individual): <\/span>\u00abEl enigma de la esfinge\u00bb\u00a0<span style=\"text-align: justify\">(Rafael \u00c1ngel G\u00f3mez Chore\u00f1o)<\/span><\/li>\n<li><span style=\"text-align: justify\">ETM002-PI07 (Investigaci\u00f3n Individual): <\/span>\u00abLos olvidos de la memoria\u00bb\u00a0<span style=\"text-align: justify\">(Rafael \u00c1ngel G\u00f3mez Chore\u00f1o)<\/span><\/li>\n<li><span style=\"text-align: justify\">ETM002-PI08\u00a0(Investigaci\u00f3n Individual): <\/span>\u00abEl silencio de las palabras\u00bb\u00a0<span style=\"text-align: justify\">(Rafael \u00c1ngel G\u00f3mez Chore\u00f1o)<\/span><\/li>\n<li><span style=\"text-align: justify\">ETM002-PC01 (Investigaci\u00f3n Colectiva): <\/span>\u00abT\u00f3pica de la violencia\u00bb\u00a0<span style=\"text-align: justify\">(<\/span><span style=\"text-align: justify\">Coordinador:\u00a0<\/span><span style=\"text-align: justify\">Rafael \u00c1ngel G\u00f3mez Chore\u00f1o)<\/span><\/li>\n<li><span style=\"text-align: justify\">ETM002-PC02 (Investigaci\u00f3n Colectiva): <\/span>\u00abFenomenolog\u00eda de la violencia\u00bb\u00a0<span style=\"text-align: justify\">(<\/span><span style=\"text-align: justify\">Coordinador:\u00a0<\/span><span style=\"text-align: justify\">Rafael \u00c1ngel G\u00f3mez Chore\u00f1o)<\/span><\/li>\n<li><span style=\"text-align: justify\">ETM002-PC03 (Investigaci\u00f3n Colectiva): <\/span>\u00abAnatom\u00eda pol\u00edtica de la violencia\u00bb\u00a0<span style=\"text-align: justify\">(<\/span><span style=\"text-align: justify\">Coordinador:\u00a0<\/span><span style=\"text-align: justify\">Rafael \u00c1ngel G\u00f3mez Chore\u00f1o)<\/span><\/li>\n<li><span style=\"text-align: justify\">ETM002-PC04 (Investigaci\u00f3n Colectiva): <\/span>\u00abArqueolog\u00eda de la violencia\u00bb\u00a0<span style=\"text-align: justify\">(<\/span><span style=\"text-align: justify\">Coordinador:\u00a0<\/span><span style=\"text-align: justify\">Rafael \u00c1ngel G\u00f3mez Chore\u00f1o)<\/span><\/li>\n<li><span style=\"text-align: justify\">ETM002-PC05 (Investigaci\u00f3n Colectiva): <\/span>\u00abMicrof\u00edsica de la violencia\u00bb\u00a0<span style=\"text-align: justify\">(<\/span><span style=\"text-align: justify\">Coordinador:\u00a0<\/span><span style=\"text-align: justify\">Rafael \u00c1ngel G\u00f3mez Chore\u00f1o)<\/span><\/li>\n<li><span style=\"text-align: justify\">ETM002-PC06\u00a0(Investigaci\u00f3n Colectiva): <\/span>\u00abFisiolog\u00eda de la violencia\u00bb\u00a0<span style=\"text-align: justify\">(Coordinador: Rafael \u00c1ngel G\u00f3mez Chore\u00f1o)<\/span><\/li>\n<li>ETM002-PC07 (Investigaci\u00f3n Colectiva):\u00a0\u00abViolencia y espect\u00e1culo\u00bb\u00a0(Coordinador: Bily L\u00f3pez Gonz\u00e1lez)<\/li>\n<li style=\"text-align: justify\"><span style=\"text-align: justify\">ETM002-PC03\/PI01\u00a0(Investigaci\u00f3n Individual):\u00a0<\/span>\u00abCarnalismo y Firmeza: Reflexiones geneal\u00f3gicas sobre la pandilla\u00bb\u00a0<span style=\"text-align: justify\">(Genaro Wong Montoya)<\/span><\/li>\n<li style=\"text-align: justify\">ETM002-PC04\/PI01\u00a0(Investigaci\u00f3n Individual):\u00a0\u00abGobierno, ciudadan\u00eda y justicia social\u00bb\u00a0(Genaro Wong Montoya)<\/li>\n<li style=\"text-align: justify\">ETM002-PC02\/PI01\u00a0(Investigaci\u00f3n Individual): \u00abHistorias sobre el Rap\u00bb\u00a0(Genaro Wong Montoya)<\/li>\n<li style=\"text-align: justify\">ETM002-PC03\/PI02 (Investigaci\u00f3n Individual):\u00a0\u00abHistorias de anormalidad\u00bb\u00a0(Genaro Wong Montoya)<\/li>\n<li style=\"text-align: justify\">ETM002-PC03\/PC01\u00a0(Investigaci\u00f3n Colectiva):\u00a0\u00abEstudios geneal\u00f3gicos sobre la pandilla\u00bb\u00a0(Coordinador: Genaro Wong Montoya)<\/li>\n<li style=\"text-align: justify\">ETM002-PC04\/PI01\u00a0(Investigaci\u00f3n Individual):\u00a0\u00abGenealog\u00eda del racismo en M\u00e9xico\u00bb\u00a0(Rafael Peralta Mart\u00ednez)<\/li>\n<\/ul>\n<\/div>\n","protected":false},"excerpt":{"rendered":"<p>Proyectos de Investigaci\u00f3n ETM002-PI01 (Investigaci\u00f3n Individual): \u00abApuntes para una genealog\u00eda de la violencia\u00bb\u00a0(Rafael \u00c1ngel G\u00f3mez Chore\u00f1o) ETM002-PI02\u00a0(Investigaci\u00f3n Individual): \u00abEstigmatizaci\u00f3n y exterminio\u00bb\u00a0(Rafael \u00c1ngel G\u00f3mez Chore\u00f1o) ETM002-PI03 (Investigaci\u00f3n Individual): \u00abRevelaciones del ni\u00f1o del espejo\u00bb\u00a0(Rafael \u00c1ngel G\u00f3mez Chore\u00f1o) ETM002-PI04\u00a0(Investigaci\u00f3n Individual): \u00abLa violencia del poder\u00bb\u00a0(Rafael \u00c1ngel G\u00f3mez Chore\u00f1o) ETM002-PI05\u00a0(Investigaci\u00f3n Individual): \u00abEl poder de la violencia\u00bb\u00a0(Rafael \u00c1ngel G\u00f3mez Chore\u00f1o) ETM002-PI06\u00a0(Investigaci\u00f3n &hellip; <a href=\"https:\/\/estudiosgenealogicos.org\/genealogiadelaviolencia\/proyectos-registrados\/\" class=\"more-link\">Sigue leyendo <span class=\"screen-reader-text\">Proyectos registrados<\/span><\/a><\/p>\n","protected":false},"author":6,"featured_media":0,"parent":0,"menu_order":0,"comment_status":"open","ping_status":"open","template":"","meta":{"_bbp_topic_count":0,"_bbp_reply_count":0,"_bbp_total_topic_count":0,"_bbp_total_reply_count":0,"_bbp_voice_count":0,"_bbp_anonymous_reply_count":0,"_bbp_topic_count_hidden":0,"_bbp_reply_count_hidden":0,"_bbp_forum_subforum_count":0,"footnotes":""},"class_list":["post-19","page","type-page","status-publish","hentry"],"_links":{"self":[{"href":"https:\/\/estudiosgenealogicos.org\/genealogiadelaviolencia\/wp-json\/wp\/v2\/pages\/19","targetHints":{"allow":["GET"]}}],"collection":[{"href":"https:\/\/estudiosgenealogicos.org\/genealogiadelaviolencia\/wp-json\/wp\/v2\/pages"}],"about":[{"href":"https:\/\/estudiosgenealogicos.org\/genealogiadelaviolencia\/wp-json\/wp\/v2\/types\/page"}],"author":[{"embeddable":true,"href":"https:\/\/estudiosgenealogicos.org\/genealogiadelaviolencia\/wp-json\/wp\/v2\/users\/6"}],"replies":[{"embeddable":true,"href":"https:\/\/estudiosgenealogicos.org\/genealogiadelaviolencia\/wp-json\/wp\/v2\/comments?post=19"}],"version-history":[{"count":8,"href":"https:\/\/estudiosgenealogicos.org\/genealogiadelaviolencia\/wp-json\/wp\/v2\/pages\/19\/revisions"}],"predecessor-version":[{"id":135,"href":"https:\/\/estudiosgenealogicos.org\/genealogiadelaviolencia\/wp-json\/wp\/v2\/pages\/19\/revisions\/135"}],"wp:attachment":[{"href":"https:\/\/estudiosgenealogicos.org\/genealogiadelaviolencia\/wp-json\/wp\/v2\/media?parent=19"}],"curies":[{"name":"wp","href":"https:\/\/api.w.org\/{rel}","templated":true}]}}