{"id":28,"date":"2014-09-15T05:40:07","date_gmt":"2014-09-15T05:40:07","guid":{"rendered":"http:\/\/estudiosgenealogicos.org\/genealogiadelaviolencia\/?page_id=28"},"modified":"2014-09-15T06:44:11","modified_gmt":"2014-09-15T06:44:11","slug":"actividades-academicas","status":"publish","type":"page","link":"https:\/\/estudiosgenealogicos.org\/genealogiadelaviolencia\/actividades-academicas\/","title":{"rendered":"Actividades acad\u00e9micas"},"content":{"rendered":"<h1>Simposio \u201cFilosof\u00eda en el agua\u201d<\/h1>\n<p style=\"text-align: justify\">Evento coordinado por Bily L\u00f3pez Gonz\u00e1lez y Rafael \u00c1ngel G\u00f3mez Chore\u00f1o, que se llev\u00f3 a cabo del 22 al 24 de junio de 2012 en Cuautla, Morelos, como parte de las actividades acad\u00e9micas del CEGE.<\/p>\n","protected":false},"excerpt":{"rendered":"<p>Simposio \u201cFilosof\u00eda en el agua\u201d Evento coordinado por Bily L\u00f3pez Gonz\u00e1lez y Rafael \u00c1ngel G\u00f3mez Chore\u00f1o, que se llev\u00f3 a cabo del 22 al 24 de junio de 2012 en Cuautla, Morelos, como parte de las actividades acad\u00e9micas del CEGE.<\/p>\n","protected":false},"author":6,"featured_media":0,"parent":0,"menu_order":0,"comment_status":"open","ping_status":"open","template":"","meta":{"_bbp_topic_count":0,"_bbp_reply_count":0,"_bbp_total_topic_count":0,"_bbp_total_reply_count":0,"_bbp_voice_count":0,"_bbp_anonymous_reply_count":0,"_bbp_topic_count_hidden":0,"_bbp_reply_count_hidden":0,"_bbp_forum_subforum_count":0,"footnotes":""},"class_list":["post-28","page","type-page","status-publish","hentry"],"_links":{"self":[{"href":"https:\/\/estudiosgenealogicos.org\/genealogiadelaviolencia\/wp-json\/wp\/v2\/pages\/28","targetHints":{"allow":["GET"]}}],"collection":[{"href":"https:\/\/estudiosgenealogicos.org\/genealogiadelaviolencia\/wp-json\/wp\/v2\/pages"}],"about":[{"href":"https:\/\/estudiosgenealogicos.org\/genealogiadelaviolencia\/wp-json\/wp\/v2\/types\/page"}],"author":[{"embeddable":true,"href":"https:\/\/estudiosgenealogicos.org\/genealogiadelaviolencia\/wp-json\/wp\/v2\/users\/6"}],"replies":[{"embeddable":true,"href":"https:\/\/estudiosgenealogicos.org\/genealogiadelaviolencia\/wp-json\/wp\/v2\/comments?post=28"}],"version-history":[{"count":1,"href":"https:\/\/estudiosgenealogicos.org\/genealogiadelaviolencia\/wp-json\/wp\/v2\/pages\/28\/revisions"}],"predecessor-version":[{"id":30,"href":"https:\/\/estudiosgenealogicos.org\/genealogiadelaviolencia\/wp-json\/wp\/v2\/pages\/28\/revisions\/30"}],"wp:attachment":[{"href":"https:\/\/estudiosgenealogicos.org\/genealogiadelaviolencia\/wp-json\/wp\/v2\/media?parent=28"}],"curies":[{"name":"wp","href":"https:\/\/api.w.org\/{rel}","templated":true}]}}