{"id":39,"date":"2014-09-15T06:07:48","date_gmt":"2014-09-15T06:07:48","guid":{"rendered":"http:\/\/estudiosgenealogicos.org\/genealogiadelaviolencia\/?page_id=39"},"modified":"2020-04-16T09:02:51","modified_gmt":"2020-04-16T09:02:51","slug":"asociados","status":"publish","type":"page","link":"https:\/\/estudiosgenealogicos.org\/genealogiadelaviolencia\/asociados\/","title":{"rendered":"Grupo de Investigaci\u00f3n"},"content":{"rendered":"<p><strong>Socios Investigadores<\/strong><\/p>\n<p>Rafael \u00c1ngel G\u00f3mez Chore\u00f1o \/ Coordinador del Programa de Investigaci\u00f3n<\/p>\n<p>Osiris SInuh\u00e9 Gonz\u00e1lez Romero<\/p>\n<p>Bily L\u00f3pez Gonz\u00e1lez<\/p>\n<p>C\u00e9sar Manuel L\u00f3pez P\u00e9rez<\/p>\n<p>Marcelo M\u00e9ndez Medina<\/p>\n<p>Alejandra Rivera Quintero<\/p>\n<p>Gema Ivette Sarmiento Guti\u00e9rrez<\/p>\n<p><strong>Investigadores Asociados<\/strong><\/p>\n<p>Uriel Gerardo Bautista Amezcua<\/p>\n<p>Gonzalo Ch\u00e1vez Salazar<\/p>\n<p>\u00c1lvaro Enr\u00edquez Espejel<\/p>\n<p>Erik Eduardo Garc\u00eda V\u00e1zquez<\/p>\n<p>Donovan Adri\u00e1n Hern\u00e1ndez Castellanos<\/p>\n<p>Omar \u00c1lvarez Huaracha<\/p>\n<p>Gandhi Monter Corona<\/p>\n<p>Rafael Peralta Mart\u00ednez<\/p>\n<p>V\u00edctor Alejandro Polanco Fr\u00edas<\/p>\n<p>Jesus Salvador Sig\u00fcenza Garcia<\/p>\n<p><strong>Estudiantes Asociados<\/strong><\/p>\n<p>Yesica Pamela Castro Figueroa<\/p>\n<p>Jazm\u00edn Paola Cruz Ch\u00e1vez<\/p>\n<p>Jamily\u00a0Dolores Gonz\u00e1lez Molina<\/p>\n<p>Enrique Jim\u00e9nez Villarreal<\/p>\n<p>Genaro Wong Montoya<\/p>\n<p>Jorge Serrano Arellano<\/p>\n","protected":false},"excerpt":{"rendered":"<p>Socios Investigadores Rafael \u00c1ngel G\u00f3mez Chore\u00f1o \/ Coordinador del Programa de Investigaci\u00f3n Osiris SInuh\u00e9 Gonz\u00e1lez Romero Bily L\u00f3pez Gonz\u00e1lez C\u00e9sar Manuel L\u00f3pez P\u00e9rez Marcelo M\u00e9ndez Medina Alejandra Rivera Quintero Gema Ivette Sarmiento Guti\u00e9rrez Investigadores Asociados Uriel Gerardo Bautista Amezcua Gonzalo Ch\u00e1vez Salazar \u00c1lvaro Enr\u00edquez Espejel Erik Eduardo Garc\u00eda V\u00e1zquez Donovan Adri\u00e1n Hern\u00e1ndez Castellanos Omar \u00c1lvarez &hellip; <a href=\"https:\/\/estudiosgenealogicos.org\/genealogiadelaviolencia\/asociados\/\" class=\"more-link\">Sigue leyendo <span class=\"screen-reader-text\">Grupo de Investigaci\u00f3n<\/span><\/a><\/p>\n","protected":false},"author":6,"featured_media":0,"parent":0,"menu_order":0,"comment_status":"open","ping_status":"open","template":"","meta":{"_bbp_topic_count":0,"_bbp_reply_count":0,"_bbp_total_topic_count":0,"_bbp_total_reply_count":0,"_bbp_voice_count":0,"_bbp_anonymous_reply_count":0,"_bbp_topic_count_hidden":0,"_bbp_reply_count_hidden":0,"_bbp_forum_subforum_count":0,"footnotes":""},"class_list":["post-39","page","type-page","status-publish","hentry"],"_links":{"self":[{"href":"https:\/\/estudiosgenealogicos.org\/genealogiadelaviolencia\/wp-json\/wp\/v2\/pages\/39","targetHints":{"allow":["GET"]}}],"collection":[{"href":"https:\/\/estudiosgenealogicos.org\/genealogiadelaviolencia\/wp-json\/wp\/v2\/pages"}],"about":[{"href":"https:\/\/estudiosgenealogicos.org\/genealogiadelaviolencia\/wp-json\/wp\/v2\/types\/page"}],"author":[{"embeddable":true,"href":"https:\/\/estudiosgenealogicos.org\/genealogiadelaviolencia\/wp-json\/wp\/v2\/users\/6"}],"replies":[{"embeddable":true,"href":"https:\/\/estudiosgenealogicos.org\/genealogiadelaviolencia\/wp-json\/wp\/v2\/comments?post=39"}],"version-history":[{"count":10,"href":"https:\/\/estudiosgenealogicos.org\/genealogiadelaviolencia\/wp-json\/wp\/v2\/pages\/39\/revisions"}],"predecessor-version":[{"id":627,"href":"https:\/\/estudiosgenealogicos.org\/genealogiadelaviolencia\/wp-json\/wp\/v2\/pages\/39\/revisions\/627"}],"wp:attachment":[{"href":"https:\/\/estudiosgenealogicos.org\/genealogiadelaviolencia\/wp-json\/wp\/v2\/media?parent=39"}],"curies":[{"name":"wp","href":"https:\/\/api.w.org\/{rel}","templated":true}]}}