{"id":22,"date":"2018-02-22T12:40:24","date_gmt":"2018-02-22T12:40:24","guid":{"rendered":"http:\/\/estudiosgenealogicos.org\/gonzalochavez\/?page_id=22"},"modified":"2018-02-23T01:52:15","modified_gmt":"2018-02-23T01:52:15","slug":"trayectoria-academica","status":"publish","type":"page","link":"https:\/\/estudiosgenealogicos.org\/gonzalochavez\/trayectoria-academica\/","title":{"rendered":"Trayectoria Acad\u00e9mica"},"content":{"rendered":"<ul>\n<li>Estudiante de la Maestr\u00eda en Historia del Arte por la Universidad Nacional Aut\u00f3noma de M\u00e9xico (UNAM).<\/li>\n<\/ul>\n<p>&nbsp;<\/p>\n<ul>\n<li>Profesor de Asignatura en la Universidad Aut\u00f3noma de la Ciudad de M\u00e9xico (UACM).<\/li>\n<\/ul>\n<p>&nbsp;<\/p>\n<ul>\n<li>Licenciado en Filosof\u00eda e Historia de las Ideas por la Universidad Aut\u00f3noma de la Ciudad de M\u00e9xico (UACM).<\/li>\n<\/ul>\n","protected":false},"excerpt":{"rendered":"<p>Estudiante de la Maestr\u00eda en Historia del Arte por la Universidad Nacional Aut\u00f3noma de M\u00e9xico (UNAM). &nbsp; Profesor de Asignatura en la Universidad Aut\u00f3noma de la Ciudad de M\u00e9xico (UACM). &nbsp; Licenciado en Filosof\u00eda e Historia de las Ideas por &hellip; <a href=\"https:\/\/estudiosgenealogicos.org\/gonzalochavez\/trayectoria-academica\/\">Sigue leyendo <span class=\"meta-nav\">&rarr;<\/span><\/a><\/p>\n","protected":false},"author":16,"featured_media":0,"parent":0,"menu_order":0,"comment_status":"closed","ping_status":"closed","template":"","meta":{"_bbp_topic_count":0,"_bbp_reply_count":0,"_bbp_total_topic_count":0,"_bbp_total_reply_count":0,"_bbp_voice_count":0,"_bbp_anonymous_reply_count":0,"_bbp_topic_count_hidden":0,"_bbp_reply_count_hidden":0,"_bbp_forum_subforum_count":0,"footnotes":""},"class_list":["post-22","page","type-page","status-publish","hentry"],"_links":{"self":[{"href":"https:\/\/estudiosgenealogicos.org\/gonzalochavez\/wp-json\/wp\/v2\/pages\/22","targetHints":{"allow":["GET"]}}],"collection":[{"href":"https:\/\/estudiosgenealogicos.org\/gonzalochavez\/wp-json\/wp\/v2\/pages"}],"about":[{"href":"https:\/\/estudiosgenealogicos.org\/gonzalochavez\/wp-json\/wp\/v2\/types\/page"}],"author":[{"embeddable":true,"href":"https:\/\/estudiosgenealogicos.org\/gonzalochavez\/wp-json\/wp\/v2\/users\/16"}],"replies":[{"embeddable":true,"href":"https:\/\/estudiosgenealogicos.org\/gonzalochavez\/wp-json\/wp\/v2\/comments?post=22"}],"version-history":[{"count":3,"href":"https:\/\/estudiosgenealogicos.org\/gonzalochavez\/wp-json\/wp\/v2\/pages\/22\/revisions"}],"predecessor-version":[{"id":40,"href":"https:\/\/estudiosgenealogicos.org\/gonzalochavez\/wp-json\/wp\/v2\/pages\/22\/revisions\/40"}],"wp:attachment":[{"href":"https:\/\/estudiosgenealogicos.org\/gonzalochavez\/wp-json\/wp\/v2\/media?parent=22"}],"curies":[{"name":"wp","href":"https:\/\/api.w.org\/{rel}","templated":true}]}}