{"id":2,"date":"2013-09-14T03:42:03","date_gmt":"2013-09-14T03:42:03","guid":{"rendered":"http:\/\/estudiosgenealogicos.org\/iriafatima\/?page_id=2"},"modified":"2020-04-29T01:28:19","modified_gmt":"2020-04-29T01:28:19","slug":"pagina-ejemplo","status":"publish","type":"page","link":"https:\/\/estudiosgenealogicos.org\/iriafatima\/pagina-ejemplo\/","title":{"rendered":"Investigaci\u00f3n"},"content":{"rendered":"\n<h2 class=\"wp-block-heading\"><span style=\"color:#6b1b0a\" class=\"has-inline-color\">COORDINA<\/span><\/h2>\n\n\n\n<h2 class=\"wp-block-heading\"><strong>Programa de Investigaci\u00f3n<\/strong><\/h2>\n\n\n\n<p>ECM002 Arqueolog\u00eda del saber en M\u00e9xico<\/p>\n\n\n\n<h2 class=\"wp-block-heading\"><strong>Proyectos Colectivos<\/strong><\/h2>\n\n\n\n<p>ECM002-PC01&nbsp;Arqueolog\u00eda de la Ciencia en M\u00e9xico<br>ECM002-PC02 Historia arqueol\u00f3gica de la Filosof\u00eda en M\u00e9xico<br>ECM002-PC03&nbsp;Saber y encierro en el M\u00e9xico Contempor\u00e1neo<\/p>\n\n\n\n<h2 class=\"wp-block-heading\"><strong>Proyectos Individuales<\/strong><\/h2>\n\n\n\n<div class=\"wp-block-group\"><div class=\"wp-block-group__inner-container is-layout-flow wp-block-group-is-layout-flow\">\n<p>ECM002-PI01 La estructura del saber en M\u00e9xico<br>ETM001-PC01\/PI01 El problema de la verdad desde Thomas Kuhn y Michel Foucault<br>ETM001-PC01\/PI02 Hip\u00f3tesis de lectura para la descripci\u00f3n de <em>Las Meninas<\/em> desde la perspectiva de Michel Foucault<br>ECM001-PI03 An\u00e1lisis arqueol\u00f3gico sobre la hechicer\u00eda practicada por las mujeres en la Nueva Espa\u00f1a<\/p>\n<\/div><\/div>\n\n\n\n<p><\/p>\n\n\n\n<h2 class=\"wp-block-heading\"><span style=\"color:#64130d\" class=\"has-inline-color\">PARTICIPA EN<\/span><\/h2>\n\n\n\n<h2 class=\"wp-block-heading\"><strong>Programas de Investigaci\u00f3n<\/strong><\/h2>\n\n\n\n<p>ETM001 Enfoque y m\u00e9todos de un pensamiento geneal\u00f3gico \/ bajo la coordinaci\u00f3n de Yolanda Angulo Parra<br>ETM005 \u00c9tica y filosof\u00eda pol\u00edtica \/ bajo la coordinaci\u00f3n de Yolanda Angulo Parra<br>ETM006 Asesor\u00eda y terapia filos\u00f3fica \/ bajo la coordinaci\u00f3n de Yolanda Angulo Parra<br>ETM007 La formaci\u00f3n cultural de las sociedades contempor\u00e1neas \/ bajo la coordinaci\u00f3n de Rafael \u00c1ngel G\u00f3mez Chore\u00f1o<br>ECM001 Exclusi\u00f3n y encierro en M\u00e9xico \/ bajo la coordinaci\u00f3n de Yolanda Angulo Parra<br>ECM005 Educaci\u00f3n y poder en M\u00e9xico \/ bajo la coordinaci\u00f3n de Marcelo Medina M\u00e9ndez<\/p>\n\n\n\n<h2 class=\"wp-block-heading\"><strong>Proyectos Colectivos<\/strong><\/h2>\n\n\n\n<p>ETM001-PC01 Precursores del enfoque geneal\u00f3gico: Estudios monogr\u00e1ficos<br>ETM001-PC02(EBT001)&nbsp;Precursores del enfoque geneal\u00f3gico: Estudios bibliogr\u00e1ficos<br>ETM005-PC01 \u00c9tica y educaci\u00f3n: El problema contempor\u00e1neo de los valores<br>ETM005-PC01\/PC01 \u00c9tica y valores I<br>ETM005-PC01\/PC02 \u00c9tica y valores II<br>ETM005-PC02 \u00c9ticas Aplicadas<br>ETM005-PC02\/PC01 \u00c9tica Aplicada para ASOFIS<br>ETM006-PC01 La terapia filos\u00f3fica grupal: un plan piloto para las internas del CERESO de Ciudad Ju\u00e1rez, Chihuahua<br>ETM006-PC02 Therapeia: Una filosof\u00eda para la vida<br>ETM007-PC02 Una mirada filos\u00f3fica al discurso literario<br>ECM001-PC01 Corporalidad y subjetividad en el encierro: \u201cburreras\u201d y \u201cmaquiladoras\u201d<br>ECM001-PC03&nbsp;El encierro carcelario en M\u00e9xico<\/p>\n","protected":false},"excerpt":{"rendered":"<p>COORDINA Programa de Investigaci\u00f3n ECM002 Arqueolog\u00eda del saber en M\u00e9xico Proyectos Colectivos ECM002-PC01&nbsp;Arqueolog\u00eda de la Ciencia en M\u00e9xicoECM002-PC02 Historia arqueol\u00f3gica de la Filosof\u00eda en M\u00e9xicoECM002-PC03&nbsp;Saber y encierro en el M\u00e9xico Contempor\u00e1neo Proyectos Individuales ECM002-PI01 La estructura del saber en M\u00e9xicoETM001-PC01\/PI01 El problema de la verdad desde Thomas Kuhn y Michel FoucaultETM001-PC01\/PI02 Hip\u00f3tesis de lectura para [&hellip;]<\/p>\n","protected":false},"author":27,"featured_media":0,"parent":0,"menu_order":0,"comment_status":"open","ping_status":"open","template":"","meta":{"_bbp_topic_count":0,"_bbp_reply_count":0,"_bbp_total_topic_count":0,"_bbp_total_reply_count":0,"_bbp_voice_count":0,"_bbp_anonymous_reply_count":0,"_bbp_topic_count_hidden":0,"_bbp_reply_count_hidden":0,"_bbp_forum_subforum_count":0,"footnotes":""},"class_list":["post-2","page","type-page","status-publish","hentry"],"_links":{"self":[{"href":"https:\/\/estudiosgenealogicos.org\/iriafatima\/wp-json\/wp\/v2\/pages\/2","targetHints":{"allow":["GET"]}}],"collection":[{"href":"https:\/\/estudiosgenealogicos.org\/iriafatima\/wp-json\/wp\/v2\/pages"}],"about":[{"href":"https:\/\/estudiosgenealogicos.org\/iriafatima\/wp-json\/wp\/v2\/types\/page"}],"author":[{"embeddable":true,"href":"https:\/\/estudiosgenealogicos.org\/iriafatima\/wp-json\/wp\/v2\/users\/27"}],"replies":[{"embeddable":true,"href":"https:\/\/estudiosgenealogicos.org\/iriafatima\/wp-json\/wp\/v2\/comments?post=2"}],"version-history":[{"count":9,"href":"https:\/\/estudiosgenealogicos.org\/iriafatima\/wp-json\/wp\/v2\/pages\/2\/revisions"}],"predecessor-version":[{"id":61,"href":"https:\/\/estudiosgenealogicos.org\/iriafatima\/wp-json\/wp\/v2\/pages\/2\/revisions\/61"}],"wp:attachment":[{"href":"https:\/\/estudiosgenealogicos.org\/iriafatima\/wp-json\/wp\/v2\/media?parent=2"}],"curies":[{"name":"wp","href":"https:\/\/api.w.org\/{rel}","templated":true}]}}