{"id":76,"date":"2015-01-17T05:18:54","date_gmt":"2015-01-17T05:18:54","guid":{"rendered":"http:\/\/estudiosgenealogicos.org\/jesussiguenza\/?page_id=76"},"modified":"2015-01-18T05:51:21","modified_gmt":"2015-01-18T05:51:21","slug":"paraisos","status":"publish","type":"page","link":"https:\/\/estudiosgenealogicos.org\/jesussiguenza\/paraisos\/","title":{"rendered":"Para\u00edsos"},"content":{"rendered":"<p>Para\u00edso I<\/p>\n<p>-El dulce rostro de Gorgo-<\/p>\n<p>&nbsp;<\/p>\n<p>La Galer\u00eda presentaba una exposici\u00f3n sobre Caravaggio en alta definici\u00f3n, nada m\u00e1s se pod\u00eda pedir a la Fortuna que la tarde fuera fresca y el clima ahuyentara las masas de gente que simplemente iban a curiosear el lugar y a\u00a0 hacerse pasar por pseudo intelectuales, tomando fotograf\u00edas con su tecnolog\u00eda cara y haciendo brillar sus antifaces mientras dec\u00edan: &lt;&lt;mira, ese es san Pedro, lo vi cuando viaj\u00e9 a la galer\u00eda de los Uficci en Italia&gt;&gt; (en realidad es san Jer\u00f3nimo, pero ello poco importa al momento de verse intelectual); o bien: &lt;&lt;no me gust\u00f3 esa pintura de la Magdalena&gt;&gt; (cuando en realidad era una simple muchacha retratada mientras se peinaba).\u00a0 De fondo sonaba muy tenuemente un programa de m\u00fasica renacentista mientras que la Galer\u00eda se llenaba de gente cual ratones atra\u00eddos por el queso.\u00a0\u00a0 El calor aumentaba, y quedarse a contemplar los claroscuros de <i>Judit y Holofernes<\/i> parec\u00eda un martirio, justo como la expresi\u00f3n terror\u00edfica de Holofernes al perder la cabeza de manos de aquella hero\u00edna de los mitos hebreos, cuya mirada se perd\u00eda en el acto de salvar a su pueblo a precio de espada.<\/p>\n<p>A pesar del inconveniente de ratones que husmean el queso sin siquiera deleitarse con su sabor, me qued\u00e9 un largo rato mirando las expresiones de la pintura, el juego de los tonos oscuros, las curvas, la frescura de la sangre del cuello de Holofernes, la mirada vac\u00eda de Judit, la sensualidad de una mujer del renacimiento escondida en un modelo de santidad jud\u00edo.\u00a0\u00a0 Debido a mis distracciones, al dar la vuelta para mirar la otra pintura, tropec\u00e9 con una chica a la cual le tir\u00e9 los anteojos. Ped\u00ed perd\u00f3n y levant\u00e9 sus anteojos, no le prest\u00e9 atenci\u00f3n debido a mi torpeza y la pena de aquello.\u00a0 Me mov\u00ed hacia el lugar donde se hallaba <em>El llamado de san Mateo<\/em> y me qued\u00e9 contemplando un rato el cuadro.<\/p>\n<p>A decir verdad me qued\u00e9 bastante tiempo absorto en la contemplaci\u00f3n.\u00a0 Tras un rato decid\u00ed proseguir mi recorrido y mi sorpresa fue inmensa y grata al encontrarme con <i>La cabeza de Medusa<\/i> expuesta ah\u00ed, justo en medio de la sala, antes de los cuadros de tem\u00e1tica religiosa y despu\u00e9s de los retratos.<\/p>\n<p>Qued\u00e9 fascinado ante los rasgos de aquello que <i>Vernant<\/i> declara como la mirada griega de lo otro totalmente opuesto al hombre: la muerte. \u00a0\u00a0La pintura de Caravaggio no representa la m\u00e1scara griega de Gorgo, lo cual es una l\u00e1stima.\u00a0 Pero si capta de una manera sublime \u00a0la crudeza del terror al ser decapitada, la mirada de venganza y muerte, el terror a la no existencia, al desaparecer.\u00a0 No s\u00e9 cuanto tiempo me qued\u00e9 mirando: la mirada de terror, la aversi\u00f3n de los visitantes al mirar la crudeza de la pintura, la sangre que escurre de la cabeza desprendida de su cuerpo, el caos que envuelve a las serpientes que se muerden unas a otras sin saber que hacer.\u00a0 En alg\u00fan momento me vi forzado a voltear a mi lado al sentir una mirada pesada.\u00a0 La chica con la que hab\u00eda tropezado estaba ah\u00ed, acomodaba sus anteojos sobre su p\u00e1lida tez para mirar los detalles de Gorgo\u00a0 y su situaci\u00f3n.\u00a0 La muchacha no me ve\u00eda a mi, sino a la pintura.\u00a0 Era alta, de corpulencia renacentista, vestida de negro y trenzaba su cabello mientras contemplaba la pintura.\u00a0 Vino entonces un enamoramiento de esos que duran cuanto la mirada puede sostener.\u00a0 El momento era perfecto: la belleza de la pintura y la belleza de la muchacha, su manera despreocupada de contemplar la pintura y no ser rat\u00f3n como el resto de quienes ya hab\u00edan disminuido en la sala, o bien pasaban de largo a Gorgo.\u00a0 Luego segu\u00ed mirando la pintura, pero no pod\u00eda evitar voltear a verla una que otra vez: Gorgo y la chica.\u00a0 El para\u00edso se hac\u00eda presente y de fondo sonaba un la\u00fad con <i>Greensleeve<\/i>s.<\/p>\n<p>Para no incomodar ni arruinar el pedazo de eternidad de lo ef\u00edmero del momento, segu\u00ed mirando otras pinturas en las cuales se representaban diversos momentos de la pasi\u00f3n de Cristo: el prendimiento, \u00a0su martirio, una vez m\u00e1s el juego de claroscuros y la expresi\u00f3n de dolor y tensi\u00f3n marcada en las manos del Cristo de los azotes\u2026 \u00a0La belleza inundaba la sala.\u00a0 Me alej\u00e9 y regres\u00e9 a los primeros cuadros, d\u00f3nde san Jer\u00f3nimo se prepara con el fin de\u00a0 traducir la Sagrada Escritura.\u00a0 Largo rato me qued\u00e9 mirando, hasta que la chica se despeg\u00f3 de la <em>Cabeza de Medusa.\u00a0<\/em> Entonces regres\u00e9 a contemplar a Gorgo y su mirada de terror, aquella que es capaz de trasformar en roca, en no &#8211; vida hasta al m\u00e1s astuto de los h\u00e9roes.\u00a0 Como la gente hab\u00eda disminuido me sent\u00e9 en el piso mientras miraba hacia arriba la pintura.\u00a0 Grande ser\u00eda mi sorpresa al mirar que la chica hab\u00eda regresado a la pintura y que estaba parada a mi lado; sent\u00ed un escalofr\u00edo en la espalda, y al voltear estaba ah\u00ed.\u00a0 En ese momento comprend\u00ed la mirada de Gorgo, de la Gorgo de la pintura: ese terror que paraliza y cautiva a la vez, ese poder de la mujer al dejar al hombre petrificado.\u00a0 Me hab\u00eda encontrado con otra interpretaci\u00f3n de Gorgo, m\u00e1s aun, con una Gorgo viva. \u00a0Luego de la mirada, que esta vez si era hacia mi, vino un comentario sobre la pintura, una expresi\u00f3n de sus delgados labios, \u00a0a lo que sigui\u00f3 \u00a0 una larga pl\u00e1tica: ella estudiante de arte.\u00a0\u00a0 Mi lengua tard\u00f3 en procesar algunas respuestas en los primeros momentos\u2026 \u00bfcu\u00e1l era mi fascinaci\u00f3n por la Gorgo de la pintura?&#8230; ah, s\u00ed&#8230; las m\u00e1scaras, la muerte, el terror del hombre al sentir que desaparece, que no trasciende.\u00a0\u00a0 Luego pasaron las horas, la pl\u00e1tica se extendi\u00f3 a mirar el agua fuera de la galer\u00eda, los afectos de las luces en la fuente al anochecer, el viento que hac\u00eda sentir la disminuci\u00f3n de la temperatura en mi rostro y pon\u00eda las mejillas de Gorgo rojizas. \u00a0Un caballero no denota el nombre de la dama en cuesti\u00f3n, as\u00ed que dada la narraci\u00f3n y el Para\u00edso naciente frente a la <em>Cabeza de Medusa<\/em>, tendr\u00e9 por bien llamarla Gorgo. Luego vino el recorrido por los pasillos que comenzaban a iluminarse, acompa\u00f1ados de su sonrisa y el juego de sus ojos, de su mirada que expresaba lo que no hac\u00eda falta a las palabras. \u00a0El paseo se vio acompa\u00f1ado de un delicioso caf\u00e9 \u00a0para terminar en el retorno a la Galer\u00eda para mirar el resto de las obras.<\/p>\n<p>Demasiado r\u00e1pido lleg\u00f3 la hora de cierre, \u00a0en los \u00faltimos minutos ya no hab\u00eda ratones merodeando el queso, el deleite fue inmenso ante la perfecci\u00f3n de la conjunci\u00f3n entre m\u00fasica, compa\u00f1\u00eda y el momento junto a Gorgo y Gorgo. \u00a0 luego de la despedida y de contemplar una vez m\u00e1s esa mirada de Gorgo, enigm\u00e1tica, declarativa, c\u00e1lida y luego fr\u00eda \u2013ya no de la pintura-, sino acompa\u00f1ada de unas manos y unas mejillas que cobraban un tono rojizo ante el fr\u00edo. Luego lleg\u00f3 el sabor c\u00e1lido y maravilloso de aquellos momentos que son bellos por ser ef\u00edmeros. \u00a0 \u00a0Minutos m\u00e1s tarde, fuera de la Galer\u00eda y junto a la fuente que develara el rubor de las mejillas y contemplara por \u00faltima vez esa mirada, \u00a0el humo disip\u00f3 su perfume y su rostro, anunciando el fin del para\u00edso que me hab\u00eda invadido sin querer, la tarde de hoy.<\/p>\n<p><a href=\"http:\/\/estudiosgenealogicos.org\/jesussiguenza\/files\/2015\/01\/Medusa-Caravaggio_Uffizi.jpg\"><img loading=\"lazy\" decoding=\"async\" class=\"aligncenter size-medium wp-image-77\" alt=\"Medusa-Caravaggio_Uffizi\" src=\"http:\/\/estudiosgenealogicos.org\/jesussiguenza\/files\/2015\/01\/Medusa-Caravaggio_Uffizi-300x159.jpg\" width=\"300\" height=\"159\" srcset=\"https:\/\/estudiosgenealogicos.org\/jesussiguenza\/files\/2015\/01\/Medusa-Caravaggio_Uffizi-300x159.jpg 300w, https:\/\/estudiosgenealogicos.org\/jesussiguenza\/files\/2015\/01\/Medusa-Caravaggio_Uffizi-1024x545.jpg 1024w, https:\/\/estudiosgenealogicos.org\/jesussiguenza\/files\/2015\/01\/Medusa-Caravaggio_Uffizi-500x266.jpg 500w\" sizes=\"auto, (max-width: 300px) 100vw, 300px\" \/><\/a><\/p>\n","protected":false},"excerpt":{"rendered":"<p>Para\u00edso I -El dulce rostro de Gorgo- &nbsp; La Galer\u00eda presentaba una exposici\u00f3n sobre Caravaggio en alta definici\u00f3n, nada m\u00e1s se pod\u00eda pedir a la Fortuna que la tarde fuera fresca y el clima ahuyentara las masas de gente que &hellip; <a href=\"https:\/\/estudiosgenealogicos.org\/jesussiguenza\/paraisos\/\">Sigue leyendo <span class=\"meta-nav\">&rarr;<\/span><\/a><\/p>\n","protected":false},"author":32,"featured_media":0,"parent":0,"menu_order":0,"comment_status":"open","ping_status":"open","template":"","meta":{"_bbp_topic_count":0,"_bbp_reply_count":0,"_bbp_total_topic_count":0,"_bbp_total_reply_count":0,"_bbp_voice_count":0,"_bbp_anonymous_reply_count":0,"_bbp_topic_count_hidden":0,"_bbp_reply_count_hidden":0,"_bbp_forum_subforum_count":0,"footnotes":""},"class_list":["post-76","page","type-page","status-publish","hentry"],"_links":{"self":[{"href":"https:\/\/estudiosgenealogicos.org\/jesussiguenza\/wp-json\/wp\/v2\/pages\/76","targetHints":{"allow":["GET"]}}],"collection":[{"href":"https:\/\/estudiosgenealogicos.org\/jesussiguenza\/wp-json\/wp\/v2\/pages"}],"about":[{"href":"https:\/\/estudiosgenealogicos.org\/jesussiguenza\/wp-json\/wp\/v2\/types\/page"}],"author":[{"embeddable":true,"href":"https:\/\/estudiosgenealogicos.org\/jesussiguenza\/wp-json\/wp\/v2\/users\/32"}],"replies":[{"embeddable":true,"href":"https:\/\/estudiosgenealogicos.org\/jesussiguenza\/wp-json\/wp\/v2\/comments?post=76"}],"version-history":[{"count":3,"href":"https:\/\/estudiosgenealogicos.org\/jesussiguenza\/wp-json\/wp\/v2\/pages\/76\/revisions"}],"predecessor-version":[{"id":89,"href":"https:\/\/estudiosgenealogicos.org\/jesussiguenza\/wp-json\/wp\/v2\/pages\/76\/revisions\/89"}],"wp:attachment":[{"href":"https:\/\/estudiosgenealogicos.org\/jesussiguenza\/wp-json\/wp\/v2\/media?parent=76"}],"curies":[{"name":"wp","href":"https:\/\/api.w.org\/{rel}","templated":true}]}}