{"id":2,"date":"2012-12-04T08:49:34","date_gmt":"2012-12-04T08:49:34","guid":{"rendered":"http:\/\/estudiosgenealogicos.org\/marcelomendez\/?page_id=2"},"modified":"2023-03-16T02:42:04","modified_gmt":"2023-03-16T02:42:04","slug":"pagina-ejemplo","status":"publish","type":"page","link":"https:\/\/estudiosgenealogicos.org\/marcelomendez\/pagina-ejemplo\/","title":{"rendered":"ECM005 Educaci\u00f3n y Poder en M\u00e9xico"},"content":{"rendered":"\n<p>Este es un programa de investigaci\u00f3n adscrito al Centro de Estudios Geneal\u00f3gicos para la Investigaci\u00f3n de la Cultura en M\u00e9xico y Am\u00e9rica Latina, desde el 22 de marzo de 2006, registrado como parte de las actividades del \u00e1rea de Estudios sobre la Cultura en M\u00e9xico. Coordinador: Marcelo M\u00e9ndez Medina.<\/p>\n\n\n\n<h2 class=\"wp-block-heading\">Proyectos individuales<\/h2>\n\n\n\n<h4 class=\"wp-block-heading\">Educaci\u00f3n y poder en la cultura mexica<\/h4>\n\n\n\n<p>Clave: ECM005-PI01<\/p>\n\n\n\n<p>Responsable: Marcelo M\u00e9ndez Medina<\/p>\n\n\n\n<p>Fecha de registro: 22 de marzo de 2006<\/p>\n\n\n\n<p>Fecha de conclusi\u00f3n: 02 de septiembre de 2011<\/p>\n\n\n\n<h2 class=\"wp-block-heading\">Proyectos colectivos<\/h2>\n\n\n\n<h4 class=\"wp-block-heading\">Ense\u00f1anza de la filosof\u00eda<\/h4>\n\n\n\n<p>Clave: ECM005-PC01<\/p>\n\n\n\n<p>Responsable: Rafael \u00c1ngel G\u00f3mez Chore\u00f1o<\/p>\n\n\n\n<p>Participantes: Marcelo M\u00e9ndez Medina, Luis \u00c1ngel Ju\u00e1rez Madrigal, Oswaldo Sim\u00f3n Arroyo, Mariana Rico Cort\u00e9s, Jorge Serrano Arellano.<\/p>\n\n\n\n<p>Fecha de registro: 01 de julio de 2016<\/p>\n\n\n\n<p>Fecha de conclusi\u00f3n: activo<\/p>\n\n\n\n<p>Sitio web: <a href=\"https:\/\/enseanzadelafilosofia.wordpress.com\/\">Ense\u00f1anza de la filosof\u00eda (wordpress.com)<\/a><\/p>\n","protected":false},"excerpt":{"rendered":"<p>Este es un programa de investigaci\u00f3n adscrito al Centro de Estudios Geneal\u00f3gicos para la Investigaci\u00f3n de la Cultura en M\u00e9xico y Am\u00e9rica Latina, desde el 22 de marzo de 2006, registrado como parte de las actividades del \u00e1rea de Estudios sobre la Cultura en M\u00e9xico. Coordinador: Marcelo M\u00e9ndez Medina. Proyectos individuales Educaci\u00f3n y poder en [&hellip;]<\/p>\n","protected":false},"author":15,"featured_media":0,"parent":0,"menu_order":0,"comment_status":"open","ping_status":"open","template":"","meta":{"_bbp_topic_count":0,"_bbp_reply_count":0,"_bbp_total_topic_count":0,"_bbp_total_reply_count":0,"_bbp_voice_count":0,"_bbp_anonymous_reply_count":0,"_bbp_topic_count_hidden":0,"_bbp_reply_count_hidden":0,"_bbp_forum_subforum_count":0,"footnotes":""},"class_list":["post-2","page","type-page","status-publish","hentry"],"_links":{"self":[{"href":"https:\/\/estudiosgenealogicos.org\/marcelomendez\/wp-json\/wp\/v2\/pages\/2","targetHints":{"allow":["GET"]}}],"collection":[{"href":"https:\/\/estudiosgenealogicos.org\/marcelomendez\/wp-json\/wp\/v2\/pages"}],"about":[{"href":"https:\/\/estudiosgenealogicos.org\/marcelomendez\/wp-json\/wp\/v2\/types\/page"}],"author":[{"embeddable":true,"href":"https:\/\/estudiosgenealogicos.org\/marcelomendez\/wp-json\/wp\/v2\/users\/15"}],"replies":[{"embeddable":true,"href":"https:\/\/estudiosgenealogicos.org\/marcelomendez\/wp-json\/wp\/v2\/comments?post=2"}],"version-history":[{"count":3,"href":"https:\/\/estudiosgenealogicos.org\/marcelomendez\/wp-json\/wp\/v2\/pages\/2\/revisions"}],"predecessor-version":[{"id":32,"href":"https:\/\/estudiosgenealogicos.org\/marcelomendez\/wp-json\/wp\/v2\/pages\/2\/revisions\/32"}],"wp:attachment":[{"href":"https:\/\/estudiosgenealogicos.org\/marcelomendez\/wp-json\/wp\/v2\/media?parent=2"}],"curies":[{"name":"wp","href":"https:\/\/api.w.org\/{rel}","templated":true}]}}