{"id":108,"date":"2020-04-18T00:06:38","date_gmt":"2020-04-18T00:06:38","guid":{"rendered":"http:\/\/estudiosgenealogicos.org\/talesdemixcoac\/?page_id=108"},"modified":"2023-07-19T17:19:17","modified_gmt":"2023-07-20T00:19:17","slug":"sobre-arturo-montoya-hernandez","status":"publish","type":"page","link":"https:\/\/estudiosgenealogicos.org\/talesdemixcoac\/sobre-arturo-montoya-hernandez\/","title":{"rendered":"Sobre Arturo Montoya Hern\u00e1ndez"},"content":{"rendered":"\n<p> <b>Estudiante asociado del CEGE (2013-2015)<\/b><\/p>\n<p><b>Investigador asociado del CEGE (2015-actualidad)<\/b><\/p>\n<blockquote>\n<hr> \n<p align=\"justify\"><b>Arturo Montoya Hern\u00e1ndez<\/b>, investigador asociado del Centro de Estudios Geneal\u00f3gicos para la Investigaci\u00f3n de la Cultura en M\u00e9xico y Am\u00e9rica Latina, A.C. (CEGE); vinculado al proyecto <i>La formaci\u00f3n cultural de las sociedades contempor\u00e1neas ETM007<\/i>. Es <b>Licenciado en Filosof\u00eda<\/b> por la Facultad de Filosof\u00eda y Letras (FFyL) de la Universidad Nacional Aut\u00f3noma de M\u00e9xico (UNAM), <b>Maestro y Doctor en Estudios Culturales<\/b> por El Colegio de la Frontera Norte (El Colef). Participa en el seminario permanente \u201cIm\u00e1genes e imaginaciones de la cultura\u201d y \u00abPo\u00e9ticas y ret\u00f3ricas de la vida civil\u00bb, y en el proyecto digital \u00abPantalla y Deseo\u00bb del CEGE. Es miembro del grupo de investigaci\u00f3n \u201cDeporte, globalizaci\u00f3n y cultura\u201d conformado por investigadores y acad\u00e9micos de la Universidad Aut\u00f3noma de Chiapas (UNACH), la Universidad Aut\u00f3noma Metropolitana (UAM) y la Universidad Veracruzana (UV). Entre sus temas acad\u00e9micos de inter\u00e9s se encuentran la <i> migraci\u00f3n de retorno, las pol\u00edticas culturales de las migraciones, los estudios sobre la frontera, el deporte como fen\u00f3meno cultural transnacional, los estudios visuales, los estudios culturales, la est\u00e9tica-pol\u00edtica filos\u00f3fica, los estudios de performance, el cine y la filosof\u00eda del arte. <\/i><\/p>\n\n\n\n<p><\/p>\n","protected":false},"excerpt":{"rendered":"<p>Estudiante asociado del CEGE (2013-2015) Investigador asociado del CEGE (2015-actualidad) Arturo Montoya Hern\u00e1ndez, investigador asociado del Centro de Estudios Geneal\u00f3gicos para la Investigaci\u00f3n de la Cultura en M\u00e9xico y Am\u00e9rica Latina, A.C. (CEGE); vinculado al proyecto La formaci\u00f3n cultural de &hellip; <a href=\"https:\/\/estudiosgenealogicos.org\/talesdemixcoac\/sobre-arturo-montoya-hernandez\/\">Sigue leyendo <span class=\"meta-nav\">&rarr;<\/span><\/a><\/p>\n","protected":false},"author":44,"featured_media":0,"parent":0,"menu_order":0,"comment_status":"closed","ping_status":"closed","template":"","meta":{"_bbp_topic_count":0,"_bbp_reply_count":0,"_bbp_total_topic_count":0,"_bbp_total_reply_count":0,"_bbp_voice_count":0,"_bbp_anonymous_reply_count":0,"_bbp_topic_count_hidden":0,"_bbp_reply_count_hidden":0,"_bbp_forum_subforum_count":0,"footnotes":""},"class_list":["post-108","page","type-page","status-publish","hentry"],"_links":{"self":[{"href":"https:\/\/estudiosgenealogicos.org\/talesdemixcoac\/wp-json\/wp\/v2\/pages\/108","targetHints":{"allow":["GET"]}}],"collection":[{"href":"https:\/\/estudiosgenealogicos.org\/talesdemixcoac\/wp-json\/wp\/v2\/pages"}],"about":[{"href":"https:\/\/estudiosgenealogicos.org\/talesdemixcoac\/wp-json\/wp\/v2\/types\/page"}],"author":[{"embeddable":true,"href":"https:\/\/estudiosgenealogicos.org\/talesdemixcoac\/wp-json\/wp\/v2\/users\/44"}],"replies":[{"embeddable":true,"href":"https:\/\/estudiosgenealogicos.org\/talesdemixcoac\/wp-json\/wp\/v2\/comments?post=108"}],"version-history":[{"count":11,"href":"https:\/\/estudiosgenealogicos.org\/talesdemixcoac\/wp-json\/wp\/v2\/pages\/108\/revisions"}],"predecessor-version":[{"id":263,"href":"https:\/\/estudiosgenealogicos.org\/talesdemixcoac\/wp-json\/wp\/v2\/pages\/108\/revisions\/263"}],"wp:attachment":[{"href":"https:\/\/estudiosgenealogicos.org\/talesdemixcoac\/wp-json\/wp\/v2\/media?parent=108"}],"curies":[{"name":"wp","href":"https:\/\/api.w.org\/{rel}","templated":true}]}}