{"id":41,"date":"2016-04-11T15:09:52","date_gmt":"2016-04-11T15:09:52","guid":{"rendered":"http:\/\/estudiosgenealogicos.org\/talesdemixcoac\/?page_id=41"},"modified":"2020-04-18T00:38:38","modified_gmt":"2020-04-18T00:38:38","slug":"la-experiencia-viva-del-movimiento-cuerpo-imagenes-e-imaginaciones","status":"publish","type":"page","link":"https:\/\/estudiosgenealogicos.org\/talesdemixcoac\/la-experiencia-viva-del-movimiento-cuerpo-imagenes-e-imaginaciones\/","title":{"rendered":"La experiencia viva del movimiento: cuerpo, im\u00e1genes e imaginaciones. San Crist\u00f3bal de Las Casas, Chiapas (16-19 de abril de 2016)"},"content":{"rendered":"<p style=\"text-align: justify\"><strong>Presentaci\u00f3n:<a href=\"http:\/\/estudiosgenealogicos.org\/talesdemixcoac\/files\/2016\/04\/cronograma-encuentro-aumentadochiquita.jpg\" rel=\"attachment wp-att-42\"><img loading=\"lazy\" decoding=\"async\" class=\"alignnone wp-image-42 size-full\" src=\"http:\/\/estudiosgenealogicos.org\/talesdemixcoac\/files\/2016\/04\/cronograma-encuentro-aumentadochiquita.jpg\" alt=\"Cronograma encuentro \" width=\"945\" height=\"517\" srcset=\"https:\/\/estudiosgenealogicos.org\/talesdemixcoac\/files\/2016\/04\/cronograma-encuentro-aumentadochiquita.jpg 945w, https:\/\/estudiosgenealogicos.org\/talesdemixcoac\/files\/2016\/04\/cronograma-encuentro-aumentadochiquita-300x164.jpg 300w, https:\/\/estudiosgenealogicos.org\/talesdemixcoac\/files\/2016\/04\/cronograma-encuentro-aumentadochiquita-768x420.jpg 768w, https:\/\/estudiosgenealogicos.org\/talesdemixcoac\/files\/2016\/04\/cronograma-encuentro-aumentadochiquita-500x274.jpg 500w\" sizes=\"auto, (max-width: 945px) 100vw, 945px\" \/><\/a><\/strong><\/p>\n<p style=\"text-align: justify\">Con la intenci\u00f3n de compartir experiencias que generen lazos de memoria, tejidos de habitaci\u00f3n com\u00fan, trabajos colaborativos a largo plazo y formas nuevas de escucharnos y escuchar a los otros, se llevar\u00e1 a cabo en San Crist\u00f3bal de las Casas <em>del<\/em> <em>16 al 19 de abril del 2016<\/em>, un encuentro entre integrantes del <em>Centro de Estudios Geneal\u00f3gicos (CEGE)<\/em> de la Ciudad de M\u00e9xico; Mar\u00eda Andrea G\u00f3mez, esteta relacional de Colombia; participantes del <em>Seminario Filosof\u00eda y Mirada: Una imagen que piensa<\/em> ( entre quienes se encuentran integrantes del <em>Colectivo Tragameluz<\/em> y artistas audio-visuales independientes) y el <em>Interdisciplinario Farmacolectivo (IF)<\/em>. La sede ser\u00e1n las&nbsp; instalaciones de la <em>Fundaci\u00f3n Bruja&nbsp; Violeta, A.C<\/em>. en Calle Diego Dugelay #17, Barrio de Guadalupe. La invitaci\u00f3n a participar en los conservatorios y talleres es abierta.<\/p>\n<p style=\"text-align: justify\"><strong><em>&nbsp;<\/em><\/strong><\/p>\n<p style=\"text-align: justify\"><strong><em>MEMBRANAS DE HABITANCIA EST\u00c9TICA<\/em><\/strong><\/p>\n<p style=\"text-align: justify\"><strong>Mar\u00eda Andrea G\u00f3mez G\u00f3mez<\/strong><\/p>\n<p style=\"text-align: justify\">Somos parte, todos y todo de una gran membrana: carne, tejidos, piel, tramas de vida, urdimbres de relaci\u00f3n, superficies e inscripci\u00f3n, espacio y pliegue, tiempo y espacio. En el misterio de nuestra subjetividad se juegan los relatos propios que como cosmovisiones van marcando un lugar desde el cual conectar otras subjetividades, cuerpos y relatos, hasta formar una constelaci\u00f3n, un diagrama hecho de v\u00ednculos y distancias, de relaciones y l\u00edmites, de vivencias y experiencias de mundo, de apuestas y aprendizajes con &#8211; juntos, un trasegar tambi\u00e9n afecto, efecto, afecci\u00f3n, huella, trazo, roza, mapa, dibujo, l\u00ednea, rastro, fluctuaci\u00f3n, tejido, capa, piel, gesto, voz, caricia, palpito, membrana. En este claro me detengo para abrir mi peque\u00f1o inmenso mundo por donde han transitado, residido y aguardado muchos otros seres, con quienes sigo caminando, a veces juntos, a veces distanciados, por senderos de afectos y afectaciones mutuas, hasta convertirse en procesos compartidos y fluctuantes entre aventuras, vagabundeos, errancias y descubrimientos. Nos ha quedado de este trasegar con otros algunas propuestas materializadas en un m\u00e9todo de trabajo creativo, est\u00e9tico propio y muy humano, donde el pensamiento mira escuchando el obrar \u2013 habitar en el mundo, desde la pregunta \u00bfC\u00f3mo crear humanidad entre nosotros? \u00bfy este nosotros como un todos con la Tierra?<\/p>\n<p style=\"text-align: justify\"><em>Mar\u00eda Andrea G\u00f3mez G\u00f3mez estudi\u00f3 comunicaci\u00f3n social en la Universidad de Manizales y la maestra en est\u00e9tica y creaci\u00f3n con profundizaci\u00f3n en est\u00e9ticas relacionales, en la Universidad Tecnol\u00f3gica de Pereira; es realizadora audiovisual, docente, investigadora, facilitadora ambiental gestora y educadora comunitaria.<\/em><\/p>\n<p style=\"text-align: justify\"><strong>&nbsp;<\/strong><\/p>\n<p style=\"text-align: justify\"><strong><em>FILOSOF\u00cdA Y MIRADA: UNA IMAGEN QUE PIENSA<\/em><\/strong><\/p>\n<p style=\"text-align: justify\"><strong>Arturo Montoya Hern\u00e1ndez<\/strong><\/p>\n<p style=\"text-align: justify\">El pensar en las <em>im\u00e1genes<\/em> no solo como veh\u00edculos de una <em>representaci\u00f3n<\/em>, sino como \u00edndices que plasman la vitalidad de los afectos de una comunidad en el medio material, permite plantear ideas que trascienden su mera presencia visiva. Si pensamos que lo visivo hace alusi\u00f3n a un aspecto superficial de las im\u00e1genes, en cuanto pertenecientes a un circuito de percepci\u00f3n visual, la postura que queda abierta es la del cuestionamiento de los elementos profundos de la imagen, aquellos&nbsp; ligados a la fabulaci\u00f3n, la imaginaci\u00f3n, los afectos, la creaci\u00f3n, cuestiones que apelan al proceso mediante el cual los espacios se habitan de memoria.<\/p>\n<p style=\"text-align: justify\">Las <em>im\u00e1genes<\/em> no son entonces para nosotros, meras manifestaciones culturales, que utilizan distintos dispositivos para ser creadas; son discusiones, pensamiento, posturas vitales, luci\u00e9rnagas, hebras de la vida en com\u00fan que nos apelan profundamente, planteando modos de vida o se\u00f1alando potencias de nuestra relaci\u00f3n con el mundo<\/p>\n<p style=\"text-align: justify\"><em>Arturo Montoya Hern\u00e1ndez es licenciado en Filosof\u00eda por la Universidad Nacional Aut\u00f3noma de M\u00e9xico (UNAM) e investigador asociado en el Centro de Estudios Geneal\u00f3gicos (CEGE),<\/em> donde participa del<em> seminario permanente \u00abIm\u00e1genes e imaginaci\u00f3n de la cultura\u00bb.<\/em><\/p>\n<p style=\"text-align: justify\"><em>&nbsp;<\/em><\/p>\n<p style=\"text-align: justify\"><strong><em>LA EXPERIENCIA SOM\u00c1TICA DE LA IMPROVISACI\u00d3N DE CONTACTO<\/em><\/strong><\/p>\n<p style=\"text-align: justify\"><strong>Dulce Trejo<\/strong><\/p>\n<p style=\"text-align: justify\">La Improvisaci\u00f3n de Contacto es una pr\u00e1ctica de improvisaci\u00f3n de movimiento a partir del contacto de los cuerpos en la que la gravedad, el contacto con el piso y nuestros apoyos en \u00e9l, el apoyo en el cuerpo del otro y la experiencia consciente del momentum que la fuerza centr\u00edfuga imprime en nuestros cuerpos \u2013 todos propios del car\u00e1cter f\u00edsico del movimiento \u2013, se vuelven imprescindibles para una vivencia corporal del movimiento. A trav\u00e9s de ello, la improvisaci\u00f3n de contacto constituye una pr\u00e1ctica que propicia una experiencia multisensorial capaz de ponernos en contacto con la complejidad sensorial, \u00edntima, personal, social, espacial, temporal, geogr\u00e1fica, hist\u00f3rica e intelectual de las situaciones en las que se le pone en juego. Una experiencia som\u00e1tica de esta pr\u00e1ctica, esto es, una experiencia de movimiento a trav\u00e9s del contacto constituida a partir de una atenci\u00f3n corporal consciente al cuerpo que somos; nos confronta, as\u00ed, como cuerpos no s\u00f3lo con el desaf\u00edo sensorial que es el movimiento, sino tambi\u00e9n con la consistencia sensorial de todos aquellos h\u00e1bitos que sostienen nuestras situaciones. Lo que promueve una actitud emp\u00e1tica entre sus practicantes, una articulaci\u00f3n comunitaria y una abierta disposici\u00f3n a confrontarnos, desde distintos niveles, a las experiencias corporales que atravesamos de manera com\u00fan. El presente taller busca visitar estas posibilidades que se abren con la Improvisaci\u00f3n de Contacto a trav\u00e9s de una serie de exploraciones de atenci\u00f3n corporal consciente a nuestro movimiento y el movimiento de nuestros compa\u00f1eros, y de la pr\u00e1ctica de distintas formas de contacto que nos permitan reconocer los principios b\u00e1sicos de la Improvisaci\u00f3n de Contacto. Todo ello para crear las condiciones de su puesta en juego en una Jam, o sesi\u00f3n de improvisaci\u00f3n, que ir\u00e1 dando lugar poco a poco a un conversatorio en torno a la vivencia est\u00e9tica de nuestros cuerpos, en el que los participantes podr\u00e1n tanto poner en pr\u00e1ctica las habilidades f\u00edsicas adquiridas durante el taller, como reflexionar sobre las inquietudes te\u00f3ricas con respecto al cuerpo que surgieron con la pr\u00e1ctica.<\/p>\n<p style=\"text-align: justify\"><em>Dulce Trejo es Licenciada en filosof\u00eda por la Universidad Nacional Aut\u00f3noma de M\u00e9xico; se especializ\u00f3 en la investigaci\u00f3n de procesos coreogr\u00e1ficos de procedencia som\u00e1tica con la Maestr\u00eda Erasmus Mundus en Performing Arts Studies de la Uni\u00f3n Europea.&nbsp; Desde 2012 trabaja a lado de la core\u00f3grafa Marcela Ponce para la conformaci\u00f3n del N\u00facleo Creativo Tr\u00e1nsitos Sutiles, proyecto esc\u00e9nico, pedag\u00f3gico y de investigaci\u00f3n interesado en implementar la experiencia som\u00e1tica de movimiento para el enriquecimiento kinest\u00e9sico y sensible de la sociedad. Con \u00e9l ha impartido talleres en M\u00e9xico, Francia y B\u00e9lgica, y presentado trabajos esc\u00e9nicos en la Fonoteca Nacional (MX), el Centro Cultural Espa\u00f1a (MX), la Sala CCB (MX), Le G\u00e9n\u00e9rateur (FR), Anis Gras Le lieu de l&#8217;autre (FR), Evento anual de artistas de l o l i g o 2013 y 2015 (FR), Studio del Ballet C de la B (BE), entre otros.<\/em><\/p>\n","protected":false},"excerpt":{"rendered":"<p>Presentaci\u00f3n: Con la intenci\u00f3n de compartir experiencias que generen lazos de memoria, tejidos de habitaci\u00f3n com\u00fan, trabajos colaborativos a largo plazo y formas nuevas de escucharnos y escuchar a los otros, se llevar\u00e1 a cabo en San Crist\u00f3bal de las &hellip; <a href=\"https:\/\/estudiosgenealogicos.org\/talesdemixcoac\/la-experiencia-viva-del-movimiento-cuerpo-imagenes-e-imaginaciones\/\">Sigue leyendo <span class=\"meta-nav\">&rarr;<\/span><\/a><\/p>\n","protected":false},"author":44,"featured_media":0,"parent":0,"menu_order":0,"comment_status":"closed","ping_status":"closed","template":"","meta":{"_bbp_topic_count":0,"_bbp_reply_count":0,"_bbp_total_topic_count":0,"_bbp_total_reply_count":0,"_bbp_voice_count":0,"_bbp_anonymous_reply_count":0,"_bbp_topic_count_hidden":0,"_bbp_reply_count_hidden":0,"_bbp_forum_subforum_count":0,"footnotes":""},"class_list":["post-41","page","type-page","status-publish","hentry"],"_links":{"self":[{"href":"https:\/\/estudiosgenealogicos.org\/talesdemixcoac\/wp-json\/wp\/v2\/pages\/41","targetHints":{"allow":["GET"]}}],"collection":[{"href":"https:\/\/estudiosgenealogicos.org\/talesdemixcoac\/wp-json\/wp\/v2\/pages"}],"about":[{"href":"https:\/\/estudiosgenealogicos.org\/talesdemixcoac\/wp-json\/wp\/v2\/types\/page"}],"author":[{"embeddable":true,"href":"https:\/\/estudiosgenealogicos.org\/talesdemixcoac\/wp-json\/wp\/v2\/users\/44"}],"replies":[{"embeddable":true,"href":"https:\/\/estudiosgenealogicos.org\/talesdemixcoac\/wp-json\/wp\/v2\/comments?post=41"}],"version-history":[{"count":6,"href":"https:\/\/estudiosgenealogicos.org\/talesdemixcoac\/wp-json\/wp\/v2\/pages\/41\/revisions"}],"predecessor-version":[{"id":131,"href":"https:\/\/estudiosgenealogicos.org\/talesdemixcoac\/wp-json\/wp\/v2\/pages\/41\/revisions\/131"}],"wp:attachment":[{"href":"https:\/\/estudiosgenealogicos.org\/talesdemixcoac\/wp-json\/wp\/v2\/media?parent=41"}],"curies":[{"name":"wp","href":"https:\/\/api.w.org\/{rel}","templated":true}]}}