{"id":16,"date":"2014-09-23T07:17:55","date_gmt":"2014-09-23T07:17:55","guid":{"rendered":"http:\/\/estudiosgenealogicos.org\/therapeiafilosofica\/?page_id=16"},"modified":"2014-09-23T07:44:21","modified_gmt":"2014-09-23T07:44:21","slug":"proyectos","status":"publish","type":"page","link":"https:\/\/estudiosgenealogicos.org\/therapeiafilosofica\/proyectos\/","title":{"rendered":"Proyectos"},"content":{"rendered":"<p align=\"JUSTIFY\"><strong>ETM006 Asesor\u00eda y terap\u00eda filos\u00f3fica<\/strong><\/p>\n<p align=\"JUSTIFY\"><strong>ETM006-PI01<\/strong>\u00a0 \u00a0\u00a0\u00a0 Lineamientos de la terapia filos\u00f3fica<br \/>\n<strong>ETM006-PI02<\/strong>\u00a0 \u00a0\u00a0\u00a0 La terapia filos\u00f3fica para la docencia<br \/>\n<strong>ETM006-PC01<\/strong>\u00a0 \u00a0\u00a0 La terapia filos\u00f3fica grupal: un plan piloto para las internas del CERESO de Ciudad Ju\u00e1rez, Chihuahua<br \/>\n<strong>ETM006-PC02<\/strong>\u00a0\u00a0\u00a0\u00a0 Therapeia: Una filosof\u00eda para la vida<\/p>\n","protected":false},"excerpt":{"rendered":"<p>ETM006 Asesor\u00eda y terap\u00eda filos\u00f3fica ETM006-PI01\u00a0 \u00a0\u00a0\u00a0 Lineamientos de la terapia filos\u00f3fica ETM006-PI02\u00a0 \u00a0\u00a0\u00a0 La terapia filos\u00f3fica para la docencia ETM006-PC01\u00a0 \u00a0\u00a0 La terapia filos\u00f3fica grupal: un plan piloto para las internas del CERESO de Ciudad Ju\u00e1rez, Chihuahua ETM006-PC02\u00a0\u00a0\u00a0\u00a0 Therapeia: Una filosof\u00eda para la vida<\/p>\n","protected":false},"author":22,"featured_media":0,"parent":0,"menu_order":0,"comment_status":"open","ping_status":"open","template":"","meta":{"_bbp_topic_count":0,"_bbp_reply_count":0,"_bbp_total_topic_count":0,"_bbp_total_reply_count":0,"_bbp_voice_count":0,"_bbp_anonymous_reply_count":0,"_bbp_topic_count_hidden":0,"_bbp_reply_count_hidden":0,"_bbp_forum_subforum_count":0,"footnotes":""},"class_list":["post-16","page","type-page","status-publish","hentry"],"_links":{"self":[{"href":"https:\/\/estudiosgenealogicos.org\/therapeiafilosofica\/wp-json\/wp\/v2\/pages\/16","targetHints":{"allow":["GET"]}}],"collection":[{"href":"https:\/\/estudiosgenealogicos.org\/therapeiafilosofica\/wp-json\/wp\/v2\/pages"}],"about":[{"href":"https:\/\/estudiosgenealogicos.org\/therapeiafilosofica\/wp-json\/wp\/v2\/types\/page"}],"author":[{"embeddable":true,"href":"https:\/\/estudiosgenealogicos.org\/therapeiafilosofica\/wp-json\/wp\/v2\/users\/22"}],"replies":[{"embeddable":true,"href":"https:\/\/estudiosgenealogicos.org\/therapeiafilosofica\/wp-json\/wp\/v2\/comments?post=16"}],"version-history":[{"count":2,"href":"https:\/\/estudiosgenealogicos.org\/therapeiafilosofica\/wp-json\/wp\/v2\/pages\/16\/revisions"}],"predecessor-version":[{"id":40,"href":"https:\/\/estudiosgenealogicos.org\/therapeiafilosofica\/wp-json\/wp\/v2\/pages\/16\/revisions\/40"}],"wp:attachment":[{"href":"https:\/\/estudiosgenealogicos.org\/therapeiafilosofica\/wp-json\/wp\/v2\/media?parent=16"}],"curies":[{"name":"wp","href":"https:\/\/api.w.org\/{rel}","templated":true}]}}