{"id":18,"date":"2014-09-23T07:18:13","date_gmt":"2014-09-23T07:18:13","guid":{"rendered":"http:\/\/estudiosgenealogicos.org\/therapeiafilosofica\/?page_id=18"},"modified":"2014-09-23T07:43:00","modified_gmt":"2014-09-23T07:43:00","slug":"eventos-academicos","status":"publish","type":"page","link":"https:\/\/estudiosgenealogicos.org\/therapeiafilosofica\/eventos-academicos\/","title":{"rendered":"Eventos Acad\u00e9micos"},"content":{"rendered":"<p><strong>CURSO DE ACTUALIZACI\u00d3N \u201cFILOSOF\u00cdA PR\u00c1CTICA Y PR\u00c1CTICA DOCENTE\u201d<\/strong><\/p>\n<p>Clave de registro en el CEGE: <b>PAEU-CA03\/2007<\/b><\/p>\n<p>Acad\u00e9mica participante: Dra. Yolanda Angulo Parra<\/p>\n<p>Instituciones organizadoras: Universidad Aut\u00f3noma de Ciudad Ju\u00e1rez y Centro de Estudios Geneal\u00f3gicos, A.C.<\/p>\n<p>Sede: Programa de actualizaci\u00f3n \u201cSaberes\u201d de la UACJ<\/p>\n<p>Duraci\u00f3n:<\/p>\n<p>Fecha de inicio:<\/p>\n<p>Fecha de conclusi\u00f3n:<\/p>\n<p><b>\u00a0<\/b><\/p>\n<p><strong>CURSO DE ACTUALIZACI\u00d3N \u201cEL DOCENTE Y LA TERAPIA FILOS\u00d3FICA\u201d<\/strong><\/p>\n<p>Clave de registro en el CEGE: <b>PAEU-CA02\/2006<\/b><\/p>\n<p>Acad\u00e9mica participante: Dra. Yolanda Angulo Parra<\/p>\n<p>Instituciones organizadoras: Universidad Aut\u00f3noma de Ciudad Ju\u00e1rez y Centro de Estudios Geneal\u00f3gicos, A.C.<\/p>\n<p>Sede: Programa de actualizaci\u00f3n \u201cSaberes\u201d de la UACJ<\/p>\n<p>Duraci\u00f3n:<\/p>\n<p>Fecha de inicio:<\/p>\n<p>Fecha de conclusi\u00f3n:<\/p>\n<p><b>\u00a0<\/b><\/p>\n<p><strong>CURSO DE ACTUALIZACI\u00d3N \u201cTERAPIA FILOS\u00d3FICA\u201d<\/strong><\/p>\n<p>Clave de registro en el CEGE: <b>PAEU-CA01\/2005<\/b><\/p>\n<p>Acad\u00e9mica participante: Dra. Yolanda Angulo Parra<\/p>\n<p>Instituciones organizadoras: Universidad Aut\u00f3noma de Ciudad Ju\u00e1rez y Centro de Estudios Geneal\u00f3gicos, A.C.<\/p>\n<p>Sede: Programa de actualizaci\u00f3n \u201cSaberes\u201d de la UACJ<\/p>\n<p>Duraci\u00f3n:<\/p>\n<p>Fecha de inicio:<\/p>\n<p>Fecha de conclusi\u00f3n:<\/p>\n","protected":false},"excerpt":{"rendered":"<p>CURSO DE ACTUALIZACI\u00d3N \u201cFILOSOF\u00cdA PR\u00c1CTICA Y PR\u00c1CTICA DOCENTE\u201d Clave de registro en el CEGE: PAEU-CA03\/2007 Acad\u00e9mica participante: Dra. Yolanda Angulo Parra Instituciones organizadoras: Universidad Aut\u00f3noma de Ciudad Ju\u00e1rez y Centro de Estudios Geneal\u00f3gicos, A.C. Sede: Programa de actualizaci\u00f3n \u201cSaberes\u201d de la UACJ Duraci\u00f3n: Fecha de inicio: Fecha de conclusi\u00f3n: \u00a0 CURSO DE ACTUALIZACI\u00d3N \u201cEL DOCENTE&hellip;<\/p>\n<p><a class=\"more-link\" href=\"https:\/\/estudiosgenealogicos.org\/therapeiafilosofica\/eventos-academicos\/\" title=\"Seguir leyendo &lsquo;Eventos Acad\u00e9micos&rsquo;\">Sigue leyendo <span class=\"meta-nav\">&rarr;<\/span><\/a><\/p>\n","protected":false},"author":22,"featured_media":0,"parent":0,"menu_order":0,"comment_status":"open","ping_status":"open","template":"","meta":{"_bbp_topic_count":0,"_bbp_reply_count":0,"_bbp_total_topic_count":0,"_bbp_total_reply_count":0,"_bbp_voice_count":0,"_bbp_anonymous_reply_count":0,"_bbp_topic_count_hidden":0,"_bbp_reply_count_hidden":0,"_bbp_forum_subforum_count":0,"footnotes":""},"class_list":["post-18","page","type-page","status-publish","hentry"],"_links":{"self":[{"href":"https:\/\/estudiosgenealogicos.org\/therapeiafilosofica\/wp-json\/wp\/v2\/pages\/18","targetHints":{"allow":["GET"]}}],"collection":[{"href":"https:\/\/estudiosgenealogicos.org\/therapeiafilosofica\/wp-json\/wp\/v2\/pages"}],"about":[{"href":"https:\/\/estudiosgenealogicos.org\/therapeiafilosofica\/wp-json\/wp\/v2\/types\/page"}],"author":[{"embeddable":true,"href":"https:\/\/estudiosgenealogicos.org\/therapeiafilosofica\/wp-json\/wp\/v2\/users\/22"}],"replies":[{"embeddable":true,"href":"https:\/\/estudiosgenealogicos.org\/therapeiafilosofica\/wp-json\/wp\/v2\/comments?post=18"}],"version-history":[{"count":2,"href":"https:\/\/estudiosgenealogicos.org\/therapeiafilosofica\/wp-json\/wp\/v2\/pages\/18\/revisions"}],"predecessor-version":[{"id":39,"href":"https:\/\/estudiosgenealogicos.org\/therapeiafilosofica\/wp-json\/wp\/v2\/pages\/18\/revisions\/39"}],"wp:attachment":[{"href":"https:\/\/estudiosgenealogicos.org\/therapeiafilosofica\/wp-json\/wp\/v2\/media?parent=18"}],"curies":[{"name":"wp","href":"https:\/\/api.w.org\/{rel}","templated":true}]}}