{"id":224,"date":"2015-01-24T21:35:13","date_gmt":"2015-01-24T21:35:13","guid":{"rendered":"http:\/\/estudiosgenealogicos.org\/transitossutiles\/?page_id=224"},"modified":"2015-01-24T21:35:13","modified_gmt":"2015-01-24T21:35:13","slug":"eje-de-investigacion","status":"publish","type":"page","link":"https:\/\/estudiosgenealogicos.org\/transitossutiles\/eje-de-investigacion\/","title":{"rendered":"Eje de investigaci\u00f3n"},"content":{"rendered":"<p><strong>Tr\u00e1nsitos Sutiles <\/strong>es acogido por el Centro de Estudios Geneal\u00f3gicos para el An\u00e1lisis de la Cultura en M\u00e9xico y Am\u00e9rcia Latina A.C. para la realizaci\u00f3n de sus investigaciones te\u00f3ricas y art\u00edsticas en torno Som\u00e1tica, Dance Studies, Performance Studies \u00a0 Est\u00e9tica y Pol\u00edtica, Formas de Subjetividad y Metodologizaci\u00f3n.<\/p>\n<p>Las cuales se ven nutridas por intercambios con investigadores de este Centro, al tiempo que alimentan otras investigaciones que se desarrollan en \u00e9l, como <a href=\"http:\/\/estudiosgenealogicos.org\/formacioncultural\/\">La Formaci\u00f3n Cultural de las Sociedades Contempor\u00e1neas<\/a>, <a href=\"http:\/\/estudiosgenealogicos.org\/try\/\">Filosof\u00eda de la Irracionalidad<\/a>, el\u00a0<a href=\"http:\/\/estudiosgenealogicos.org\/dulcetrejo\/siirm\/\">Seminario Internacional de Improvisaci\u00f3n e Investigaci\u00f3n de Movimiento<\/a>\u00a0 y su l\u00ednea espec\u00edfica de\u00a0<a href=\"http:\/\/estudiosgenealogicos.org\/somatica\/\">Som\u00e1tica y Filosof\u00eda<\/a>.<\/p>\n<p>En esta secci\u00f3n les presentamos algunas de las l\u00edneas de investigaci\u00f3n que recuperan algunas de las reflexiones t\u00e9orico-pr\u00e1cticas sobre las experiencias del N\u00facleo Creativo.<\/p>\n<p>&nbsp;<\/p>\n<p>&nbsp;<\/p>\n<p>&nbsp;<\/p>\n<p>&nbsp;<\/p>\n<p>&nbsp;<\/p>\n<p><a title=\"La Formaci\u00f3n Cultural de las Sociedad Contempor\u00e1neas \" href=\"http:\/\/estudiosgenealogicos.org\/formacioncultural\/\" target=\"_blank\">\u00a0<\/a><\/p>\n","protected":false},"excerpt":{"rendered":"<p>Tr\u00e1nsitos Sutiles es acogido por el Centro de Estudios Geneal\u00f3gicos para el An\u00e1lisis de la Cultura en M\u00e9xico y Am\u00e9rcia Latina A.C. para la realizaci\u00f3n de sus investigaciones te\u00f3ricas y art\u00edsticas en torno Som\u00e1tica, Dance Studies, Performance Studies \u00a0 Est\u00e9tica &hellip; <a href=\"https:\/\/estudiosgenealogicos.org\/transitossutiles\/eje-de-investigacion\/\">Sigue leyendo <span class=\"meta-nav\">&rarr;<\/span><\/a><\/p>\n","protected":false},"author":4,"featured_media":0,"parent":0,"menu_order":0,"comment_status":"open","ping_status":"open","template":"","meta":{"_bbp_topic_count":0,"_bbp_reply_count":0,"_bbp_total_topic_count":0,"_bbp_total_reply_count":0,"_bbp_voice_count":0,"_bbp_anonymous_reply_count":0,"_bbp_topic_count_hidden":0,"_bbp_reply_count_hidden":0,"_bbp_forum_subforum_count":0,"footnotes":""},"class_list":["post-224","page","type-page","status-publish","hentry"],"_links":{"self":[{"href":"https:\/\/estudiosgenealogicos.org\/transitossutiles\/wp-json\/wp\/v2\/pages\/224","targetHints":{"allow":["GET"]}}],"collection":[{"href":"https:\/\/estudiosgenealogicos.org\/transitossutiles\/wp-json\/wp\/v2\/pages"}],"about":[{"href":"https:\/\/estudiosgenealogicos.org\/transitossutiles\/wp-json\/wp\/v2\/types\/page"}],"author":[{"embeddable":true,"href":"https:\/\/estudiosgenealogicos.org\/transitossutiles\/wp-json\/wp\/v2\/users\/4"}],"replies":[{"embeddable":true,"href":"https:\/\/estudiosgenealogicos.org\/transitossutiles\/wp-json\/wp\/v2\/comments?post=224"}],"version-history":[{"count":1,"href":"https:\/\/estudiosgenealogicos.org\/transitossutiles\/wp-json\/wp\/v2\/pages\/224\/revisions"}],"predecessor-version":[{"id":225,"href":"https:\/\/estudiosgenealogicos.org\/transitossutiles\/wp-json\/wp\/v2\/pages\/224\/revisions\/225"}],"wp:attachment":[{"href":"https:\/\/estudiosgenealogicos.org\/transitossutiles\/wp-json\/wp\/v2\/media?parent=224"}],"curies":[{"name":"wp","href":"https:\/\/api.w.org\/{rel}","templated":true}]}}