{"id":232,"date":"2015-01-24T22:17:00","date_gmt":"2015-01-24T22:17:00","guid":{"rendered":"http:\/\/estudiosgenealogicos.org\/transitossutiles\/?page_id=232"},"modified":"2015-01-24T22:17:00","modified_gmt":"2015-01-24T22:17:00","slug":"germenes-creativos-de-marcela-ponce","status":"publish","type":"page","link":"https:\/\/estudiosgenealogicos.org\/transitossutiles\/germenes-creativos-de-marcela-ponce\/","title":{"rendered":"G\u00e9rmenes Creativos de Marcela Ponce"},"content":{"rendered":"<p>Se trata de una investigaci\u00f3n que nace de un acercamiento creativo al M\u00e9todo Feldenkrais.<\/p>\n<p>La pregunta que gu\u00eda a esta investigaci\u00f3n es:<br \/>\n\u00bfC\u00f3mo incluir la experiencia subjetiva del int\u00e9rprete en la composici\u00f3n coreogr\u00e1fica a trav\u00e9s de la recuperaci\u00f3n, el desarrollo y el descubrimiento de las relaciones que mantienen entre s\u00ed las diferentes vivencias que el int\u00e9rprete engendra en su proceso singular de aprendizaje?<\/p>\n<p>Los primeros indicios de esta investigaci\u00f3n fueron presentados en el <a title=\"Seminario Internacional de Improvisaci\u00f3n e Investigaci\u00f3n de Movimiento \" href=\"http:\/\/http:\/\/www.maxica.org\/#!tour\/csml\"><em>Seminario Internacional de Improvisaci\u00f3n e Investigaci\u00f3n de Movimiento<\/em><\/a> (Arcueil, Abril 2014).<\/p>\n","protected":false},"excerpt":{"rendered":"<p>Se trata de una investigaci\u00f3n que nace de un acercamiento creativo al M\u00e9todo Feldenkrais. La pregunta que gu\u00eda a esta investigaci\u00f3n es: \u00bfC\u00f3mo incluir la experiencia subjetiva del int\u00e9rprete en la composici\u00f3n coreogr\u00e1fica a trav\u00e9s de la recuperaci\u00f3n, el desarrollo &hellip; <a href=\"https:\/\/estudiosgenealogicos.org\/transitossutiles\/germenes-creativos-de-marcela-ponce\/\">Sigue leyendo <span class=\"meta-nav\">&rarr;<\/span><\/a><\/p>\n","protected":false},"author":4,"featured_media":0,"parent":0,"menu_order":0,"comment_status":"open","ping_status":"open","template":"","meta":{"_bbp_topic_count":0,"_bbp_reply_count":0,"_bbp_total_topic_count":0,"_bbp_total_reply_count":0,"_bbp_voice_count":0,"_bbp_anonymous_reply_count":0,"_bbp_topic_count_hidden":0,"_bbp_reply_count_hidden":0,"_bbp_forum_subforum_count":0,"footnotes":""},"class_list":["post-232","page","type-page","status-publish","hentry"],"_links":{"self":[{"href":"https:\/\/estudiosgenealogicos.org\/transitossutiles\/wp-json\/wp\/v2\/pages\/232","targetHints":{"allow":["GET"]}}],"collection":[{"href":"https:\/\/estudiosgenealogicos.org\/transitossutiles\/wp-json\/wp\/v2\/pages"}],"about":[{"href":"https:\/\/estudiosgenealogicos.org\/transitossutiles\/wp-json\/wp\/v2\/types\/page"}],"author":[{"embeddable":true,"href":"https:\/\/estudiosgenealogicos.org\/transitossutiles\/wp-json\/wp\/v2\/users\/4"}],"replies":[{"embeddable":true,"href":"https:\/\/estudiosgenealogicos.org\/transitossutiles\/wp-json\/wp\/v2\/comments?post=232"}],"version-history":[{"count":1,"href":"https:\/\/estudiosgenealogicos.org\/transitossutiles\/wp-json\/wp\/v2\/pages\/232\/revisions"}],"predecessor-version":[{"id":233,"href":"https:\/\/estudiosgenealogicos.org\/transitossutiles\/wp-json\/wp\/v2\/pages\/232\/revisions\/233"}],"wp:attachment":[{"href":"https:\/\/estudiosgenealogicos.org\/transitossutiles\/wp-json\/wp\/v2\/media?parent=232"}],"curies":[{"name":"wp","href":"https:\/\/api.w.org\/{rel}","templated":true}]}}