{"id":237,"date":"2015-01-24T22:43:30","date_gmt":"2015-01-24T22:43:30","guid":{"rendered":"http:\/\/estudiosgenealogicos.org\/transitossutiles\/?page_id=237"},"modified":"2015-01-24T22:53:08","modified_gmt":"2015-01-24T22:53:08","slug":"la-somatizacion-a-traves-de-la-tecnica-de-la-substraccion-de-cesar-manuel-lopez-perez","status":"publish","type":"page","link":"https:\/\/estudiosgenealogicos.org\/transitossutiles\/la-somatizacion-a-traves-de-la-tecnica-de-la-substraccion-de-cesar-manuel-lopez-perez\/","title":{"rendered":"La somatizaci\u00f3n a trav\u00e9s de la t\u00e9cnica de la substracci\u00f3n de C\u00e9sar Manuel L\u00f3pez P\u00e9rez"},"content":{"rendered":"<p>En complementariedad con \u00a0distintas t\u00e9cnicas somatizaci\u00f3n encontradas en algunos M\u00e9todos de Educaci\u00f3n Som\u00e1ticam tales como la Diferenciaci\u00f3n, el Aislamiento de la atenci\u00f3n y la Integraci\u00f3n, se investiga la t\u00e9cnica de la substracci\u00f3n. Una t\u00e9cnica que permite al practicante concentrarse en la percepci\u00f3n que tiene de las estructuras de su cuerpo que son dif\u00edciles de diferenciar. Bajo el nuevo concepto de la \u201cSubstracci\u00f3n\u201d se trata una descripci\u00f3n y una fundaci\u00f3n te\u00f3rica de la concentraci\u00f3n de la percepci\u00f3n. La t\u00e9cnica substractiva permite la percepci\u00f3n consciente de los nervios y de zonas m\u00e1s abstractas de la percepci\u00f3n en general.<\/p>\n<p>Se analiza y experimenta esta t\u00e9cnica desde tres niveles:<\/p>\n<p>&#8211; La descripci\u00f3n general de la t\u00e9cnica de la Substracci\u00f3n<br \/>\n&#8211; La descripci\u00f3n de su desarrollo conceptual y<br \/>\n&#8211; Una aproximaci\u00f3n epistemol\u00f3gica que caracteriza el tipo de conocimiento que con ella se genera.<\/p>\n<p>Un primer indicio de esta investigaci\u00f3n fue presentado en el inicio de la investigaci\u00f3n art\u00edstica de <a href=\"http:\/\/http:\/\/estudiosgenealogicos.org\/transitossutiles\/2015\/01\/24\/frenesi\/\">\u00a0[fre ne &#8216;si]<\/a>, una de las creaciones en curso de N\u00facleo.<\/p>\n","protected":false},"excerpt":{"rendered":"<p>En complementariedad con \u00a0distintas t\u00e9cnicas somatizaci\u00f3n encontradas en algunos M\u00e9todos de Educaci\u00f3n Som\u00e1ticam tales como la Diferenciaci\u00f3n, el Aislamiento de la atenci\u00f3n y la Integraci\u00f3n, se investiga la t\u00e9cnica de la substracci\u00f3n. Una t\u00e9cnica que permite al practicante concentrarse en &hellip; <a href=\"https:\/\/estudiosgenealogicos.org\/transitossutiles\/la-somatizacion-a-traves-de-la-tecnica-de-la-substraccion-de-cesar-manuel-lopez-perez\/\">Sigue leyendo <span class=\"meta-nav\">&rarr;<\/span><\/a><\/p>\n","protected":false},"author":4,"featured_media":0,"parent":0,"menu_order":0,"comment_status":"open","ping_status":"open","template":"","meta":{"_bbp_topic_count":0,"_bbp_reply_count":0,"_bbp_total_topic_count":0,"_bbp_total_reply_count":0,"_bbp_voice_count":0,"_bbp_anonymous_reply_count":0,"_bbp_topic_count_hidden":0,"_bbp_reply_count_hidden":0,"_bbp_forum_subforum_count":0,"footnotes":""},"class_list":["post-237","page","type-page","status-publish","hentry"],"_links":{"self":[{"href":"https:\/\/estudiosgenealogicos.org\/transitossutiles\/wp-json\/wp\/v2\/pages\/237","targetHints":{"allow":["GET"]}}],"collection":[{"href":"https:\/\/estudiosgenealogicos.org\/transitossutiles\/wp-json\/wp\/v2\/pages"}],"about":[{"href":"https:\/\/estudiosgenealogicos.org\/transitossutiles\/wp-json\/wp\/v2\/types\/page"}],"author":[{"embeddable":true,"href":"https:\/\/estudiosgenealogicos.org\/transitossutiles\/wp-json\/wp\/v2\/users\/4"}],"replies":[{"embeddable":true,"href":"https:\/\/estudiosgenealogicos.org\/transitossutiles\/wp-json\/wp\/v2\/comments?post=237"}],"version-history":[{"count":2,"href":"https:\/\/estudiosgenealogicos.org\/transitossutiles\/wp-json\/wp\/v2\/pages\/237\/revisions"}],"predecessor-version":[{"id":241,"href":"https:\/\/estudiosgenealogicos.org\/transitossutiles\/wp-json\/wp\/v2\/pages\/237\/revisions\/241"}],"wp:attachment":[{"href":"https:\/\/estudiosgenealogicos.org\/transitossutiles\/wp-json\/wp\/v2\/media?parent=237"}],"curies":[{"name":"wp","href":"https:\/\/api.w.org\/{rel}","templated":true}]}}