{"id":243,"date":"2015-01-24T23:08:28","date_gmt":"2015-01-24T23:08:28","guid":{"rendered":"http:\/\/estudiosgenealogicos.org\/transitossutiles\/?page_id=243"},"modified":"2015-01-24T23:08:28","modified_gmt":"2015-01-24T23:08:28","slug":"notocordio-respiracion-y-movimiento-pelvico-de-claudia-cano-del-valle","status":"publish","type":"page","link":"https:\/\/estudiosgenealogicos.org\/transitossutiles\/notocordio-respiracion-y-movimiento-pelvico-de-claudia-cano-del-valle\/","title":{"rendered":"Notocordio, respiraci\u00f3n y movimiento p\u00e9lvico de Claudia Cano Del Valle"},"content":{"rendered":"<p>En un primer estudio sobre la complementariedad entre los M\u00e9todos de Educaci\u00f3n som\u00e1tica Feldenkrais y Body-Mind Movement, se presenta esta investigaci\u00f3n pr\u00e1ctica sobre la movilidad de la pelvis, particularmente \u00fatil para personas con disfunciones sensoriales y motoras.<br \/>\nDesde la perspectiva Body-Mind Movement, se crea la conciencia de la conexi\u00f3n entre \u00a0el espacio del notocordio (encarnado en los patrones prevertebrados) y el sistema respiratorio. Despu\u00e9s, a trav\u00e9s de una lecci\u00f3n del m\u00e9todo Feldenkrais, se busca la integraci\u00f3n de la respiraci\u00f3n y el movimiento de la pelvis.<br \/>\nLa combinaci\u00f3n de estas dos perspectivas de educaci\u00f3n som\u00e1tica permitir\u00e1 que el movimiento de la pelvis y la respiraci\u00f3n est\u00e9n mucho m\u00e1s conectadas de una manera m\u00e1s accesible, f\u00e1cil y poderosa.<\/p>\n<p>Un primer indicio de esta investigaci\u00f3n ser\u00e1 presentado en la<a href=\"http:\/\/https:\/\/bmcassociation.org\/index.php?q=conferences\"> Conferencia Europea de la Asociaci\u00f3n de Body-Mind Centering<\/a>, Gante 2015.<\/p>\n<p>&nbsp;<\/p>\n","protected":false},"excerpt":{"rendered":"<p>En un primer estudio sobre la complementariedad entre los M\u00e9todos de Educaci\u00f3n som\u00e1tica Feldenkrais y Body-Mind Movement, se presenta esta investigaci\u00f3n pr\u00e1ctica sobre la movilidad de la pelvis, particularmente \u00fatil para personas con disfunciones sensoriales y motoras. Desde la perspectiva &hellip; <a href=\"https:\/\/estudiosgenealogicos.org\/transitossutiles\/notocordio-respiracion-y-movimiento-pelvico-de-claudia-cano-del-valle\/\">Sigue leyendo <span class=\"meta-nav\">&rarr;<\/span><\/a><\/p>\n","protected":false},"author":4,"featured_media":0,"parent":0,"menu_order":0,"comment_status":"open","ping_status":"open","template":"","meta":{"_bbp_topic_count":0,"_bbp_reply_count":0,"_bbp_total_topic_count":0,"_bbp_total_reply_count":0,"_bbp_voice_count":0,"_bbp_anonymous_reply_count":0,"_bbp_topic_count_hidden":0,"_bbp_reply_count_hidden":0,"_bbp_forum_subforum_count":0,"footnotes":""},"class_list":["post-243","page","type-page","status-publish","hentry"],"_links":{"self":[{"href":"https:\/\/estudiosgenealogicos.org\/transitossutiles\/wp-json\/wp\/v2\/pages\/243","targetHints":{"allow":["GET"]}}],"collection":[{"href":"https:\/\/estudiosgenealogicos.org\/transitossutiles\/wp-json\/wp\/v2\/pages"}],"about":[{"href":"https:\/\/estudiosgenealogicos.org\/transitossutiles\/wp-json\/wp\/v2\/types\/page"}],"author":[{"embeddable":true,"href":"https:\/\/estudiosgenealogicos.org\/transitossutiles\/wp-json\/wp\/v2\/users\/4"}],"replies":[{"embeddable":true,"href":"https:\/\/estudiosgenealogicos.org\/transitossutiles\/wp-json\/wp\/v2\/comments?post=243"}],"version-history":[{"count":1,"href":"https:\/\/estudiosgenealogicos.org\/transitossutiles\/wp-json\/wp\/v2\/pages\/243\/revisions"}],"predecessor-version":[{"id":244,"href":"https:\/\/estudiosgenealogicos.org\/transitossutiles\/wp-json\/wp\/v2\/pages\/243\/revisions\/244"}],"wp:attachment":[{"href":"https:\/\/estudiosgenealogicos.org\/transitossutiles\/wp-json\/wp\/v2\/media?parent=243"}],"curies":[{"name":"wp","href":"https:\/\/api.w.org\/{rel}","templated":true}]}}