{"id":246,"date":"2015-01-24T23:38:46","date_gmt":"2015-01-24T23:38:46","guid":{"rendered":"http:\/\/estudiosgenealogicos.org\/transitossutiles\/?page_id=246"},"modified":"2015-01-25T00:14:13","modified_gmt":"2015-01-25T00:14:13","slug":"transitos-sutiles-un-laboratorio-de-dramaturgias-somaticas","status":"publish","type":"page","link":"https:\/\/estudiosgenealogicos.org\/transitossutiles\/transitos-sutiles-un-laboratorio-de-dramaturgias-somaticas\/","title":{"rendered":"Tr\u00e1nsitos Sutiles, un laboratorio de modos som\u00e1ticos de producci\u00f3n"},"content":{"rendered":"<p>La sedimentaci\u00f3n te\u00f3rica de las investigaciones art\u00edsticas de <em><strong>Tr\u00e1nsitos Sutiles<\/strong><\/em>\u00a0 ha ido constituyendo un corpus de investigaci\u00f3n recuperado de las exploraciones, cada vez m\u00e1s met\u00f3dicas, que implican sus creaciones, pero tambi\u00e9n de su actuar, del contexto en el que se act\u00faa y de sus inquietudes te\u00f3rico-pr\u00e1cticas.<\/p>\n<p>Algunos de los temas abordados en esta l\u00ednea son:<br \/>\n&#8211; Una contextualizaci\u00f3n de la \u00a0pr\u00e1ctica art\u00edstica de <em><strong>Tr\u00e1nsitos Sutiles<\/strong><\/em>\u00a0al interior de lo que ha venido sucediendo a partir de la segunda mitad del siglo XX y ya en este siglo en el ambiente de la danza contempor\u00e1nea con la cr\u00edtica de la representaci\u00f3n en danza, la contact improvisation y otras pr\u00e1cticas de improvisaci\u00f3n y la incidencia de diversos m\u00e9todos de educaci\u00f3n som\u00e1tica en la danza.<br \/>\n-M\u00faltiples estudios sobre la emergencia de un estilo de movimiento a la escucha del bailar\u00edn y los tr\u00e1nsitos internos que su atenci\u00f3n realiza a trav\u00e9s de su cuerpo.<br \/>\n-Un refinamiento y m\u00faltiples organizaciones de la esfera perceptiva como puntos de partida de la creaci\u00f3n coreogr\u00e1fica.<br \/>\n-Experimentaciones y estabilizaciones diversas de dramaturgias coreogr\u00e1ficas desde una perspectiva som\u00e1tica.<br \/>\n-La interpelaci\u00f3n sutil del espectador a nivel sensorial y una investigaci\u00f3n en torno a la puesta en escena que permita acercar al espectador a sus propias sensaciones.<br \/>\n-Los modos de producci\u00f3n de la danza contempor\u00e1nea y la idea de N\u00facleo Creativo como respuesta a los modos de producci\u00f3n modernos.<\/p>\n","protected":false},"excerpt":{"rendered":"<p>La sedimentaci\u00f3n te\u00f3rica de las investigaciones art\u00edsticas de Tr\u00e1nsitos Sutiles\u00a0 ha ido constituyendo un corpus de investigaci\u00f3n recuperado de las exploraciones, cada vez m\u00e1s met\u00f3dicas, que implican sus creaciones, pero tambi\u00e9n de su actuar, del contexto en el que se &hellip; <a href=\"https:\/\/estudiosgenealogicos.org\/transitossutiles\/transitos-sutiles-un-laboratorio-de-dramaturgias-somaticas\/\">Sigue leyendo <span class=\"meta-nav\">&rarr;<\/span><\/a><\/p>\n","protected":false},"author":4,"featured_media":0,"parent":0,"menu_order":0,"comment_status":"open","ping_status":"open","template":"","meta":{"_bbp_topic_count":0,"_bbp_reply_count":0,"_bbp_total_topic_count":0,"_bbp_total_reply_count":0,"_bbp_voice_count":0,"_bbp_anonymous_reply_count":0,"_bbp_topic_count_hidden":0,"_bbp_reply_count_hidden":0,"_bbp_forum_subforum_count":0,"footnotes":""},"class_list":["post-246","page","type-page","status-publish","hentry"],"_links":{"self":[{"href":"https:\/\/estudiosgenealogicos.org\/transitossutiles\/wp-json\/wp\/v2\/pages\/246","targetHints":{"allow":["GET"]}}],"collection":[{"href":"https:\/\/estudiosgenealogicos.org\/transitossutiles\/wp-json\/wp\/v2\/pages"}],"about":[{"href":"https:\/\/estudiosgenealogicos.org\/transitossutiles\/wp-json\/wp\/v2\/types\/page"}],"author":[{"embeddable":true,"href":"https:\/\/estudiosgenealogicos.org\/transitossutiles\/wp-json\/wp\/v2\/users\/4"}],"replies":[{"embeddable":true,"href":"https:\/\/estudiosgenealogicos.org\/transitossutiles\/wp-json\/wp\/v2\/comments?post=246"}],"version-history":[{"count":3,"href":"https:\/\/estudiosgenealogicos.org\/transitossutiles\/wp-json\/wp\/v2\/pages\/246\/revisions"}],"predecessor-version":[{"id":256,"href":"https:\/\/estudiosgenealogicos.org\/transitossutiles\/wp-json\/wp\/v2\/pages\/246\/revisions\/256"}],"wp:attachment":[{"href":"https:\/\/estudiosgenealogicos.org\/transitossutiles\/wp-json\/wp\/v2\/media?parent=246"}],"curies":[{"name":"wp","href":"https:\/\/api.w.org\/{rel}","templated":true}]}}