{"id":96,"date":"2015-01-18T08:22:30","date_gmt":"2015-01-18T08:22:30","guid":{"rendered":"http:\/\/estudiosgenealogicos.org\/transitossutiles\/?page_id=96"},"modified":"2015-02-14T16:47:59","modified_gmt":"2015-02-14T16:47:59","slug":"que-es-transitos-sutiles","status":"publish","type":"page","link":"https:\/\/estudiosgenealogicos.org\/transitossutiles\/","title":{"rendered":"Qu\u00e9 es Tr\u00e1nsitos Sutiles"},"content":{"rendered":"<p><b><i>Tr\u00e1nsitos Sutiles<\/i><\/b> es un n\u00facleo creativo que procura el enriquecimiento kinest\u00e9sico y sensible en la sociedad.<br \/>\nSu misi\u00f3n es constituirse como una plataforma capaz de implementar la incorporaci\u00f3n som\u00e1tica en el desarrollo de tres ejes:<\/p>\n<p>&#8211; un eje creativo para la composici\u00f3n esc\u00e9nica y el performance desde un enfoque transdisciplinario,<br \/>\n&#8211; un eje pedag\u00f3gico que, a trav\u00e9s de talleres y sesiones personalizadas, \u00a0redit\u00fae en una relaci\u00f3n m\u00e1s eficiente del sujeto con su entorno y<br \/>\n&#8211; un eje de investigaci\u00f3n te\u00f3rica en torno a las siguientes l\u00edneas: som\u00e1tica, filosof\u00eda de la danza, est\u00e9tica y pol\u00edtica, formas de subjetividad y metodologizaci\u00f3n.<\/p>\n<p>Es actualmente acogido por el Centro de Estudios Geneal\u00f3gicos para la Investigaci\u00f3n de la Cultura en M\u00e9xico y Am\u00e9rica Latina, A.C. (CEGE).<\/p>\n<p>El trabajo de Tr\u00e1nsitos Sutiles, en sus distintos ejes, se ha presentado en diversos pa\u00edses como: Cuba, Francia, Inglattera, M\u00e9xico y Nicaragua.<\/p>\n<p>Algunos colaboradores de Tr\u00e1nsitos Sutiles son:<br \/>\nCyril Bondi (Suiza)<br \/>\nClaudia Cano del Valle (M\u00e9xico)<br \/>\nAurelio Cuello (M\u00e9xico)<br \/>\nD\u2019incise (Suiza)<br \/>\nSofi H\u00e9mon (Francia)<br \/>\nC\u00e9sar Manuel L\u00f3pez P\u00e9rez (M\u00e9xico)<br \/>\nLaurent Pascal (Francia)<br \/>\nMarcela Ponce (M\u00e9xico)<br \/>\nIris Raffetseder (Austria)<br \/>\nMayra Rojo (M\u00e9xico)<br \/>\nDulce Trejo (M\u00e9xico)<br \/>\nRodrigo Valenzuela (M\u00e9xico)<br \/>\nAurelia Zea (M\u00e9xico)<\/p>\n<p>&nbsp;<\/p>\n<p><i><strong>Tr\u00e1nsitos Sutiles<\/strong>\u00a0<\/i>is a creative core focused on searching the kinesthetic and sensitive improvement of the society.<br \/>\nThe main goal is to implement the somatic embodiment through the development of three\u00a0 specific lines:<br \/>\n<strong>Creative line<\/strong>: Composition for stage and performance.<br \/>\nFrom Feldenkrais and Body-Mind Centering experiences, we developed two composition approaches: Development of Creative Seeds (Marcela Ponce) and Somatic Prototypes for the Stage (Dulce Trejo). With these approaches, we make pieces with a transdisciplinary approach, performances and composition workshops, creating a passage from daily movement to performing movement and a constant research about the spectator\u2019s experiences of movement.<br \/>\n<strong>Teaching line<\/strong>: Education for improvement on the subject relation with the environment through workshops and personalized sessions using the Body-Mind Centering and Feldenkrais Methods.<br \/>\n<strong>Theoretical Research line<\/strong> on the following topics: somatic education, dance philosophy, aesthetics and politics, forms of subjectivity and methodology creation.<br \/>\nFrom these 3 lines and their interaction, we build, consciously, multiple access for everybody to, both, somatic movement experience and performing arts.<br \/>\nCurrently, the core is hosted\u00a0 by Centro de Estudios Geneal\u00f3gicos para la Investigaci\u00f3n de la Cultura en M\u00e9xico y Am\u00e9rica Latina, A.C. (CEGE). (Center of Genealogical Studies for Research of Mexican and Latin American Culture) with a large autonomy that allows us to develop our transdisciplinary artistic research.<\/p>\n","protected":false},"excerpt":{"rendered":"<p>Tr\u00e1nsitos Sutiles es un n\u00facleo creativo que procura el enriquecimiento kinest\u00e9sico y sensible en la sociedad. Su misi\u00f3n es constituirse como una plataforma capaz de implementar la incorporaci\u00f3n som\u00e1tica en el desarrollo de tres ejes: &#8211; un eje creativo para &hellip; <a href=\"https:\/\/estudiosgenealogicos.org\/transitossutiles\/\">Sigue leyendo <span class=\"meta-nav\">&rarr;<\/span><\/a><\/p>\n","protected":false},"author":4,"featured_media":0,"parent":0,"menu_order":0,"comment_status":"open","ping_status":"open","template":"","meta":{"_bbp_topic_count":0,"_bbp_reply_count":0,"_bbp_total_topic_count":0,"_bbp_total_reply_count":0,"_bbp_voice_count":0,"_bbp_anonymous_reply_count":0,"_bbp_topic_count_hidden":0,"_bbp_reply_count_hidden":0,"_bbp_forum_subforum_count":0,"footnotes":""},"class_list":["post-96","page","type-page","status-publish","hentry"],"_links":{"self":[{"href":"https:\/\/estudiosgenealogicos.org\/transitossutiles\/wp-json\/wp\/v2\/pages\/96","targetHints":{"allow":["GET"]}}],"collection":[{"href":"https:\/\/estudiosgenealogicos.org\/transitossutiles\/wp-json\/wp\/v2\/pages"}],"about":[{"href":"https:\/\/estudiosgenealogicos.org\/transitossutiles\/wp-json\/wp\/v2\/types\/page"}],"author":[{"embeddable":true,"href":"https:\/\/estudiosgenealogicos.org\/transitossutiles\/wp-json\/wp\/v2\/users\/4"}],"replies":[{"embeddable":true,"href":"https:\/\/estudiosgenealogicos.org\/transitossutiles\/wp-json\/wp\/v2\/comments?post=96"}],"version-history":[{"count":5,"href":"https:\/\/estudiosgenealogicos.org\/transitossutiles\/wp-json\/wp\/v2\/pages\/96\/revisions"}],"predecessor-version":[{"id":384,"href":"https:\/\/estudiosgenealogicos.org\/transitossutiles\/wp-json\/wp\/v2\/pages\/96\/revisions\/384"}],"wp:attachment":[{"href":"https:\/\/estudiosgenealogicos.org\/transitossutiles\/wp-json\/wp\/v2\/media?parent=96"}],"curies":[{"name":"wp","href":"https:\/\/api.w.org\/{rel}","templated":true}]}}