{"id":73,"date":"2014-09-12T08:03:33","date_gmt":"2014-09-12T08:03:33","guid":{"rendered":"http:\/\/estudiosgenealogicos.org\/tzicvilbalam\/?page_id=73"},"modified":"2014-09-12T08:03:33","modified_gmt":"2014-09-12T08:03:33","slug":"investigaciones","status":"publish","type":"page","link":"https:\/\/estudiosgenealogicos.org\/tzicvilbalam\/investigaciones\/","title":{"rendered":"Investigaciones"},"content":{"rendered":"<p>Aqu\u00ed encontrar\u00e1s los avances en mis investigaciones: los estudios geneal\u00f3gicos sobre las pandillas y las reflexiones sobre el rap<\/p>\n","protected":false},"excerpt":{"rendered":"<p>Aqu\u00ed encontrar\u00e1s los avances en mis investigaciones: los estudios geneal\u00f3gicos sobre las pandillas y las reflexiones sobre el rap<\/p>\n","protected":false},"author":9,"featured_media":0,"parent":0,"menu_order":0,"comment_status":"open","ping_status":"open","template":"","meta":{"_bbp_topic_count":0,"_bbp_reply_count":0,"_bbp_total_topic_count":0,"_bbp_total_reply_count":0,"_bbp_voice_count":0,"_bbp_anonymous_reply_count":0,"_bbp_topic_count_hidden":0,"_bbp_reply_count_hidden":0,"_bbp_forum_subforum_count":0,"footnotes":""},"class_list":["post-73","page","type-page","status-publish","hentry"],"_links":{"self":[{"href":"https:\/\/estudiosgenealogicos.org\/tzicvilbalam\/wp-json\/wp\/v2\/pages\/73","targetHints":{"allow":["GET"]}}],"collection":[{"href":"https:\/\/estudiosgenealogicos.org\/tzicvilbalam\/wp-json\/wp\/v2\/pages"}],"about":[{"href":"https:\/\/estudiosgenealogicos.org\/tzicvilbalam\/wp-json\/wp\/v2\/types\/page"}],"author":[{"embeddable":true,"href":"https:\/\/estudiosgenealogicos.org\/tzicvilbalam\/wp-json\/wp\/v2\/users\/9"}],"replies":[{"embeddable":true,"href":"https:\/\/estudiosgenealogicos.org\/tzicvilbalam\/wp-json\/wp\/v2\/comments?post=73"}],"version-history":[{"count":1,"href":"https:\/\/estudiosgenealogicos.org\/tzicvilbalam\/wp-json\/wp\/v2\/pages\/73\/revisions"}],"predecessor-version":[{"id":74,"href":"https:\/\/estudiosgenealogicos.org\/tzicvilbalam\/wp-json\/wp\/v2\/pages\/73\/revisions\/74"}],"wp:attachment":[{"href":"https:\/\/estudiosgenealogicos.org\/tzicvilbalam\/wp-json\/wp\/v2\/media?parent=73"}],"curies":[{"name":"wp","href":"https:\/\/api.w.org\/{rel}","templated":true}]}}