{"id":115,"date":"2014-09-15T03:44:10","date_gmt":"2014-09-15T03:44:10","guid":{"rendered":"http:\/\/estudiosgenealogicos.org\/yolangulo\/?page_id=115"},"modified":"2014-09-15T04:44:06","modified_gmt":"2014-09-15T04:44:06","slug":"etica-y-filosofia-politica-2","status":"publish","type":"page","link":"https:\/\/estudiosgenealogicos.org\/yolangulo\/etica-y-filosofia-politica-2\/","title":{"rendered":"\u00c9tica y Filosof\u00eda Pol\u00edtica"},"content":{"rendered":"<div title=\"Page 1\">\n<p><strong>Investigadores Asociados:<\/strong><\/p>\n<ul>\n<li>Rafael \u00c1ngel G\u00f3mez Chore\u00f1o (desde 2006)<\/li>\n<li>Osiris Sinuh\u00e9 Gonz\u00e1lez Romero (desde )<\/li>\n<li>Iria F\u00e1tima Cede\u00f1o Escobar (desde)<\/li>\n<li>Rom\u00e1n Su\u00e1rez Galicia (desde )<\/li>\n<li>Marcelo M\u00e9ndez Medina (desde )<\/li>\n<li>V\u00edctor Alejandro Polanco Fr\u00edas (desde )<\/li>\n<li><\/li>\n<\/ul>\n<p><strong>Proyectos de Investigaci\u00f3n<\/strong><\/p>\n<\/div>\n<div title=\"Page 2\">\n<div>\n<div>\n<p>ETM005-PC01: \u00abE\u0301tica y educaci\u00f3n: el problema contempor\u00e1neo de los valores\u00bb<\/p>\n<p>ETM005-PC01\/PC01: \u00abE\u0301tica y valores I\u00bb<\/p>\n<p>ETM005-PC01\/PC02: \u00abE\u0301tica y valores II\u00bb<\/p>\n<p>ETM005-PC02: E\u0301ticas aplicadas\u00bb<\/p>\n<p>ETM005-PC02\/PC01: \u00abE\u0301tica aplicada para ASOFIS\u00bb<\/p>\n<\/div>\n<\/div>\n<\/div>\n","protected":false},"excerpt":{"rendered":"<p>Investigadores Asociados: Rafael \u00c1ngel G\u00f3mez Chore\u00f1o (desde 2006) Osiris Sinuh\u00e9 Gonz\u00e1lez Romero (desde ) Iria F\u00e1tima Cede\u00f1o Escobar (desde) Rom\u00e1n Su\u00e1rez Galicia (desde ) Marcelo M\u00e9ndez Medina (desde ) V\u00edctor Alejandro Polanco Fr\u00edas (desde ) Proyectos de Investigaci\u00f3n ETM005-PC01: \u00abE\u0301tica &hellip; <a href=\"https:\/\/estudiosgenealogicos.org\/yolangulo\/etica-y-filosofia-politica-2\/\">Sigue leyendo <span class=\"meta-nav\">&rarr;<\/span><\/a><\/p>\n","protected":false},"author":22,"featured_media":0,"parent":0,"menu_order":0,"comment_status":"open","ping_status":"open","template":"","meta":{"_bbp_topic_count":0,"_bbp_reply_count":0,"_bbp_total_topic_count":0,"_bbp_total_reply_count":0,"_bbp_voice_count":0,"_bbp_anonymous_reply_count":0,"_bbp_topic_count_hidden":0,"_bbp_reply_count_hidden":0,"_bbp_forum_subforum_count":0,"footnotes":""},"class_list":["post-115","page","type-page","status-publish","hentry"],"_links":{"self":[{"href":"https:\/\/estudiosgenealogicos.org\/yolangulo\/wp-json\/wp\/v2\/pages\/115","targetHints":{"allow":["GET"]}}],"collection":[{"href":"https:\/\/estudiosgenealogicos.org\/yolangulo\/wp-json\/wp\/v2\/pages"}],"about":[{"href":"https:\/\/estudiosgenealogicos.org\/yolangulo\/wp-json\/wp\/v2\/types\/page"}],"author":[{"embeddable":true,"href":"https:\/\/estudiosgenealogicos.org\/yolangulo\/wp-json\/wp\/v2\/users\/22"}],"replies":[{"embeddable":true,"href":"https:\/\/estudiosgenealogicos.org\/yolangulo\/wp-json\/wp\/v2\/comments?post=115"}],"version-history":[{"count":7,"href":"https:\/\/estudiosgenealogicos.org\/yolangulo\/wp-json\/wp\/v2\/pages\/115\/revisions"}],"predecessor-version":[{"id":143,"href":"https:\/\/estudiosgenealogicos.org\/yolangulo\/wp-json\/wp\/v2\/pages\/115\/revisions\/143"}],"wp:attachment":[{"href":"https:\/\/estudiosgenealogicos.org\/yolangulo\/wp-json\/wp\/v2\/media?parent=115"}],"curies":[{"name":"wp","href":"https:\/\/api.w.org\/{rel}","templated":true}]}}