{"id":2,"date":"2012-12-05T06:16:00","date_gmt":"2012-12-05T06:16:00","guid":{"rendered":"http:\/\/estudiosgenealogicos.org\/yolangulo\/?page_id=2"},"modified":"2013-09-23T22:50:02","modified_gmt":"2013-09-23T22:50:02","slug":"pagina-ejemplo","status":"publish","type":"page","link":"https:\/\/estudiosgenealogicos.org\/yolangulo\/pagina-ejemplo\/","title":{"rendered":"Semblanza"},"content":{"rendered":"<p><strong><a href=\"http:\/\/estudiosgenealogicos.org\/yolangulo\/files\/2012\/12\/Painting_reproduction_Monet_The_Artist_Garden_at_Giverny.jpg\"><img loading=\"lazy\" decoding=\"async\" class=\"aligncenter size-full wp-image-81\" src=\"http:\/\/estudiosgenealogicos.org\/yolangulo\/files\/2012\/12\/Painting_reproduction_Monet_The_Artist_Garden_at_Giverny.jpg\" alt=\"\" width=\"600\" height=\"418\" srcset=\"https:\/\/estudiosgenealogicos.org\/yolangulo\/files\/2012\/12\/Painting_reproduction_Monet_The_Artist_Garden_at_Giverny.jpg 600w, https:\/\/estudiosgenealogicos.org\/yolangulo\/files\/2012\/12\/Painting_reproduction_Monet_The_Artist_Garden_at_Giverny-300x209.jpg 300w, https:\/\/estudiosgenealogicos.org\/yolangulo\/files\/2012\/12\/Painting_reproduction_Monet_The_Artist_Garden_at_Giverny-430x300.jpg 430w\" sizes=\"auto, (max-width: 600px) 100vw, 600px\" \/><\/a>Yolanda Angulo Parra<\/strong><\/p>\n<h2><strong>Semblanza<\/strong><\/h2>\n<p>Yolanda Angulo Parra, originaria de Cd. Ju\u00e1rez, Chih., curs\u00f3 sus estudios de licenciatura, maestr\u00eda y doctorado en Filosof\u00eda en la Universidad Nacional Aut\u00f3noma de M\u00e9xico. Actualmente es fundadora y Directora General del Centro de Estudios Geneal\u00f3gicos para la investigaci\u00f3n de la cultura en M\u00e9xico y Am\u00e9rica Latina, A. C., e imparte c\u00e1tedra en la Facultad de Filosof\u00eda y Letras de la Universidad Nacional Aut\u00f3noma de M\u00e9xico.<\/p>\n<p>Ha impartido c\u00e1tedra en diversas instituciones de nivel superior del pa\u00eds,\u00a0como tiempo completo,\u00a0profesora de asignatura o profesor visitante, en: Universidad Nacional Aut\u00f3noma de M\u00e9xico; \u00a0Benem\u00e9rita Universidad Aut\u00f3noma de Puebla, Universidad Aut\u00f3noma\u00a0de Tlaxcala, Universidad Aut\u00f3noma de Cd. Ju\u00e1rez, Centro Universitario Anglo Espa\u00f1ol (convenio con La Salle), Universidad del Tepeyac, Instituto Franciscano de Filosof\u00eda y Teolog\u00eda.<\/p>\n<p>Su inter\u00e9s filos\u00f3fico se centra en la \u00e9tica y la filosof\u00eda pr\u00e1ctica, materias sobre las cuales ha impartido cursos, seminarios, diplomados, dictado conferencias y presentado ponencias en Congresos Nacionales e Internacionales.\u00a0Interesada en la investigaci\u00f3n y difusi\u00f3n de la filosof\u00eda, orientada a lo que\u00a0 Pierre Hadot llam\u00f3 \u201cla filosof\u00eda como forma de vida\u201d, en 2004 fund\u00f3 el \u201cCentro de Estudios Geneal\u00f3gicos, para la investigaci\u00f3n de la cultura en M\u00e9xico y Am\u00e9rica Latina (CEGE)\u201d, del cual es directora hasta la fecha.<\/p>\n<p>El producto de sus investigaciones se ha plasmado en la publicaci\u00f3n de varios libros, entre ellos <em>\u00c9tica para Bachillerato, \u00c9tica y valores 1, \u00c9tica y valores 2<\/em>, <em>Soy libre y responsable <\/em>y<em> Filosof\u00eda<\/em>, publicados en Editorial Santillana M\u00e9xico, as\u00ed como en m\u00faltiples cap\u00edtulos incluidos en libros,\u00a0art\u00edculos y traducciones publicados en libros y revistas especializadas.<\/p>\n<p>Pertenece a\u00a0la Asociaci\u00f3n Filos\u00f3fica de M\u00e9xico, es miembro del Scientific Committee of the Philosophical of Engeneering and Artifacts in the Digital Era, miembro\u00a0 del consejo editorial de la revista <em>Philosophical Reflextions<\/em>, de la Universidad de Volgogrado, miembro del consejo editorial de la revista <em>Intersticios<\/em> de la Universidad Panemericana. Ha recibido\u00a0distinciones, entre ellas reconocimiento a la trayectoria en la UNAM,\u00a0 el Premio Carol Wojtyla a la investigaci\u00f3n por la Universidad del Tepeyac y Profesor Em\u00e9rito de la Universidad La Salle.<\/p>\n<p><strong>\u00a0<\/strong><\/p>\n<p>&nbsp;<\/p>\n","protected":false},"excerpt":{"rendered":"<p>Yolanda Angulo Parra Semblanza Yolanda Angulo Parra, originaria de Cd. Ju\u00e1rez, Chih., curs\u00f3 sus estudios de licenciatura, maestr\u00eda y doctorado en Filosof\u00eda en la Universidad Nacional Aut\u00f3noma de M\u00e9xico. Actualmente es fundadora y Directora General del Centro de Estudios Geneal\u00f3gicos &hellip; <a href=\"https:\/\/estudiosgenealogicos.org\/yolangulo\/pagina-ejemplo\/\">Sigue leyendo <span class=\"meta-nav\">&rarr;<\/span><\/a><\/p>\n","protected":false},"author":22,"featured_media":81,"parent":0,"menu_order":0,"comment_status":"open","ping_status":"open","template":"","meta":{"_bbp_topic_count":0,"_bbp_reply_count":0,"_bbp_total_topic_count":0,"_bbp_total_reply_count":0,"_bbp_voice_count":0,"_bbp_anonymous_reply_count":0,"_bbp_topic_count_hidden":0,"_bbp_reply_count_hidden":0,"_bbp_forum_subforum_count":0,"footnotes":""},"class_list":["post-2","page","type-page","status-publish","has-post-thumbnail","hentry"],"_links":{"self":[{"href":"https:\/\/estudiosgenealogicos.org\/yolangulo\/wp-json\/wp\/v2\/pages\/2","targetHints":{"allow":["GET"]}}],"collection":[{"href":"https:\/\/estudiosgenealogicos.org\/yolangulo\/wp-json\/wp\/v2\/pages"}],"about":[{"href":"https:\/\/estudiosgenealogicos.org\/yolangulo\/wp-json\/wp\/v2\/types\/page"}],"author":[{"embeddable":true,"href":"https:\/\/estudiosgenealogicos.org\/yolangulo\/wp-json\/wp\/v2\/users\/22"}],"replies":[{"embeddable":true,"href":"https:\/\/estudiosgenealogicos.org\/yolangulo\/wp-json\/wp\/v2\/comments?post=2"}],"version-history":[{"count":6,"href":"https:\/\/estudiosgenealogicos.org\/yolangulo\/wp-json\/wp\/v2\/pages\/2\/revisions"}],"predecessor-version":[{"id":13,"href":"https:\/\/estudiosgenealogicos.org\/yolangulo\/wp-json\/wp\/v2\/pages\/2\/revisions\/13"}],"wp:featuredmedia":[{"embeddable":true,"href":"https:\/\/estudiosgenealogicos.org\/yolangulo\/wp-json\/wp\/v2\/media\/81"}],"wp:attachment":[{"href":"https:\/\/estudiosgenealogicos.org\/yolangulo\/wp-json\/wp\/v2\/media?parent=2"}],"curies":[{"name":"wp","href":"https:\/\/api.w.org\/{rel}","templated":true}]}}