{"id":6,"date":"2012-12-08T20:19:29","date_gmt":"2012-12-08T20:19:29","guid":{"rendered":"http:\/\/estudiosgenealogicos.org\/yolangulo\/?page_id=6"},"modified":"2012-12-08T22:08:50","modified_gmt":"2012-12-08T22:08:50","slug":"publicaciones","status":"publish","type":"page","link":"https:\/\/estudiosgenealogicos.org\/yolangulo\/publicaciones\/","title":{"rendered":"Publicaciones"},"content":{"rendered":"<p><strong>LIBROS<\/strong><\/p>\n<p><strong><em>El humanismo en el umbral del tercer milenio <\/em><\/strong>(Coordinadora), Santillana, M\u00e9xico, 2000.<\/p>\n<p><strong><em>\u00c9tica para Bachillerato<\/em><\/strong>, Editorial Santillana, M\u00e9xico, 2000. (coautor: Mauricio Lugo)<\/p>\n<p><strong><em>\u00c9tica y valores 1<\/em><\/strong>: Editorial Santillana, M\u00e9xico, 2002.<\/p>\n<p><strong><em>\u00c9tica y valores 2<\/em><\/strong>: Editorial Santillana, M\u00e9xico, 2004.<\/p>\n<p><strong><em>Soy libre y responsable<\/em><\/strong>, Editorial Santillana, M\u00e9xico, 2006. (coautoras: Blanca Estela Guti\u00e9rrez Barba y Josefina D\u00edaz Infante)<\/p>\n<p><strong><em>Soy libre y responsable, gu\u00eda del docente<\/em><\/strong>, Editorial Santillana, M\u00e9xico, 2007. (coautoras: Blanca Estela Guti\u00e9rrez Barba y Josefina D\u00edaz Infante)<\/p>\n<p><strong><em>Soy libre y responsable, gu\u00eda de padres<\/em><\/strong>, Editorial Santillana, M\u00e9xico, 2007. (coautoras: Blanca Estela Guti\u00e9rrez Barba y Josefina D\u00edaz Infante)<\/p>\n<p><strong><em>Filosof\u00eda<\/em><\/strong>, Editorial Santillana, M\u00e9xico, 2007.<\/p>\n<p><strong><em>Folleto para la ense\u00f1anza de las ciencias sociales<\/em><\/strong>, Editorial Santillana, M\u00e9xico, 2009.<\/p>\n<p><strong><em>\u00c9tica y valores 1<\/em>. <em>Enfoque por competencias<\/em><\/strong>, Editorial Santillana, M\u00e9xico, 2009.<\/p>\n<p><strong><em>\u00c9tica y valores 2. Enfoque por competencias<\/em><\/strong>, Editorial Santillana, M\u00e9xico, 2010.<\/p>\n<p><strong><em>\u00c9tica para bachillerato, segunda edici\u00f3n revisada<\/em><\/strong>, Editorial Santillana, M\u00e9xico, 2010.<\/p>\n<p><strong><em>Filosof\u00eda<\/em>, Enfoque por competencias<\/strong>, Editorial Santillana, M\u00e9xico, 2011. (coautores: Rom\u00e1n Su\u00e1rez Galicia y V\u00edctor Alejandro Polanco Fr\u00edas)<\/p>\n<p>&nbsp;<\/p>\n<p><strong>CAP\u00cdTULOS Y ART\u00cdCULOS EN LIBROS<\/strong><\/p>\n<p><strong>\u201cAlgunos aspectos de la pragm\u00e1tica trascendental\u201d<\/strong>, en <em>Di\u00e1logo filos\u00f3fico Norte-Sur: Debate en torno a la \u00e9tica del discurso de Karl-Otto Apel desde Am\u00e9rica Latina<\/em>, Enrique Dussel, compilador [Dussel, 1994], Siglo XXI Editores, M\u00e9xico, 1994.<\/p>\n<p><strong>\u201cHumanismo, antihumanismo y utop\u00eda\u201d<\/strong>, en Yolanda ANGULO (coordinadora),\u00a0<em>El humanismo en el umbral del tercer milenio<\/em>, Santillana, M\u00e9xico, 2000.<\/p>\n<p><strong>\u201cEros y la filosof\u00eda de la liberaci\u00f3n de Enrique Dussel\u201d<\/strong>, en <em>Homenaje a Enrique Dussel<\/em>, UACM, M\u00e9xico, 2005.<\/p>\n<p><strong>\u201cLatin America Between Horror and Beauty: A Critical Approach to the Effects of Globalization\u201d<\/strong>, en<em>: Re-ethnicizing the Minds? Cultural Revival in Contemporary Thought<\/em>, Botz-Bornstein, Thorsten and J\u00fcrgen Hengelbrock (Eds.), Rodopi, Amsterdam\/New York, NY, 2005.<\/p>\n<p><strong>\u201cGraciela Hierro y la perspectiva de g\u00e9nero\u201d<\/strong>, en:<em> Homenaje a fil\u00f3sofas desaparecidas<\/em>, Memorias del XIII Congreso Nacional de Filosof\u00eda, 2006.<\/p>\n<p><strong>\u201cPr\u00e1cticas discursivas y juegos de poder\u201d<\/strong>, en: Memorias del I Seminario Internacional de Filosof\u00eda, Pol\u00edtica y Cultura del Barroco, II Congreso Internacional sobre Procesos Culturales en M\u00e9xico: Cultura Novohispana, 2007.<\/p>\n<p><strong>\u201cValores\u201d<\/strong>, en <em>Orientaci\u00f3n vocacional<\/em>, Editorial Santillana, M\u00e9xico, 2007.<\/p>\n<p><strong>\u201cEmerging Subjects in the Globalization Era\u201d<\/strong>, <em>Proceedings of the 4th International Conference<\/em>, Vol. 1, Volgograd State University, Volgograd, Moscow, 2007.<\/p>\n<p><strong>\u201cFilosof\u00eda terap\u00e9utica: un plan piloto para las mujeres presas en el CERESO de Cd. Ju\u00e1rez\u201d<\/strong>, en: <em>El Saber filos\u00f3fico, Vol. 2 Sociedad y Ciencia<\/em>, Asociaci\u00f3n Filos\u00f3fica de M\u00e9xico y Siglo XXI Editores, 2007.<\/p>\n<p><strong>\u201cWomen in Confinement: brief notes on a Genealogy of Prison\u201d<\/strong>, <em>Proceedings of the Congress on Confinement<\/em>, Omsk, Russia, 2007.<\/p>\n<p><strong>\u201cPower Relations, Forms of Female Subjectivity and Resistance\u201d<\/strong>, in: <em>The Human Being in Contemporary Philosophical Conceptions<\/em>, Edited by Nikolay Omelchenko, Cambridge Scholars Publishing, Newcastle upon Tyne, 2009.<\/p>\n<p><strong>\u201cEthical Concepts, Values and Strategies Relevant to R2P\u201d<\/strong>, in: <em>Ending Mass Atrocities: Echoes from the South<\/em>, Routlege, London, 2011.<\/p>\n","protected":false},"excerpt":{"rendered":"<p>LIBROS El humanismo en el umbral del tercer milenio (Coordinadora), Santillana, M\u00e9xico, 2000. \u00c9tica para Bachillerato, Editorial Santillana, M\u00e9xico, 2000. (coautor: Mauricio Lugo) \u00c9tica y valores 1: Editorial Santillana, M\u00e9xico, 2002. \u00c9tica y valores 2: Editorial Santillana, M\u00e9xico, 2004. Soy &hellip; <a href=\"https:\/\/estudiosgenealogicos.org\/yolangulo\/publicaciones\/\">Sigue leyendo <span class=\"meta-nav\">&rarr;<\/span><\/a><\/p>\n","protected":false},"author":22,"featured_media":0,"parent":0,"menu_order":0,"comment_status":"open","ping_status":"open","template":"","meta":{"_bbp_topic_count":0,"_bbp_reply_count":0,"_bbp_total_topic_count":0,"_bbp_total_reply_count":0,"_bbp_voice_count":0,"_bbp_anonymous_reply_count":0,"_bbp_topic_count_hidden":0,"_bbp_reply_count_hidden":0,"_bbp_forum_subforum_count":0,"footnotes":""},"class_list":["post-6","page","type-page","status-publish","hentry"],"_links":{"self":[{"href":"https:\/\/estudiosgenealogicos.org\/yolangulo\/wp-json\/wp\/v2\/pages\/6","targetHints":{"allow":["GET"]}}],"collection":[{"href":"https:\/\/estudiosgenealogicos.org\/yolangulo\/wp-json\/wp\/v2\/pages"}],"about":[{"href":"https:\/\/estudiosgenealogicos.org\/yolangulo\/wp-json\/wp\/v2\/types\/page"}],"author":[{"embeddable":true,"href":"https:\/\/estudiosgenealogicos.org\/yolangulo\/wp-json\/wp\/v2\/users\/22"}],"replies":[{"embeddable":true,"href":"https:\/\/estudiosgenealogicos.org\/yolangulo\/wp-json\/wp\/v2\/comments?post=6"}],"version-history":[{"count":8,"href":"https:\/\/estudiosgenealogicos.org\/yolangulo\/wp-json\/wp\/v2\/pages\/6\/revisions"}],"predecessor-version":[{"id":8,"href":"https:\/\/estudiosgenealogicos.org\/yolangulo\/wp-json\/wp\/v2\/pages\/6\/revisions\/8"}],"wp:attachment":[{"href":"https:\/\/estudiosgenealogicos.org\/yolangulo\/wp-json\/wp\/v2\/media?parent=6"}],"curies":[{"name":"wp","href":"https:\/\/api.w.org\/{rel}","templated":true}]}}